{"id":10023,"date":"2024-10-15T22:02:13","date_gmt":"2024-10-15T22:02:13","guid":{"rendered":"https:\/\/circular-iq.com\/karriere\/"},"modified":"2024-11-17T01:57:45","modified_gmt":"2024-11-17T01:57:45","slug":"karriere","status":"publish","type":"page","link":"https:\/\/circular-iq.com\/de\/karriere\/","title":{"rendered":"Karriere"},"content":{"rendered":"\t\t<div data-elementor-type=\"wp-page\" data-elementor-id=\"10023\" class=\"elementor elementor-10023 elementor-9023\" data-elementor-post-type=\"page\">\n\t\t\t\t<div class=\"elementor-element elementor-element-ab2b5c1 e-flex e-con-boxed e-con e-parent\" data-id=\"ab2b5c1\" data-element_type=\"container\" data-e-type=\"container\" data-settings=\"{&quot;background_background&quot;:&quot;classic&quot;}\">\n\t\t\t\t\t<div class=\"e-con-inner\">\n\t\t\t\t<div class=\"elementor-element elementor-element-0d449a2 mas-addons-sticky-no elementor-widget elementor-widget-heading\" data-id=\"0d449a2\" data-element_type=\"widget\" data-e-type=\"widget\" data-settings=\"{&quot;mas_addons_sticky&quot;:&quot;no&quot;}\" data-widget_type=\"heading.default\">\n\t\t\t\t<div class=\"elementor-widget-container\">\n\t\t\t\t\t<h1 class=\"elementor-heading-title elementor-size-default\">Circular IQ Karrieren<\/h1>\t\t\t\t<\/div>\n\t\t\t\t<\/div>\n\t\t\t\t<div class=\"elementor-element elementor-element-f9a71cb elementor-widget__width-initial mas-addons-sticky-no elementor-widget elementor-widget-heading\" data-id=\"f9a71cb\" data-element_type=\"widget\" data-e-type=\"widget\" data-settings=\"{&quot;mas_addons_sticky&quot;:&quot;no&quot;}\" data-widget_type=\"heading.default\">\n\t\t\t\t<div class=\"elementor-widget-container\">\n\t\t\t\t\t<span class=\"elementor-heading-title elementor-size-default\">Wir unterst\u00fctzen Unternehmen auf der ganzen Welt bei der Umstellung auf die Kreislaufwirtschaft und beim Erreichen k\u00fchner Nachhaltigkeitsziele.\nMachen Sie mit und werden Sie ein Kreislaufheld!<\/span>\t\t\t\t<\/div>\n\t\t\t\t<\/div>\n\t\t\t\t\t<\/div>\n\t\t\t\t<\/div>\n\t\t<div class=\"elementor-element elementor-element-4a70a8d e-flex e-con-boxed e-con e-parent\" data-id=\"4a70a8d\" data-element_type=\"container\" data-e-type=\"container\">\n\t\t\t\t\t<div class=\"e-con-inner\">\n\t\t<div class=\"elementor-element elementor-element-82656a2 e-con-full elementor-hidden-mobile e-flex e-con e-child\" data-id=\"82656a2\" data-element_type=\"container\" data-e-type=\"container\">\n\t\t\t\t<div class=\"elementor-element elementor-element-d9ca8c5 mas-addons-sticky-no elementor-widget elementor-widget-image\" data-id=\"d9ca8c5\" data-element_type=\"widget\" data-e-type=\"widget\" data-settings=\"{&quot;mas_addons_sticky&quot;:&quot;no&quot;}\" data-widget_type=\"image.default\">\n\t\t\t\t<div class=\"elementor-widget-container\">\n\t\t\t\t\t\t\t\t\t\t\t\t\t\t\t<img fetchpriority=\"high\" decoding=\"async\" width=\"561\" height=\"200\" src=\"https:\/\/circular-iq.com\/wp-content\/uploads\/2024\/06\/Logo@2x.png\" class=\"attachment-large size-large wp-image-9619\" alt=\"\" srcset=\"https:\/\/circular-iq.com\/wp-content\/uploads\/2024\/06\/Logo@2x.png 561w, https:\/\/circular-iq.com\/wp-content\/uploads\/2024\/06\/Logo@2x-300x107.png 300w\" sizes=\"(max-width: 561px) 100vw, 561px\" \/>\t\t\t\t\t\t\t\t\t\t\t\t\t\t\t<\/div>\n\t\t\t\t<\/div>\n\t\t\t\t<\/div>\n\t\t<div class=\"elementor-element elementor-element-128a53b e-con-full e-flex e-con e-child\" data-id=\"128a53b\" data-element_type=\"container\" data-e-type=\"container\">\n\t\t\t\t<div class=\"elementor-element elementor-element-e51ba97 mas-addons-sticky-no elementor-widget elementor-widget-heading\" data-id=\"e51ba97\" data-element_type=\"widget\" data-e-type=\"widget\" data-settings=\"{&quot;mas_addons_sticky&quot;:&quot;no&quot;}\" data-widget_type=\"heading.default\">\n\t\t\t\t<div class=\"elementor-widget-container\">\n\t\t\t\t\t<h2 class=\"elementor-heading-title elementor-size-default\">\u00dcber uns<\/h2>\t\t\t\t<\/div>\n\t\t\t\t<\/div>\n\t\t\t\t<div class=\"elementor-element elementor-element-99f2d43 mas-addons-sticky-no elementor-widget elementor-widget-text-editor\" data-id=\"99f2d43\" data-element_type=\"widget\" data-e-type=\"widget\" data-settings=\"{&quot;mas_addons_sticky&quot;:&quot;no&quot;}\" data-widget_type=\"text-editor.default\">\n\t\t\t\t<div class=\"elementor-widget-container\">\n\t\t\t\t\t\t\t\t\t<p>Wir sind ein niederl\u00e4ndisches Startup mit einem internationalen und gemischten Team von Helden der Kreislaufwirtschaft, das digitale Tools entwickelt, die Unternehmen auf der ganzen Welt bei der Umstellung auf die Kreislaufwirtschaft helfen. Unsere Aufgabe ist es, Unternehmen dabei zu unterst\u00fctzen, ihre Kreislaufleistung zu messen, zu verbessern und dar\u00fcber zu berichten und ihre Nachhaltigkeitsversprechen mit datengest\u00fctzten Analysen zu erf\u00fcllen. Wir helfen ihnen, die Kreislaufwirtschaft in ihrem Unternehmen zu verankern und ihre Lieferkette zu aktivieren, um ihren positiven Einfluss auf den Planeten zu erh\u00f6hen!  <\/p>\n\t\t\t\t\t\t\t\t<\/div>\n\t\t\t\t<\/div>\n\t\t\t\t<\/div>\n\t\t\t\t\t<\/div>\n\t\t\t\t<\/div>\n\t\t<div class=\"elementor-element elementor-element-26598ad e-flex e-con-boxed e-con e-parent\" data-id=\"26598ad\" data-element_type=\"container\" data-e-type=\"container\" data-settings=\"{&quot;background_background&quot;:&quot;classic&quot;}\">\n\t\t\t\t\t<div class=\"e-con-inner\">\n\t\t\t\t<div class=\"elementor-element elementor-element-a81e4c4 elementor-widget-mobile__width-inherit mas-addons-sticky-no elementor-widget elementor-widget-heading\" data-id=\"a81e4c4\" data-element_type=\"widget\" data-e-type=\"widget\" data-settings=\"{&quot;mas_addons_sticky&quot;:&quot;no&quot;}\" data-widget_type=\"heading.default\">\n\t\t\t\t<div class=\"elementor-widget-container\">\n\t\t\t\t\t<h2 class=\"elementor-heading-title elementor-size-default\">Unsere Partner<\/h2>\t\t\t\t<\/div>\n\t\t\t\t<\/div>\n\t\t\t\t<div class=\"elementor-element elementor-element-125db1b elementor-widget__width-initial mas-addons-sticky-no elementor-widget elementor-widget-heading\" data-id=\"125db1b\" data-element_type=\"widget\" data-e-type=\"widget\" data-settings=\"{&quot;mas_addons_sticky&quot;:&quot;no&quot;}\" data-widget_type=\"heading.default\">\n\t\t\t\t<div class=\"elementor-widget-container\">\n\t\t\t\t\t<span class=\"elementor-heading-title elementor-size-default\">Wir glauben, dass Zusammenarbeit den Wandel vorantreibt!<\/span>\t\t\t\t<\/div>\n\t\t\t\t<\/div>\n\t\t\t\t<div class=\"elementor-element elementor-element-a01576d elementor-widget__width-initial mas-addons-sticky-no elementor-widget elementor-widget-text-editor\" data-id=\"a01576d\" data-element_type=\"widget\" data-e-type=\"widget\" data-settings=\"{&quot;mas_addons_sticky&quot;:&quot;no&quot;}\" data-widget_type=\"text-editor.default\">\n\t\t\t\t<div class=\"elementor-widget-container\">\n\t\t\t\t\t\t\t\t\t<p>Deshalb sind wir stolz darauf, mit gleichgesinnten Vorreitern der Kreislaufwirtschaft zusammenzuarbeiten, um den \u00dcbergang zu einer restaurativen Kreislaufwirtschaft zu beschleunigen.<\/p>\n\t\t\t\t\t\t\t\t<\/div>\n\t\t\t\t<\/div>\n\t\t\t\t<div class=\"elementor-element elementor-element-a5e5b8f elementor-widget-mobile__width-inherit elementor-pagination-position-outside mas-addons-sticky-no elementor-widget elementor-widget-image-carousel\" data-id=\"a5e5b8f\" data-element_type=\"widget\" data-e-type=\"widget\" data-settings=\"{&quot;slides_to_show&quot;:&quot;7&quot;,&quot;navigation&quot;:&quot;dots&quot;,&quot;autoplay_speed&quot;:3000,&quot;slides_to_show_mobile&quot;:&quot;3&quot;,&quot;image_spacing_custom_mobile&quot;:{&quot;unit&quot;:&quot;px&quot;,&quot;size&quot;:20,&quot;sizes&quot;:[]},&quot;autoplay&quot;:&quot;yes&quot;,&quot;pause_on_hover&quot;:&quot;yes&quot;,&quot;pause_on_interaction&quot;:&quot;yes&quot;,&quot;infinite&quot;:&quot;yes&quot;,&quot;speed&quot;:500,&quot;image_spacing_custom&quot;:{&quot;unit&quot;:&quot;px&quot;,&quot;size&quot;:20,&quot;sizes&quot;:[]},&quot;image_spacing_custom_tablet&quot;:{&quot;unit&quot;:&quot;px&quot;,&quot;size&quot;:&quot;&quot;,&quot;sizes&quot;:[]},&quot;mas_addons_sticky&quot;:&quot;no&quot;}\" data-widget_type=\"image-carousel.default\">\n\t\t\t\t<div class=\"elementor-widget-container\">\n\t\t\t\t\t\t\t<div class=\"elementor-image-carousel-wrapper swiper\" role=\"region\" aria-roledescription=\"carousel\" aria-label=\"Bild Karussell\" dir=\"ltr\">\n\t\t\t<div class=\"elementor-image-carousel swiper-wrapper\" aria-live=\"off\">\n\t\t\t\t\t\t\t\t<div class=\"swiper-slide\" role=\"group\" aria-roledescription=\"slide\" aria-label=\"1 von 15\"><figure class=\"swiper-slide-inner\"><img decoding=\"async\" class=\"swiper-slide-image\" src=\"https:\/\/circular-iq.com\/wp-content\/uploads\/2024\/06\/1_Microsoft.webp\" alt=\"1_Microsoft\" \/><\/figure><\/div><div class=\"swiper-slide\" role=\"group\" aria-roledescription=\"slide\" aria-label=\"2 von 15\"><figure class=\"swiper-slide-inner\"><img decoding=\"async\" class=\"swiper-slide-image\" src=\"https:\/\/circular-iq.com\/wp-content\/uploads\/2024\/06\/2_Action.webp\" alt=\"2_Action\" \/><\/figure><\/div><div class=\"swiper-slide\" role=\"group\" aria-roledescription=\"slide\" aria-label=\"3 von 15\"><figure class=\"swiper-slide-inner\"><img decoding=\"async\" class=\"swiper-slide-image\" src=\"https:\/\/circular-iq.com\/wp-content\/uploads\/2024\/07\/Sony.png\" alt=\"Sony\" \/><\/figure><\/div><div class=\"swiper-slide\" role=\"group\" aria-roledescription=\"slide\" aria-label=\"4 von 15\"><figure class=\"swiper-slide-inner\"><img decoding=\"async\" class=\"swiper-slide-image\" src=\"https:\/\/circular-iq.com\/wp-content\/uploads\/2024\/06\/4_DB.webp\" alt=\"4_DB\" \/><\/figure><\/div><div class=\"swiper-slide\" role=\"group\" aria-roledescription=\"slide\" aria-label=\"5 von 15\"><figure class=\"swiper-slide-inner\"><img decoding=\"async\" class=\"swiper-slide-image\" src=\"https:\/\/circular-iq.com\/wp-content\/uploads\/2024\/06\/9_NS.webp\" alt=\"9_NS\" \/><\/figure><\/div><div class=\"swiper-slide\" role=\"group\" aria-roledescription=\"slide\" aria-label=\"6 von 15\"><figure class=\"swiper-slide-inner\"><img decoding=\"async\" class=\"swiper-slide-image\" src=\"https:\/\/circular-iq.com\/wp-content\/uploads\/2024\/06\/Aptar.webp\" alt=\"Aptar\" \/><\/figure><\/div><div class=\"swiper-slide\" role=\"group\" aria-roledescription=\"slide\" aria-label=\"7 von 15\"><figure class=\"swiper-slide-inner\"><img decoding=\"async\" class=\"swiper-slide-image\" src=\"https:\/\/circular-iq.com\/wp-content\/uploads\/2024\/07\/BritishTelecom.png\" alt=\"BritishTelecom\" \/><\/figure><\/div><div class=\"swiper-slide\" role=\"group\" aria-roledescription=\"slide\" aria-label=\"8 von 15\"><figure class=\"swiper-slide-inner\"><img decoding=\"async\" class=\"swiper-slide-image\" src=\"https:\/\/circular-iq.com\/wp-content\/uploads\/2024\/06\/BP.webp\" alt=\"BP\" \/><\/figure><\/div><div class=\"swiper-slide\" role=\"group\" aria-roledescription=\"slide\" aria-label=\"9 von 15\"><figure class=\"swiper-slide-inner\"><img decoding=\"async\" class=\"swiper-slide-image\" src=\"https:\/\/circular-iq.com\/wp-content\/uploads\/2024\/06\/Capgemini.webp\" alt=\"Capgemini\" \/><\/figure><\/div><div class=\"swiper-slide\" role=\"group\" aria-roledescription=\"slide\" aria-label=\"1 von 15\"0><figure class=\"swiper-slide-inner\"><img decoding=\"async\" class=\"swiper-slide-image\" src=\"https:\/\/circular-iq.com\/wp-content\/uploads\/2024\/07\/Avient.png\" alt=\"Avient\" \/><\/figure><\/div><div class=\"swiper-slide\" role=\"group\" aria-roledescription=\"slide\" aria-label=\"1 von 15\"1><figure class=\"swiper-slide-inner\"><img decoding=\"async\" class=\"swiper-slide-image\" src=\"https:\/\/circular-iq.com\/wp-content\/uploads\/2024\/07\/Brisa.png\" alt=\"Brisa\" \/><\/figure><\/div><div class=\"swiper-slide\" role=\"group\" aria-roledescription=\"slide\" aria-label=\"1 von 15\"2><figure class=\"swiper-slide-inner\"><img decoding=\"async\" class=\"swiper-slide-image\" src=\"https:\/\/circular-iq.com\/wp-content\/uploads\/2024\/06\/Deloitte.webp\" alt=\"Deloitte\" \/><\/figure><\/div><div class=\"swiper-slide\" role=\"group\" aria-roledescription=\"slide\" aria-label=\"1 von 15\"3><figure class=\"swiper-slide-inner\"><img decoding=\"async\" class=\"swiper-slide-image\" src=\"https:\/\/circular-iq.com\/wp-content\/uploads\/2024\/06\/KPMG.webp\" alt=\"KPMG\" \/><\/figure><\/div><div class=\"swiper-slide\" role=\"group\" aria-roledescription=\"slide\" aria-label=\"1 von 15\"4><figure class=\"swiper-slide-inner\"><img decoding=\"async\" class=\"swiper-slide-image\" src=\"https:\/\/circular-iq.com\/wp-content\/uploads\/2024\/06\/Merk.webp\" alt=\"Merk\" \/><\/figure><\/div><div class=\"swiper-slide\" role=\"group\" aria-roledescription=\"slide\" aria-label=\"1 von 15\"5><figure class=\"swiper-slide-inner\"><img decoding=\"async\" class=\"swiper-slide-image\" src=\"https:\/\/circular-iq.com\/wp-content\/uploads\/2024\/06\/SBB.webp\" alt=\"SBB\" \/><\/figure><\/div>\t\t\t<\/div>\n\t\t\t\t\t\t\t\n\t\t\t\t\t\t\t\t\t<div class=\"swiper-pagination\"><\/div>\n\t\t\t\t\t\t\t\t\t<\/div>\n\t\t\t\t\t\t<\/div>\n\t\t\t\t<\/div>\n\t\t\t\t\t<\/div>\n\t\t\t\t<\/div>\n\t\t<div class=\"elementor-element elementor-element-3ed7575 e-flex e-con-boxed e-con e-parent\" data-id=\"3ed7575\" data-element_type=\"container\" data-e-type=\"container\">\n\t\t\t\t\t<div class=\"e-con-inner\">\n\t\t<div class=\"elementor-element elementor-element-d9443bd e-con-full e-flex e-con e-child\" data-id=\"d9443bd\" data-element_type=\"container\" data-e-type=\"container\" data-settings=\"{&quot;background_background&quot;:&quot;classic&quot;}\">\n\t\t\t\t<div class=\"elementor-element elementor-element-9e37144 elementor-widget__width-inherit elementor-widget-mobile__width-inherit mas-addons-sticky-no elementor-widget elementor-widget-heading\" data-id=\"9e37144\" data-element_type=\"widget\" data-e-type=\"widget\" data-settings=\"{&quot;mas_addons_sticky&quot;:&quot;no&quot;}\" data-widget_type=\"heading.default\">\n\t\t\t\t<div class=\"elementor-widget-container\">\n\t\t\t\t\t<h3 class=\"elementor-heading-title elementor-size-default\">Transparenz<\/h3>\t\t\t\t<\/div>\n\t\t\t\t<\/div>\n\t\t\t\t<div class=\"elementor-element elementor-element-d9dfbe0 elementor-widget__width-initial mas-addons-sticky-no elementor-widget elementor-widget-text-editor\" data-id=\"d9dfbe0\" data-element_type=\"widget\" data-e-type=\"widget\" data-settings=\"{&quot;mas_addons_sticky&quot;:&quot;no&quot;}\" data-widget_type=\"text-editor.default\">\n\t\t\t\t<div class=\"elementor-widget-container\">\n\t\t\t\t\t\t\t\t\t<p>Transparenz f\u00f6rdert das Vertrauen und die Klarheit dar\u00fcber, wie wir miteinander arbeiten und wie wir mit Erwartungen umgehen. Ein transparenter Arbeitsablauf erm\u00f6glicht ein tieferes Verst\u00e4ndnis der Rollen der anderen und der Bereiche, in denen wir Unterst\u00fctzung anbieten k\u00f6nnen, um gesch\u00e4ftliche und kollektive Ziele zu erreichen. Erwarten Sie, dass jeder im Team aktuelle Informationen \u00fcber seine Arbeitsabl\u00e4ufe und Ziele mitteilt und darauf hinweist, wenn Hilfe ben\u00f6tigt wird oder eine Frist nicht eingehalten werden kann.  <\/p>\n\t\t\t\t\t\t\t\t<\/div>\n\t\t\t\t<\/div>\n\t\t\t\t<\/div>\n\t\t<div class=\"elementor-element elementor-element-e37f1a0 e-con-full e-flex e-con e-child\" data-id=\"e37f1a0\" data-element_type=\"container\" data-e-type=\"container\" data-settings=\"{&quot;background_background&quot;:&quot;classic&quot;}\">\n\t\t\t\t<div class=\"elementor-element elementor-element-8686dd9 elementor-widget__width-inherit elementor-widget-mobile__width-inherit mas-addons-sticky-no elementor-widget elementor-widget-heading\" data-id=\"8686dd9\" data-element_type=\"widget\" data-e-type=\"widget\" data-settings=\"{&quot;mas_addons_sticky&quot;:&quot;no&quot;}\" data-widget_type=\"heading.default\">\n\t\t\t\t<div class=\"elementor-widget-container\">\n\t\t\t\t\t<h3 class=\"elementor-heading-title elementor-size-default\">Einf\u00fchlungsverm\u00f6gen<\/h3>\t\t\t\t<\/div>\n\t\t\t\t<\/div>\n\t\t\t\t<div class=\"elementor-element elementor-element-56c85f3 elementor-widget__width-initial mas-addons-sticky-no elementor-widget elementor-widget-text-editor\" data-id=\"56c85f3\" data-element_type=\"widget\" data-e-type=\"widget\" data-settings=\"{&quot;mas_addons_sticky&quot;:&quot;no&quot;}\" data-widget_type=\"text-editor.default\">\n\t\t\t\t<div class=\"elementor-widget-container\">\n\t\t\t\t\t\t\t\t\t<p>Empathie ist der Schl\u00fcssel, um uns gegenseitig zu verstehen und uns in die Lage unserer Kunden und Teamkollegen zu versetzen. Einf\u00fchlungsverm\u00f6gen bedeutet, dass wir uns gegenseitig und den Bed\u00fcrfnissen unserer Kunden zuh\u00f6ren und entsprechend reagieren. Es f\u00f6rdert die Zusammenarbeit und das Engagement innerhalb des Teams, wenn wir wissen, dass wir geh\u00f6rt und unterst\u00fctzt werden. In unserer Branche geht Empathie \u00fcber die interne Teamarbeit hinaus. Sie zeigt uns, wie wir dazu beitragen k\u00f6nnen, Ver\u00e4nderungen voranzutreiben, die sich auf das Leben vieler anderer auswirken.   <\/p>\n\t\t\t\t\t\t\t\t<\/div>\n\t\t\t\t<\/div>\n\t\t\t\t<\/div>\n\t\t<div class=\"elementor-element elementor-element-6c67123 e-con-full e-flex e-con e-child\" data-id=\"6c67123\" data-element_type=\"container\" data-e-type=\"container\" data-settings=\"{&quot;background_background&quot;:&quot;classic&quot;}\">\n\t\t\t\t<div class=\"elementor-element elementor-element-757cba2 elementor-widget__width-inherit elementor-widget-mobile__width-inherit mas-addons-sticky-no elementor-widget elementor-widget-heading\" data-id=\"757cba2\" data-element_type=\"widget\" data-e-type=\"widget\" data-settings=\"{&quot;mas_addons_sticky&quot;:&quot;no&quot;}\" data-widget_type=\"heading.default\">\n\t\t\t\t<div class=\"elementor-widget-container\">\n\t\t\t\t\t<h3 class=\"elementor-heading-title elementor-size-default\">Zusammenarbeit<\/h3>\t\t\t\t<\/div>\n\t\t\t\t<\/div>\n\t\t\t\t<div class=\"elementor-element elementor-element-f14471d elementor-widget__width-initial mas-addons-sticky-no elementor-widget elementor-widget-text-editor\" data-id=\"f14471d\" data-element_type=\"widget\" data-e-type=\"widget\" data-settings=\"{&quot;mas_addons_sticky&quot;:&quot;no&quot;}\" data-widget_type=\"text-editor.default\">\n\t\t\t\t<div class=\"elementor-widget-container\">\n\t\t\t\t\t\t\t\t\t<p>In einem Team, das \u00fcber verschiedene Zeitzonen und Regionen verteilt ist, ist die Zusammenarbeit der Schl\u00fcssel. Die Zusammenarbeit f\u00f6rdert die Transparenz und das Verst\u00e4ndnis der Teammitglieder. Erwarten Sie gute Absichten, Respekt und Einbeziehung in allen Bereichen unseres Gesch\u00e4fts, auch bei der Arbeit mit unseren Kunden. Durch die Zusammenarbeit wird die Kreislaufwirtschaft zu einer leichter zu bew\u00e4ltigenden Herausforderung und die Teamarbeit wird immer inspirierender.   <\/p>\n\t\t\t\t\t\t\t\t<\/div>\n\t\t\t\t<\/div>\n\t\t\t\t<\/div>\n\t\t<div class=\"elementor-element elementor-element-c06cf86 e-con-full e-flex e-con e-child\" data-id=\"c06cf86\" data-element_type=\"container\" data-e-type=\"container\" data-settings=\"{&quot;background_background&quot;:&quot;classic&quot;}\">\n\t\t\t\t<div class=\"elementor-element elementor-element-f622666 elementor-widget__width-inherit elementor-widget-mobile__width-inherit mas-addons-sticky-no elementor-widget elementor-widget-heading\" data-id=\"f622666\" data-element_type=\"widget\" data-e-type=\"widget\" data-settings=\"{&quot;mas_addons_sticky&quot;:&quot;no&quot;}\" data-widget_type=\"heading.default\">\n\t\t\t\t<div class=\"elementor-widget-container\">\n\t\t\t\t\t<h3 class=\"elementor-heading-title elementor-size-default\">Vertrauen Sie<\/h3>\t\t\t\t<\/div>\n\t\t\t\t<\/div>\n\t\t\t\t<div class=\"elementor-element elementor-element-d34383c elementor-widget__width-initial mas-addons-sticky-no elementor-widget elementor-widget-text-editor\" data-id=\"d34383c\" data-element_type=\"widget\" data-e-type=\"widget\" data-settings=\"{&quot;mas_addons_sticky&quot;:&quot;no&quot;}\" data-widget_type=\"text-editor.default\">\n\t\t\t\t<div class=\"elementor-widget-container\">\n\t\t\t\t\t\t\t\t\t<p>Vertrauen ist der Glaube, den wir f\u00fcreinander hegen und pflegen, der uns verl\u00e4sslich und zuversichtlich macht, dass wir zusammenarbeiten k\u00f6nnen. Es erm\u00f6glicht uns eine bessere Zusammenarbeit und schafft Raum f\u00fcr Flexibilit\u00e4t in unseren Arbeitsabl\u00e4ufen. Vertrauen erm\u00f6glicht es uns, einander immer zu helfen, und f\u00f6rdert die Eigenverantwortung, unsere Ziele zu erreichen und die gesch\u00e4ftlichen Anforderungen zu unterst\u00fctzen. In dem Ma\u00dfe, in dem wir Vertrauen aufbauen, k\u00f6nnen wir eine gute Kommunikation pflegen und darauf hinweisen, wenn etwas nicht wie erwartet eintrifft, wie z.B. eine Deadline.   <\/p>\n\t\t\t\t\t\t\t\t<\/div>\n\t\t\t\t<\/div>\n\t\t\t\t<\/div>\n\t\t\t\t\t<\/div>\n\t\t\t\t<\/div>\n\t\t<div class=\"elementor-element elementor-element-83261e4 e-flex e-con-boxed e-con e-parent\" data-id=\"83261e4\" data-element_type=\"container\" data-e-type=\"container\" data-settings=\"{&quot;background_background&quot;:&quot;classic&quot;}\">\n\t\t\t\t\t<div class=\"e-con-inner\">\n\t\t\t\t<div class=\"elementor-element elementor-element-50c4b80 elementor-widget-mobile__width-inherit mas-addons-sticky-no elementor-widget elementor-widget-heading\" data-id=\"50c4b80\" data-element_type=\"widget\" data-e-type=\"widget\" data-settings=\"{&quot;mas_addons_sticky&quot;:&quot;no&quot;}\" data-widget_type=\"heading.default\">\n\t\t\t\t<div class=\"elementor-widget-container\">\n\t\t\t\t\t<h3 class=\"elementor-heading-title elementor-size-default\">Wir sind ein <span style=\"background-color: #7FCCC1;padding: 5px;border-radius: 10px;color:#EFEAE3\">internationales Team<\/span><\/h3>\t\t\t\t<\/div>\n\t\t\t\t<\/div>\n\t\t\t\t<div class=\"elementor-element elementor-element-2724eca elementor-widget__width-initial mas-addons-sticky-no elementor-widget elementor-widget-text-editor\" data-id=\"2724eca\" data-element_type=\"widget\" data-e-type=\"widget\" data-settings=\"{&quot;mas_addons_sticky&quot;:&quot;no&quot;}\" data-widget_type=\"text-editor.default\">\n\t\t\t\t<div class=\"elementor-widget-container\">\n\t\t\t\t\t\t\t\t\t<p>Unser Team spricht viele Sprachen und lebt von Transparenz und Zusammenarbeit. Wir bieten Fernarbeitspl\u00e4tze an, um unseren Teammitgliedern Raum (kein Wortspiel beabsichtigt!) f\u00fcr Flexibilit\u00e4t und Wachstum zu geben. <\/p>\n\t\t\t\t\t\t\t\t<\/div>\n\t\t\t\t<\/div>\n\t\t\t\t\t<\/div>\n\t\t\t\t<\/div>\n\t\t\t\t<\/div>\n\t\t","protected":false},"excerpt":{"rendered":"<p>Circular IQ Karrieren Wir unterst\u00fctzen Unternehmen auf der ganzen Welt bei der Umstellung auf die Kreislaufwirtschaft und beim Erreichen k\u00fchner Nachhaltigkeitsziele. Machen Sie mit und werden Sie ein Kreislaufheld! \u00dcber uns Wir sind ein niederl\u00e4ndisches Startup mit einem internationalen und gemischten Team von Helden der Kreislaufwirtschaft, das digitale Tools entwickelt, die Unternehmen auf der ganzen [&hellip;]<\/p>\n","protected":false},"author":7,"featured_media":0,"parent":0,"menu_order":0,"comment_status":"closed","ping_status":"closed","template":"elementor_header_footer","meta":{"inline_featured_image":false,"two_page_speed":[],"footnotes":""},"class_list":["post-10023","page","type-page","status-publish","hentry"],"acf":[],"_links":{"self":[{"href":"https:\/\/circular-iq.com\/de\/wp-json\/wp\/v2\/pages\/10023","targetHints":{"allow":["GET"]}}],"collection":[{"href":"https:\/\/circular-iq.com\/de\/wp-json\/wp\/v2\/pages"}],"about":[{"href":"https:\/\/circular-iq.com\/de\/wp-json\/wp\/v2\/types\/page"}],"author":[{"embeddable":true,"href":"https:\/\/circular-iq.com\/de\/wp-json\/wp\/v2\/users\/7"}],"replies":[{"embeddable":true,"href":"https:\/\/circular-iq.com\/de\/wp-json\/wp\/v2\/comments?post=10023"}],"version-history":[{"count":0,"href":"https:\/\/circular-iq.com\/de\/wp-json\/wp\/v2\/pages\/10023\/revisions"}],"wp:attachment":[{"href":"https:\/\/circular-iq.com\/de\/wp-json\/wp\/v2\/media?parent=10023"}],"curies":[{"name":"wp","href":"https:\/\/api.w.org\/{rel}","templated":true}]}}