{"id":11215,"date":"2024-09-30T01:11:57","date_gmt":"2024-09-30T01:11:57","guid":{"rendered":"https:\/\/circular-iq.com\/erklaerung-zum-datenschutz\/"},"modified":"2024-11-17T02:02:44","modified_gmt":"2024-11-17T02:02:44","slug":"erklaerung-zum-datenschutz","status":"publish","type":"page","link":"https:\/\/circular-iq.com\/de\/erklaerung-zum-datenschutz\/","title":{"rendered":"Erkl\u00e4rung zum Datenschutz"},"content":{"rendered":"\t\t<div data-elementor-type=\"wp-page\" data-elementor-id=\"11215\" class=\"elementor elementor-11215 elementor-8862\" data-elementor-post-type=\"page\">\n\t\t\t\t<div class=\"elementor-element elementor-element-1c82a53 e-flex e-con-boxed e-con e-parent\" data-id=\"1c82a53\" data-element_type=\"container\" data-e-type=\"container\" data-settings=\"{&quot;background_background&quot;:&quot;classic&quot;}\">\n\t\t\t\t\t<div class=\"e-con-inner\">\n\t\t\t\t<div class=\"elementor-element elementor-element-13f462f mas-addons-sticky-no elementor-widget elementor-widget-heading\" data-id=\"13f462f\" data-element_type=\"widget\" data-e-type=\"widget\" data-settings=\"{&quot;mas_addons_sticky&quot;:&quot;no&quot;}\" data-widget_type=\"heading.default\">\n\t\t\t\t<div class=\"elementor-widget-container\">\n\t\t\t\t\t<h1 class=\"elementor-heading-title elementor-size-default\">Erkl\u00e4rung zum Datenschutz<\/h1>\t\t\t\t<\/div>\n\t\t\t\t<\/div>\n\t\t\t\t<div class=\"elementor-element elementor-element-28b1f45 mas-addons-sticky-no elementor-widget elementor-widget-heading\" data-id=\"28b1f45\" data-element_type=\"widget\" data-e-type=\"widget\" data-settings=\"{&quot;mas_addons_sticky&quot;:&quot;no&quot;}\" data-widget_type=\"heading.default\">\n\t\t\t\t<div class=\"elementor-widget-container\">\n\t\t\t\t\t<span class=\"elementor-heading-title elementor-size-default\">Ihre Privatsph\u00e4re ist f\u00fcr uns von entscheidender Bedeutung.<\/span>\t\t\t\t<\/div>\n\t\t\t\t<\/div>\n\t\t\t\t\t<\/div>\n\t\t\t\t<\/div>\n\t\t<div class=\"elementor-element elementor-element-e786e1c e-flex e-con-boxed e-con e-parent\" data-id=\"e786e1c\" data-element_type=\"container\" data-e-type=\"container\">\n\t\t\t\t\t<div class=\"e-con-inner\">\n\t\t\t\t<div class=\"elementor-element elementor-element-3697590 mas-addons-sticky-no elementor-widget elementor-widget-heading\" data-id=\"3697590\" data-element_type=\"widget\" data-e-type=\"widget\" data-settings=\"{&quot;mas_addons_sticky&quot;:&quot;no&quot;}\" data-widget_type=\"heading.default\">\n\t\t\t\t<div class=\"elementor-widget-container\">\n\t\t\t\t\t<span class=\"elementor-heading-title elementor-size-default\">Der Circular IQ befindet sich in:<\/span>\t\t\t\t<\/div>\n\t\t\t\t<\/div>\n\t\t\t\t<div class=\"elementor-element elementor-element-c5f9e92 mas-addons-sticky-no elementor-widget elementor-widget-text-editor\" data-id=\"c5f9e92\" data-element_type=\"widget\" data-e-type=\"widget\" data-settings=\"{&quot;mas_addons_sticky&quot;:&quot;no&quot;}\" data-widget_type=\"text-editor.default\">\n\t\t\t\t<div class=\"elementor-widget-container\">\n\t\t\t\t\t\t\t\t\t<p>Circular IQ B.V.<br \/>Mauritskade 64<br \/>1092 AD, Amsterdam,<br \/>Die Niederlande<\/p>\n\t\t\t\t\t\t\t\t<\/div>\n\t\t\t\t<\/div>\n\t\t\t\t<div class=\"elementor-element elementor-element-0b3892a mas-addons-sticky-no elementor-widget elementor-widget-text-editor\" data-id=\"0b3892a\" data-element_type=\"widget\" data-e-type=\"widget\" data-settings=\"{&quot;mas_addons_sticky&quot;:&quot;no&quot;}\" data-widget_type=\"text-editor.default\">\n\t\t\t\t<div class=\"elementor-widget-container\">\n\t\t\t\t\t\t\t\t\t<p>Es ist die Politik von Circular IQ, Ihre Privatsph\u00e4re in Bezug auf alle Informationen zu respektieren, die wir beim Betrieb unserer Website sammeln. Diese Datenschutzrichtlinie gilt f\u00fcr <a href=\"https:\/\/circular-iq.com\/de\/\">https:\/\/circular-iq.com\/<\/a> (im Folgenden &#8220;<b>wir<\/b>&#8220;, &#8220;<b>wir<\/b>&#8221; oder &#8220;<a href=\"https:\/\/circular-iq.com\/de\/\" target=\"_blank\"><b>https:\/\/circular-iq.com<\/b><\/a>&#8220;). Wir respektieren Ihre Privatsph\u00e4re und verpflichten uns, personenbezogene Daten, die Sie uns \u00fcber die Website zur Verf\u00fcgung stellen, zu sch\u00fctzen. Wir haben diese Datenschutzrichtlinie (&#8220;<b>Datenschutzrichtlinie<\/b>&#8220;) verabschiedet, um zu erl\u00e4utern, welche Informationen auf unserer Website gesammelt werden k\u00f6nnen, wie wir diese Informationen verwenden und unter welchen Umst\u00e4nden wir die Informationen an Dritte weitergeben k\u00f6nnen. Diese Datenschutzrichtlinie gilt nur f\u00fcr Informationen, die wir \u00fcber die Website sammeln, und gilt nicht f\u00fcr unsere Sammlung von Informationen aus anderen Quellen.    <\/p>\n<p>Diese Datenschutzrichtlinie legt zusammen mit den auf unserer Website ver\u00f6ffentlichten Allgemeinen Gesch\u00e4ftsbedingungen die allgemeinen Regeln und Richtlinien f\u00fcr Ihre Nutzung unserer Website fest. Je nachdem, was Sie beim Besuch unserer Website tun, kann es sein, dass Sie zus\u00e4tzlichen Bedingungen und Konditionen zustimmen m\u00fcssen. <\/p>\t\t\t\t\t\t\t\t<\/div>\n\t\t\t\t<\/div>\n\t\t\t\t<div class=\"elementor-element elementor-element-af39c8d mas-addons-sticky-no elementor-widget elementor-widget-heading\" data-id=\"af39c8d\" data-element_type=\"widget\" data-e-type=\"widget\" data-settings=\"{&quot;mas_addons_sticky&quot;:&quot;no&quot;}\" data-widget_type=\"heading.default\">\n\t\t\t\t<div class=\"elementor-widget-container\">\n\t\t\t\t\t<h3 class=\"elementor-heading-title elementor-size-default\">Website-Besucher<\/h3>\t\t\t\t<\/div>\n\t\t\t\t<\/div>\n\t\t\t\t<div class=\"elementor-element elementor-element-d374fb5 mas-addons-sticky-no elementor-widget elementor-widget-text-editor\" data-id=\"d374fb5\" data-element_type=\"widget\" data-e-type=\"widget\" data-settings=\"{&quot;mas_addons_sticky&quot;:&quot;no&quot;}\" data-widget_type=\"text-editor.default\">\n\t\t\t\t<div class=\"elementor-widget-container\">\n\t\t\t\t\t\t\t\t\t<p>Wie die meisten Website-Betreiber sammelt Circular IQ nicht-personenbezogene Daten, wie sie von Webbrowsern und Servern \u00fcblicherweise zur Verf\u00fcgung gestellt werden, z. B. den Browsertyp, die bevorzugte Sprache, die verweisende Website sowie das Datum und die Uhrzeit jeder Besucheranfrage. Circular IQ sammelt nicht-personenbezogene Daten, um besser zu verstehen, wie die Besucher von Circular IQ die Website nutzen. Von Zeit zu Zeit kann Circular IQ nicht-personenbezogene Daten in zusammengefasster Form ver\u00f6ffentlichen, z.B. durch die Ver\u00f6ffentlichung eines Berichts \u00fcber Trends in der Nutzung seiner Website.  <\/p>\n<p>Circular IQ sammelt auch potenziell pers\u00f6nlich identifizierende Informationen wie Internetprotokoll (IP)-Adressen f\u00fcr angemeldete Benutzer und f\u00fcr Benutzer, die Kommentare auf <a href=\"https:\/\/circular-iq.com\/de\/\" target=\"_blank\" rel=\"noopener\">https:\/\/circular-iq.com\/<\/a> Blog-Beitr\u00e4gen hinterlassen. Circular IQ gibt die IP-Adressen der angemeldeten Benutzer und der Kommentatoren nur unter denselben Umst\u00e4nden weiter, unter denen es pers\u00f6nlich identifizierende Informationen wie unten beschrieben verwendet und offenlegt. <\/p>\n\t\t\t\t\t\t\t\t<\/div>\n\t\t\t\t<\/div>\n\t\t\t\t<div class=\"elementor-element elementor-element-194a8ee mas-addons-sticky-no elementor-widget elementor-widget-heading\" data-id=\"194a8ee\" data-element_type=\"widget\" data-e-type=\"widget\" data-settings=\"{&quot;mas_addons_sticky&quot;:&quot;no&quot;}\" data-widget_type=\"heading.default\">\n\t\t\t\t<div class=\"elementor-widget-container\">\n\t\t\t\t\t<h3 class=\"elementor-heading-title elementor-size-default\">Erhebung personenbezogener Daten<\/h3>\t\t\t\t<\/div>\n\t\t\t\t<\/div>\n\t\t\t\t<div class=\"elementor-element elementor-element-2aaa63d mas-addons-sticky-no elementor-widget elementor-widget-text-editor\" data-id=\"2aaa63d\" data-element_type=\"widget\" data-e-type=\"widget\" data-settings=\"{&quot;mas_addons_sticky&quot;:&quot;no&quot;}\" data-widget_type=\"text-editor.default\">\n\t\t\t\t<div class=\"elementor-widget-container\">\n\t\t\t\t\t\t\t\t\t<p>Bestimmte Besucher der Websites von Circular IQ m\u00f6chten mit Circular IQ auf eine Weise interagieren, die es erforderlich macht, dass Circular IQ pers\u00f6nlich identifizierende Informationen sammelt. Die Menge und Art der Informationen, die Circular IQ sammelt, h\u00e4ngt von der Art der Interaktion ab. Zum Beispiel bitten wir Besucher, die sich auf <a href=\"https:\/\/circular-iq.com\/de\/\" target=\"_blank\" rel=\"noopener\">https:\/\/circular-iq.com<\/a> f\u00fcr einen Newsletter anmelden, um die Angabe eines Namens und einer E-Mail-Adresse.  <\/p>\n\t\t\t\t\t\t\t\t<\/div>\n\t\t\t\t<\/div>\n\t\t\t\t<div class=\"elementor-element elementor-element-bfd02fc mas-addons-sticky-no elementor-widget elementor-widget-heading\" data-id=\"bfd02fc\" data-element_type=\"widget\" data-e-type=\"widget\" data-settings=\"{&quot;mas_addons_sticky&quot;:&quot;no&quot;}\" data-widget_type=\"heading.default\">\n\t\t\t\t<div class=\"elementor-widget-container\">\n\t\t\t\t\t<h3 class=\"elementor-heading-title elementor-size-default\">Sicherheit<\/h3>\t\t\t\t<\/div>\n\t\t\t\t<\/div>\n\t\t\t\t<div class=\"elementor-element elementor-element-8fc29ce mas-addons-sticky-no elementor-widget elementor-widget-text-editor\" data-id=\"8fc29ce\" data-element_type=\"widget\" data-e-type=\"widget\" data-settings=\"{&quot;mas_addons_sticky&quot;:&quot;no&quot;}\" data-widget_type=\"text-editor.default\">\n\t\t\t\t<div class=\"elementor-widget-container\">\n\t\t\t\t\t\t\t\t\t<p>Die Sicherheit Ihrer pers\u00f6nlichen Daten ist uns wichtig, aber denken Sie daran, dass keine Methode der \u00dcbertragung \u00fcber das Internet oder der elektronischen Speicherung 100% sicher ist. Obwohl wir uns bem\u00fchen, kommerziell annehmbare Mittel zum Schutz Ihrer pers\u00f6nlichen Daten einzusetzen, k\u00f6nnen wir deren absolute Sicherheit nicht garantieren. <\/p>\n\t\t\t\t\t\t\t\t<\/div>\n\t\t\t\t<\/div>\n\t\t\t\t<div class=\"elementor-element elementor-element-5189534 mas-addons-sticky-no elementor-widget elementor-widget-heading\" data-id=\"5189534\" data-element_type=\"widget\" data-e-type=\"widget\" data-settings=\"{&quot;mas_addons_sticky&quot;:&quot;no&quot;}\" data-widget_type=\"heading.default\">\n\t\t\t\t<div class=\"elementor-widget-container\">\n\t\t\t\t\t<h3 class=\"elementor-heading-title elementor-size-default\">Links zu externen Seiten<\/h3>\t\t\t\t<\/div>\n\t\t\t\t<\/div>\n\t\t\t\t<div class=\"elementor-element elementor-element-d243404 mas-addons-sticky-no elementor-widget elementor-widget-text-editor\" data-id=\"d243404\" data-element_type=\"widget\" data-e-type=\"widget\" data-settings=\"{&quot;mas_addons_sticky&quot;:&quot;no&quot;}\" data-widget_type=\"text-editor.default\">\n\t\t\t\t<div class=\"elementor-widget-container\">\n\t\t\t\t\t\t\t\t\t<p>Unser Service kann Links zu externen Websites enthalten, die nicht von uns betrieben werden. Wenn Sie auf einen Link einer dritten Partei klicken, werden Sie auf die Website dieser dritten Partei weitergeleitet. Wir empfehlen Ihnen dringend, die Datenschutzrichtlinien und Gesch\u00e4ftsbedingungen jeder Seite, die Sie besuchen, zu lesen.  <\/p>\n<p>Wir haben keine Kontrolle \u00fcber und \u00fcbernehmen keine Verantwortung f\u00fcr die Inhalte, Datenschutzrichtlinien oder Praktiken von Websites, Produkten oder Dienstleistungen Dritter.<\/p>\n\t\t\t\t\t\t\t\t<\/div>\n\t\t\t\t<\/div>\n\t\t\t\t<div class=\"elementor-element elementor-element-7fe5f18 mas-addons-sticky-no elementor-widget elementor-widget-heading\" data-id=\"7fe5f18\" data-element_type=\"widget\" data-e-type=\"widget\" data-settings=\"{&quot;mas_addons_sticky&quot;:&quot;no&quot;}\" data-widget_type=\"heading.default\">\n\t\t\t\t<div class=\"elementor-widget-container\">\n\t\t\t\t\t<h3 class=\"elementor-heading-title elementor-size-default\">Aggregierte Statistik<\/h3>\t\t\t\t<\/div>\n\t\t\t\t<\/div>\n\t\t\t\t<div class=\"elementor-element elementor-element-f865e3f mas-addons-sticky-no elementor-widget elementor-widget-text-editor\" data-id=\"f865e3f\" data-element_type=\"widget\" data-e-type=\"widget\" data-settings=\"{&quot;mas_addons_sticky&quot;:&quot;no&quot;}\" data-widget_type=\"text-editor.default\">\n\t\t\t\t<div class=\"elementor-widget-container\">\n\t\t\t\t\t\t\t\t\t<p>Circular IQ kann Statistiken \u00fcber das Verhalten der Besucher seiner Website sammeln. Circular IQ kann diese Informationen \u00f6ffentlich anzeigen oder sie anderen zur Verf\u00fcgung stellen. Circular IQ gibt Ihre pers\u00f6nlichen Daten jedoch nicht weiter.  <\/p>\n\t\t\t\t\t\t\t\t<\/div>\n\t\t\t\t<\/div>\n\t\t\t\t<div class=\"elementor-element elementor-element-01d127f mas-addons-sticky-no elementor-widget elementor-widget-heading\" data-id=\"01d127f\" data-element_type=\"widget\" data-e-type=\"widget\" data-settings=\"{&quot;mas_addons_sticky&quot;:&quot;no&quot;}\" data-widget_type=\"heading.default\">\n\t\t\t\t<div class=\"elementor-widget-container\">\n\t\t\t\t\t<h3 class=\"elementor-heading-title elementor-size-default\">Cookies<\/h3>\t\t\t\t<\/div>\n\t\t\t\t<\/div>\n\t\t\t\t<div class=\"elementor-element elementor-element-dcae305 mas-addons-sticky-no elementor-widget elementor-widget-text-editor\" data-id=\"dcae305\" data-element_type=\"widget\" data-e-type=\"widget\" data-settings=\"{&quot;mas_addons_sticky&quot;:&quot;no&quot;}\" data-widget_type=\"text-editor.default\">\n\t\t\t\t<div class=\"elementor-widget-container\">\n\t\t\t\t\t\t\t\t\t<p>Um Ihr Online-Erlebnis zu bereichern und zu perfektionieren, verwendet Circular IQ &#8220;<b>Cookies<\/b>&#8220;, \u00e4hnliche Technologien und Dienste, die von anderen bereitgestellt werden, um personalisierte Inhalte und passende Werbung anzuzeigen und Ihre Pr\u00e4ferenzen auf Ihrem Computer zu speichern.<\/p>\n<p>Ein Cookie ist eine Zeichenfolge von Informationen, die eine Website auf dem Computer eines Besuchers speichert und die der Browser des Besuchers der Website jedes Mal zur Verf\u00fcgung stellt, wenn der Besucher zur\u00fcckkehrt. Circular IQ verwendet Cookies, um Circular IQ dabei zu helfen, Besucher zu identifizieren und zu verfolgen, ihre Nutzung von <a href=\"https:\/\/circular-iq.com\/de\/\" target=\"_blank\" rel=\"noopener\">https:\/\/circular-iq.com<\/a> und ihre Zugriffspr\u00e4ferenzen auf die Website. Besucher von Circular IQ, die nicht m\u00f6chten, dass Cookies auf ihren Computern platziert werden, sollten ihren Browser so einstellen, dass er Cookies ablehnt, bevor sie die Websites von Circular IQ nutzen. Dies hat den Nachteil, dass bestimmte Funktionen der Websites von Circular IQ ohne die Hilfe von Cookies m\u00f6glicherweise nicht richtig funktionieren.  <\/p>\n<p>Wenn Sie auf unserer Website weiternavigieren, ohne Ihre Cookie-Einstellungen zu \u00e4ndern, erkl\u00e4ren Sie sich mit der Verwendung von Cookies durch Circular IQ einverstanden.<\/p>\n\t\t\t\t\t\t\t\t<\/div>\n\t\t\t\t<\/div>\n\t\t\t\t<div class=\"elementor-element elementor-element-af40253 mas-addons-sticky-no elementor-widget elementor-widget-heading\" data-id=\"af40253\" data-element_type=\"widget\" data-e-type=\"widget\" data-settings=\"{&quot;mas_addons_sticky&quot;:&quot;no&quot;}\" data-widget_type=\"heading.default\">\n\t\t\t\t<div class=\"elementor-widget-container\">\n\t\t\t\t\t<h3 class=\"elementor-heading-title elementor-size-default\">\u00c4nderungen der Datenschutzbestimmungen<\/h3>\t\t\t\t<\/div>\n\t\t\t\t<\/div>\n\t\t\t\t<div class=\"elementor-element elementor-element-321f576 mas-addons-sticky-no elementor-widget elementor-widget-text-editor\" data-id=\"321f576\" data-element_type=\"widget\" data-e-type=\"widget\" data-settings=\"{&quot;mas_addons_sticky&quot;:&quot;no&quot;}\" data-widget_type=\"text-editor.default\">\n\t\t\t\t<div class=\"elementor-widget-container\">\n\t\t\t\t\t\t\t\t\t<p>Obwohl die meisten \u00c4nderungen wahrscheinlich geringf\u00fcgig sind, kann Circular IQ seine Datenschutzrichtlinie von Zeit zu Zeit und nach eigenem Ermessen \u00e4ndern. Circular IQ fordert seine Besucher auf, diese Seite regelm\u00e4\u00dfig auf \u00c4nderungen der Datenschutzrichtlinien zu \u00fcberpr\u00fcfen. Wenn Sie diese Seite nach einer \u00c4nderung der Datenschutzrichtlinie weiterhin nutzen, erkl\u00e4ren Sie sich mit dieser \u00c4nderung einverstanden.  <\/p>\n\t\t\t\t\t\t\t\t<\/div>\n\t\t\t\t<\/div>\n\t\t\t\t<div class=\"elementor-element elementor-element-fe993fe mas-addons-sticky-no elementor-widget elementor-widget-heading\" data-id=\"fe993fe\" data-element_type=\"widget\" data-e-type=\"widget\" data-settings=\"{&quot;mas_addons_sticky&quot;:&quot;no&quot;}\" data-widget_type=\"heading.default\">\n\t\t\t\t<div class=\"elementor-widget-container\">\n\t\t\t\t\t<h3 class=\"elementor-heading-title elementor-size-default\">Kontaktinformationen<\/h3>\t\t\t\t<\/div>\n\t\t\t\t<\/div>\n\t\t\t\t<div class=\"elementor-element elementor-element-a68e390 mas-addons-sticky-no elementor-widget elementor-widget-text-editor\" data-id=\"a68e390\" data-element_type=\"widget\" data-e-type=\"widget\" data-settings=\"{&quot;mas_addons_sticky&quot;:&quot;no&quot;}\" data-widget_type=\"text-editor.default\">\n\t\t\t\t<div class=\"elementor-widget-container\">\n\t\t\t\t\t\t\t\t\t<p>Wenn Sie Fragen zu dieser Datenschutzrichtlinie haben, kontaktieren Sie uns bitte <a href=\"mailto:in**@*********iq.com\" data-original-string=\"N0Udi5dpLTcSC3KDmQ9uwg==3f89\/41tByOwLWtaAflvnQkpDLCpLHwIvziCBDUKIvkjDM=\" title=\"Dieser Kontakt wurde von Anti-Spam by CleanTalk verschl\u00fcsselt. Klicken Sie hier, um ihn zu entschl\u00fcsseln. Um die Entschl\u00fcsselung abzuschlie\u00dfen, stellen Sie sicher, dass JavaScript in Ihrem Browser aktiviert ist.\" target=\"_blank\" rel=\"noopener\">per E-Mail<\/a> oder <a href=\"http:\/\/tel:0031202101247\" target=\"_blank\" rel=\"noopener\">Telefon<\/a><\/p>\n\t\t\t\t\t\t\t\t<\/div>\n\t\t\t\t<\/div>\n\t\t\t\t\t<\/div>\n\t\t\t\t<\/div>\n\t\t\t\t<\/div>\n\t\t","protected":false},"excerpt":{"rendered":"<p>Erkl\u00e4rung zum Datenschutz Ihre Privatsph\u00e4re ist f\u00fcr uns von entscheidender Bedeutung. Der Circular IQ befindet sich in: Circular IQ B.V.Mauritskade 641092 AD, Amsterdam,Die Niederlande Es ist die Politik von Circular IQ, Ihre Privatsph\u00e4re in Bezug auf alle Informationen zu respektieren, die wir beim Betrieb unserer Website sammeln. Diese Datenschutzrichtlinie gilt f\u00fcr https:\/\/circular-iq.com\/ (im Folgenden &#8220;wir&#8220;, [&hellip;]<\/p>\n","protected":false},"author":7,"featured_media":0,"parent":0,"menu_order":0,"comment_status":"closed","ping_status":"closed","template":"elementor_header_footer","meta":{"inline_featured_image":false,"two_page_speed":[],"footnotes":""},"class_list":["post-11215","page","type-page","status-publish","hentry"],"acf":[],"_links":{"self":[{"href":"https:\/\/circular-iq.com\/de\/wp-json\/wp\/v2\/pages\/11215","targetHints":{"allow":["GET"]}}],"collection":[{"href":"https:\/\/circular-iq.com\/de\/wp-json\/wp\/v2\/pages"}],"about":[{"href":"https:\/\/circular-iq.com\/de\/wp-json\/wp\/v2\/types\/page"}],"author":[{"embeddable":true,"href":"https:\/\/circular-iq.com\/de\/wp-json\/wp\/v2\/users\/7"}],"replies":[{"embeddable":true,"href":"https:\/\/circular-iq.com\/de\/wp-json\/wp\/v2\/comments?post=11215"}],"version-history":[{"count":0,"href":"https:\/\/circular-iq.com\/de\/wp-json\/wp\/v2\/pages\/11215\/revisions"}],"wp:attachment":[{"href":"https:\/\/circular-iq.com\/de\/wp-json\/wp\/v2\/media?parent=11215"}],"curies":[{"name":"wp","href":"https:\/\/api.w.org\/{rel}","templated":true}]}}