{"id":11224,"date":"2024-09-30T01:27:26","date_gmt":"2024-09-30T01:27:26","guid":{"rendered":"https:\/\/circular-iq.com\/haftungsausschluss\/"},"modified":"2024-11-17T02:02:44","modified_gmt":"2024-11-17T02:02:44","slug":"haftungsausschluss","status":"publish","type":"page","link":"https:\/\/circular-iq.com\/de\/haftungsausschluss\/","title":{"rendered":"Haftungsausschluss"},"content":{"rendered":"\t\t<div data-elementor-type=\"wp-page\" data-elementor-id=\"11224\" class=\"elementor elementor-11224 elementor-8878\" data-elementor-post-type=\"page\">\n\t\t\t\t<div class=\"elementor-element elementor-element-24f208d3 e-flex e-con-boxed e-con e-parent\" data-id=\"24f208d3\" data-element_type=\"container\" data-e-type=\"container\" data-settings=\"{&quot;background_background&quot;:&quot;classic&quot;}\">\n\t\t\t\t\t<div class=\"e-con-inner\">\n\t\t\t\t<div class=\"elementor-element elementor-element-25b0f45f mas-addons-sticky-no elementor-widget elementor-widget-heading\" data-id=\"25b0f45f\" data-element_type=\"widget\" data-e-type=\"widget\" data-settings=\"{&quot;mas_addons_sticky&quot;:&quot;no&quot;}\" data-widget_type=\"heading.default\">\n\t\t\t\t<div class=\"elementor-widget-container\">\n\t\t\t\t\t<h1 class=\"elementor-heading-title elementor-size-default\">Haftungsausschluss<\/h1>\t\t\t\t<\/div>\n\t\t\t\t<\/div>\n\t\t\t\t\t<\/div>\n\t\t\t\t<\/div>\n\t\t<div class=\"elementor-element elementor-element-2dbde015 e-flex e-con-boxed e-con e-parent\" data-id=\"2dbde015\" data-element_type=\"container\" data-e-type=\"container\">\n\t\t\t\t\t<div class=\"e-con-inner\">\n\t\t\t\t<div class=\"elementor-element elementor-element-66bbd931 mas-addons-sticky-no elementor-widget elementor-widget-heading\" data-id=\"66bbd931\" data-element_type=\"widget\" data-e-type=\"widget\" data-settings=\"{&quot;mas_addons_sticky&quot;:&quot;no&quot;}\" data-widget_type=\"heading.default\">\n\t\t\t\t<div class=\"elementor-widget-container\">\n\t\t\t\t\t<span class=\"elementor-heading-title elementor-size-default\">Wenn Sie weitere Informationen ben\u00f6tigen oder Fragen zum Haftungsausschluss unserer Website haben:<\/span>\t\t\t\t<\/div>\n\t\t\t\t<\/div>\n\t\t\t\t<div class=\"elementor-element elementor-element-24bd5850 mas-addons-sticky-no elementor-widget elementor-widget-text-editor\" data-id=\"24bd5850\" data-element_type=\"widget\" data-e-type=\"widget\" data-settings=\"{&quot;mas_addons_sticky&quot;:&quot;no&quot;}\" data-widget_type=\"text-editor.default\">\n\t\t\t\t<div class=\"elementor-widget-container\">\n\t\t\t\t\t\t\t\t\t<p>Sie k\u00f6nnen uns gerne per E-Mail unter <a href=\"mailto:in**@*********iq.com\" data-original-string=\"9uqzyR1rWx3nH+1poAKjQg==3f8J1CEPRDdnm865TXRxeevAKRxO7zix5amLyXfysqLrBY=\" title=\"Dieser Kontakt wurde von Anti-Spam by CleanTalk verschl\u00fcsselt. Klicken Sie hier, um ihn zu entschl\u00fcsseln. Um die Entschl\u00fcsselung abzuschlie\u00dfen, stellen Sie sicher, dass JavaScript in Ihrem Browser aktiviert ist.\"><span \n                data-original-string='\/LMZ2EtD1NmKn17qd\/ukSQ==3f8uxAzhMBoOf62i9o8xkk0RixMHn\/tSPrqbr\/lbhZ5MRM='\n                class='apbct-email-encoder'\n                title='Dieser Kontakt wurde von Anti-Spam by CleanTalk verschl\u00fcsselt. Klicken Sie hier, um ihn zu entschl\u00fcsseln. Um die Entschl\u00fcsselung abzuschlie\u00dfen, stellen Sie sicher, dass JavaScript in Ihrem Browser aktiviert ist.'>in<span class=\"apbct-blur\">**<\/span>@<span class=\"apbct-blur\">*********<\/span>iq.com<\/span><\/a> kontaktieren.<\/p>\n\t\t\t\t\t\t\t\t<\/div>\n\t\t\t\t<\/div>\n\t\t\t\t<div class=\"elementor-element elementor-element-5c0cb35d mas-addons-sticky-no elementor-widget elementor-widget-heading\" data-id=\"5c0cb35d\" data-element_type=\"widget\" data-e-type=\"widget\" data-settings=\"{&quot;mas_addons_sticky&quot;:&quot;no&quot;}\" data-widget_type=\"heading.default\">\n\t\t\t\t<div class=\"elementor-widget-container\">\n\t\t\t\t\t<h3 class=\"elementor-heading-title elementor-size-default\">Haftungsausschl\u00fcsse f\u00fcr die Website von Circular IQ<\/h3>\t\t\t\t<\/div>\n\t\t\t\t<\/div>\n\t\t\t\t<div class=\"elementor-element elementor-element-4c06c461 mas-addons-sticky-no elementor-widget elementor-widget-text-editor\" data-id=\"4c06c461\" data-element_type=\"widget\" data-e-type=\"widget\" data-settings=\"{&quot;mas_addons_sticky&quot;:&quot;no&quot;}\" data-widget_type=\"text-editor.default\">\n\t\t\t\t<div class=\"elementor-widget-container\">\n\t\t\t\t\t\t\t\t\t<p>Alle Informationen auf dieser Website <a href=\"https:\/\/circular-iq.com\/de\/\">&#8211;<\/a> https:\/\/circular-iq.com\/ &#8211; werden nach bestem Wissen und Gewissen und nur zu allgemeinen Informationszwecken ver\u00f6ffentlicht. Die Website von Circular IQ \u00fcbernimmt keine Gew\u00e4hr f\u00fcr die Vollst\u00e4ndigkeit, Zuverl\u00e4ssigkeit und Richtigkeit dieser Informationen. Jede Handlung, die Sie aufgrund der Informationen auf dieser Website (Circular IQ Website) vornehmen, geschieht ausschlie\u00dflich auf Ihr eigenes Risiko. Die Circular IQ-Website haftet nicht f\u00fcr Verluste und\/oder Sch\u00e4den im Zusammenhang mit der Nutzung unserer Website. Unser Disclaimer wurde mit Hilfe des <a href=\"https:\/\/disclaimergenerator.net\/\" target=\"_blank\" rel=\"noopener\">Disclaimer-Generators<\/a> und der <a style=\"font-size: var( --e-global-typography-3a65872-font-size ); font-weight: var( --e-global-typography-3a65872-font-weight ); letter-spacing: var( --e-global-typography-3a65872-letter-spacing ); word-spacing: var( --e-global-typography-3a65872-word-spacing ); text-align: var(--text-align); background-color: #ffffff;\" href=\"https:\/\/disclaimer-template.com\/\" target=\"_blank\" rel=\"noopener\">Disclaimer-Vorlage<\/a> erstellt <a style=\"font-size: var( --e-global-typography-3a65872-font-size ); font-weight: var( --e-global-typography-3a65872-font-weight ); letter-spacing: var( --e-global-typography-3a65872-letter-spacing ); word-spacing: var( --e-global-typography-3a65872-word-spacing ); text-align: var(--text-align); background-color: #ffffff;\" href=\"https:\/\/disclaimer-template.com\/\" target=\"_blank\" rel=\"noopener\">.<\/a>    <\/p>\n<p>Von unserer Website aus k\u00f6nnen Sie andere Websites besuchen, indem Sie Hyperlinks zu solchen externen Websites folgen. Obwohl wir uns bem\u00fchen, nur qualitativ hochwertige Links zu n\u00fctzlichen und ethischen Websites anzubieten, haben wir keine Kontrolle \u00fcber den Inhalt und die Art dieser Websites. Diese Links zu anderen Websites stellen keine Empfehlung f\u00fcr den gesamten Inhalt dieser Websites dar. Die Eigent\u00fcmer der Websites und deren Inhalte k\u00f6nnen sich ohne Vorank\u00fcndigung \u00e4ndern, und zwar bevor wir die M\u00f6glichkeit haben, einen Link zu entfernen, der m\u00f6glicherweise &#8220;schlecht&#8221; geworden ist.   <\/p>\n<p>Bitte beachten Sie auch, dass, wenn Sie unsere Website verlassen, andere Websites andere Datenschutzrichtlinien und -bedingungen haben k\u00f6nnen, die au\u00dferhalb unserer Kontrolle liegen. Bitte informieren Sie sich \u00fcber die Datenschutzrichtlinien dieser Websites sowie \u00fcber deren &#8220;<b>Nutzungsbedingungen<\/b>&#8220;, bevor Sie Gesch\u00e4fte t\u00e4tigen oder Informationen hochladen. <\/p>\n\t\t\t\t\t\t\t\t<\/div>\n\t\t\t\t<\/div>\n\t\t\t\t<div class=\"elementor-element elementor-element-7d9597e3 mas-addons-sticky-no elementor-widget elementor-widget-heading\" data-id=\"7d9597e3\" data-element_type=\"widget\" data-e-type=\"widget\" data-settings=\"{&quot;mas_addons_sticky&quot;:&quot;no&quot;}\" data-widget_type=\"heading.default\">\n\t\t\t\t<div class=\"elementor-widget-container\">\n\t\t\t\t\t<h3 class=\"elementor-heading-title elementor-size-default\">Einverst\u00e4ndnis<\/h3>\t\t\t\t<\/div>\n\t\t\t\t<\/div>\n\t\t\t\t<div class=\"elementor-element elementor-element-1f77bfdf mas-addons-sticky-no elementor-widget elementor-widget-text-editor\" data-id=\"1f77bfdf\" data-element_type=\"widget\" data-e-type=\"widget\" data-settings=\"{&quot;mas_addons_sticky&quot;:&quot;no&quot;}\" data-widget_type=\"text-editor.default\">\n\t\t\t\t<div class=\"elementor-widget-container\">\n\t\t\t\t\t\t\t\t\t<p>Durch die Nutzung unserer Website erkl\u00e4ren Sie sich mit unserem Haftungsausschluss einverstanden und stimmen dessen Bedingungen zu.<\/p>\n\t\t\t\t\t\t\t\t<\/div>\n\t\t\t\t<\/div>\n\t\t\t\t<div class=\"elementor-element elementor-element-105a9bf9 mas-addons-sticky-no elementor-widget elementor-widget-heading\" data-id=\"105a9bf9\" data-element_type=\"widget\" data-e-type=\"widget\" data-settings=\"{&quot;mas_addons_sticky&quot;:&quot;no&quot;}\" data-widget_type=\"heading.default\">\n\t\t\t\t<div class=\"elementor-widget-container\">\n\t\t\t\t\t<h3 class=\"elementor-heading-title elementor-size-default\">Update<\/h3>\t\t\t\t<\/div>\n\t\t\t\t<\/div>\n\t\t\t\t<div class=\"elementor-element elementor-element-25b31c18 mas-addons-sticky-no elementor-widget elementor-widget-text-editor\" data-id=\"25b31c18\" data-element_type=\"widget\" data-e-type=\"widget\" data-settings=\"{&quot;mas_addons_sticky&quot;:&quot;no&quot;}\" data-widget_type=\"text-editor.default\">\n\t\t\t\t<div class=\"elementor-widget-container\">\n\t\t\t\t\t\t\t\t\t<p>Sollten wir dieses Dokument aktualisieren, erg\u00e4nzen oder \u00e4ndern, werden diese \u00c4nderungen an dieser Stelle deutlich sichtbar ver\u00f6ffentlicht.<\/p>\n\t\t\t\t\t\t\t\t<\/div>\n\t\t\t\t<\/div>\n\t\t\t\t\t<\/div>\n\t\t\t\t<\/div>\n\t\t\t\t<\/div>\n\t\t","protected":false},"excerpt":{"rendered":"<p>Haftungsausschluss Wenn Sie weitere Informationen ben\u00f6tigen oder Fragen zum Haftungsausschluss unserer Website haben: Sie k\u00f6nnen uns gerne per E-Mail unter in**@*********iq.com kontaktieren. Haftungsausschl\u00fcsse f\u00fcr die Website von Circular IQ Alle Informationen auf dieser Website &#8211; https:\/\/circular-iq.com\/ &#8211; werden nach bestem Wissen und Gewissen und nur zu allgemeinen Informationszwecken ver\u00f6ffentlicht. Die Website von Circular IQ \u00fcbernimmt [&hellip;]<\/p>\n","protected":false},"author":7,"featured_media":0,"parent":0,"menu_order":0,"comment_status":"closed","ping_status":"closed","template":"elementor_header_footer","meta":{"inline_featured_image":false,"two_page_speed":[],"footnotes":""},"class_list":["post-11224","page","type-page","status-publish","hentry"],"acf":[],"_links":{"self":[{"href":"https:\/\/circular-iq.com\/de\/wp-json\/wp\/v2\/pages\/11224","targetHints":{"allow":["GET"]}}],"collection":[{"href":"https:\/\/circular-iq.com\/de\/wp-json\/wp\/v2\/pages"}],"about":[{"href":"https:\/\/circular-iq.com\/de\/wp-json\/wp\/v2\/types\/page"}],"author":[{"embeddable":true,"href":"https:\/\/circular-iq.com\/de\/wp-json\/wp\/v2\/users\/7"}],"replies":[{"embeddable":true,"href":"https:\/\/circular-iq.com\/de\/wp-json\/wp\/v2\/comments?post=11224"}],"version-history":[{"count":0,"href":"https:\/\/circular-iq.com\/de\/wp-json\/wp\/v2\/pages\/11224\/revisions"}],"wp:attachment":[{"href":"https:\/\/circular-iq.com\/de\/wp-json\/wp\/v2\/media?parent=11224"}],"curies":[{"name":"wp","href":"https:\/\/api.w.org\/{rel}","templated":true}]}}