{"id":10029,"date":"2024-10-15T22:02:13","date_gmt":"2024-10-15T22:02:13","guid":{"rendered":"https:\/\/circular-iq.com\/carrieres\/"},"modified":"2024-11-17T01:57:45","modified_gmt":"2024-11-17T01:57:45","slug":"carrieres","status":"publish","type":"page","link":"https:\/\/circular-iq.com\/fr\/carrieres\/","title":{"rendered":"Carri\u00e8res"},"content":{"rendered":"\t\t<div data-elementor-type=\"wp-page\" data-elementor-id=\"10029\" class=\"elementor elementor-10029 elementor-9023\" data-elementor-post-type=\"page\">\n\t\t\t\t<div class=\"elementor-element elementor-element-ab2b5c1 e-flex e-con-boxed e-con e-parent\" data-id=\"ab2b5c1\" data-element_type=\"container\" data-e-type=\"container\" data-settings=\"{&quot;background_background&quot;:&quot;classic&quot;}\">\n\t\t\t\t\t<div class=\"e-con-inner\">\n\t\t\t\t<div class=\"elementor-element elementor-element-0d449a2 mas-addons-sticky-no elementor-widget elementor-widget-heading\" data-id=\"0d449a2\" data-element_type=\"widget\" data-e-type=\"widget\" data-settings=\"{&quot;mas_addons_sticky&quot;:&quot;no&quot;}\" data-widget_type=\"heading.default\">\n\t\t\t\t<div class=\"elementor-widget-container\">\n\t\t\t\t\t<h1 class=\"elementor-heading-title elementor-size-default\">Circular IQ Carri\u00e8res<\/h1>\t\t\t\t<\/div>\n\t\t\t\t<\/div>\n\t\t\t\t<div class=\"elementor-element elementor-element-f9a71cb elementor-widget__width-initial mas-addons-sticky-no elementor-widget elementor-widget-heading\" data-id=\"f9a71cb\" data-element_type=\"widget\" data-e-type=\"widget\" data-settings=\"{&quot;mas_addons_sticky&quot;:&quot;no&quot;}\" data-widget_type=\"heading.default\">\n\t\t\t\t<div class=\"elementor-widget-container\">\n\t\t\t\t\t<span class=\"elementor-heading-title elementor-size-default\">Nous aidons les entreprises du monde entier \u00e0 s'orienter vers l'\u00e9conomie circulaire et \u00e0 atteindre des objectifs audacieux en mati\u00e8re de d\u00e9veloppement durable.\nRejoignez-nous et devenez un h\u00e9ros de la circularit\u00e9 !<\/span>\t\t\t\t<\/div>\n\t\t\t\t<\/div>\n\t\t\t\t\t<\/div>\n\t\t\t\t<\/div>\n\t\t<div class=\"elementor-element elementor-element-4a70a8d e-flex e-con-boxed e-con e-parent\" data-id=\"4a70a8d\" data-element_type=\"container\" data-e-type=\"container\">\n\t\t\t\t\t<div class=\"e-con-inner\">\n\t\t<div class=\"elementor-element elementor-element-82656a2 e-con-full elementor-hidden-mobile e-flex e-con e-child\" data-id=\"82656a2\" data-element_type=\"container\" data-e-type=\"container\">\n\t\t\t\t<div class=\"elementor-element elementor-element-d9ca8c5 mas-addons-sticky-no elementor-widget elementor-widget-image\" data-id=\"d9ca8c5\" data-element_type=\"widget\" data-e-type=\"widget\" data-settings=\"{&quot;mas_addons_sticky&quot;:&quot;no&quot;}\" data-widget_type=\"image.default\">\n\t\t\t\t<div class=\"elementor-widget-container\">\n\t\t\t\t\t\t\t\t\t\t\t\t\t\t\t<img fetchpriority=\"high\" decoding=\"async\" width=\"561\" height=\"200\" src=\"https:\/\/circular-iq.com\/wp-content\/uploads\/2024\/06\/Logo@2x.png\" class=\"attachment-large size-large wp-image-7573\" alt=\"\" srcset=\"https:\/\/circular-iq.com\/wp-content\/uploads\/2024\/06\/Logo@2x.png 561w, https:\/\/circular-iq.com\/wp-content\/uploads\/2024\/06\/Logo@2x-300x107.png 300w\" sizes=\"(max-width: 561px) 100vw, 561px\" \/>\t\t\t\t\t\t\t\t\t\t\t\t\t\t\t<\/div>\n\t\t\t\t<\/div>\n\t\t\t\t<\/div>\n\t\t<div class=\"elementor-element elementor-element-128a53b e-con-full e-flex e-con e-child\" data-id=\"128a53b\" data-element_type=\"container\" data-e-type=\"container\">\n\t\t\t\t<div class=\"elementor-element elementor-element-e51ba97 mas-addons-sticky-no elementor-widget elementor-widget-heading\" data-id=\"e51ba97\" data-element_type=\"widget\" data-e-type=\"widget\" data-settings=\"{&quot;mas_addons_sticky&quot;:&quot;no&quot;}\" data-widget_type=\"heading.default\">\n\t\t\t\t<div class=\"elementor-widget-container\">\n\t\t\t\t\t<h2 class=\"elementor-heading-title elementor-size-default\">A propos de nous<\/h2>\t\t\t\t<\/div>\n\t\t\t\t<\/div>\n\t\t\t\t<div class=\"elementor-element elementor-element-99f2d43 mas-addons-sticky-no elementor-widget elementor-widget-text-editor\" data-id=\"99f2d43\" data-element_type=\"widget\" data-e-type=\"widget\" data-settings=\"{&quot;mas_addons_sticky&quot;:&quot;no&quot;}\" data-widget_type=\"text-editor.default\">\n\t\t\t\t<div class=\"elementor-widget-container\">\n\t\t\t\t\t\t\t\t\t<p>Nous sommes une startup n\u00e9erlandaise avec une \u00e9quipe internationale et hybride\/\u00e0 distance de h\u00e9ros de la circularit\u00e9, cr\u00e9ant des outils num\u00e9riques qui aident les entreprises \u00e0 travers le monde \u00e0 \u00e9voluer vers l&#8217;\u00e9conomie circulaire. Notre mission est d&#8217;aider les entreprises \u00e0 mesurer, am\u00e9liorer et rendre compte de leur performance circulaire et \u00e0 tenir leurs promesses en mati\u00e8re de d\u00e9veloppement durable gr\u00e2ce \u00e0 des analyses bas\u00e9es sur des donn\u00e9es. Nous les aidons \u00e0 ancrer la circularit\u00e9 dans leurs activit\u00e9s et \u00e0 activer leur cha\u00eene d&#8217;approvisionnement afin d&#8217;accro\u00eetre leur impact positif sur la plan\u00e8te !  <\/p>\n\t\t\t\t\t\t\t\t<\/div>\n\t\t\t\t<\/div>\n\t\t\t\t<\/div>\n\t\t\t\t\t<\/div>\n\t\t\t\t<\/div>\n\t\t<div class=\"elementor-element elementor-element-26598ad e-flex e-con-boxed e-con e-parent\" data-id=\"26598ad\" data-element_type=\"container\" data-e-type=\"container\" data-settings=\"{&quot;background_background&quot;:&quot;classic&quot;}\">\n\t\t\t\t\t<div class=\"e-con-inner\">\n\t\t\t\t<div class=\"elementor-element elementor-element-a81e4c4 elementor-widget-mobile__width-inherit mas-addons-sticky-no elementor-widget elementor-widget-heading\" data-id=\"a81e4c4\" data-element_type=\"widget\" data-e-type=\"widget\" data-settings=\"{&quot;mas_addons_sticky&quot;:&quot;no&quot;}\" data-widget_type=\"heading.default\">\n\t\t\t\t<div class=\"elementor-widget-container\">\n\t\t\t\t\t<h2 class=\"elementor-heading-title elementor-size-default\">Nos partenaires<\/h2>\t\t\t\t<\/div>\n\t\t\t\t<\/div>\n\t\t\t\t<div class=\"elementor-element elementor-element-125db1b elementor-widget__width-initial mas-addons-sticky-no elementor-widget elementor-widget-heading\" data-id=\"125db1b\" data-element_type=\"widget\" data-e-type=\"widget\" data-settings=\"{&quot;mas_addons_sticky&quot;:&quot;no&quot;}\" data-widget_type=\"heading.default\">\n\t\t\t\t<div class=\"elementor-widget-container\">\n\t\t\t\t\t<span class=\"elementor-heading-title elementor-size-default\">Nous sommes convaincus que la collaboration est le moteur du changement !<\/span>\t\t\t\t<\/div>\n\t\t\t\t<\/div>\n\t\t\t\t<div class=\"elementor-element elementor-element-a01576d elementor-widget__width-initial mas-addons-sticky-no elementor-widget elementor-widget-text-editor\" data-id=\"a01576d\" data-element_type=\"widget\" data-e-type=\"widget\" data-settings=\"{&quot;mas_addons_sticky&quot;:&quot;no&quot;}\" data-widget_type=\"text-editor.default\">\n\t\t\t\t<div class=\"elementor-widget-container\">\n\t\t\t\t\t\t\t\t\t<p>C&#8217;est pourquoi nous sommes fiers de nous associer \u00e0 des pionniers de la circularit\u00e9 partageant les m\u00eames id\u00e9es, afin d&#8217;acc\u00e9l\u00e9rer la transition vers une \u00e9conomie circulaire r\u00e9paratrice<\/p>\n\t\t\t\t\t\t\t\t<\/div>\n\t\t\t\t<\/div>\n\t\t\t\t<div class=\"elementor-element elementor-element-a5e5b8f elementor-widget-mobile__width-inherit elementor-pagination-position-outside mas-addons-sticky-no elementor-widget elementor-widget-image-carousel\" data-id=\"a5e5b8f\" data-element_type=\"widget\" data-e-type=\"widget\" data-settings=\"{&quot;slides_to_show&quot;:&quot;7&quot;,&quot;navigation&quot;:&quot;dots&quot;,&quot;autoplay_speed&quot;:3000,&quot;slides_to_show_mobile&quot;:&quot;3&quot;,&quot;image_spacing_custom_mobile&quot;:{&quot;unit&quot;:&quot;px&quot;,&quot;size&quot;:20,&quot;sizes&quot;:[]},&quot;autoplay&quot;:&quot;yes&quot;,&quot;pause_on_hover&quot;:&quot;yes&quot;,&quot;pause_on_interaction&quot;:&quot;yes&quot;,&quot;infinite&quot;:&quot;yes&quot;,&quot;speed&quot;:500,&quot;image_spacing_custom&quot;:{&quot;unit&quot;:&quot;px&quot;,&quot;size&quot;:20,&quot;sizes&quot;:[]},&quot;image_spacing_custom_tablet&quot;:{&quot;unit&quot;:&quot;px&quot;,&quot;size&quot;:&quot;&quot;,&quot;sizes&quot;:[]},&quot;mas_addons_sticky&quot;:&quot;no&quot;}\" data-widget_type=\"image-carousel.default\">\n\t\t\t\t<div class=\"elementor-widget-container\">\n\t\t\t\t\t\t\t<div class=\"elementor-image-carousel-wrapper swiper\" role=\"region\" aria-roledescription=\"carousel\" aria-label=\"Carrousel d\u2019images\" dir=\"ltr\">\n\t\t\t<div class=\"elementor-image-carousel swiper-wrapper\" aria-live=\"off\">\n\t\t\t\t\t\t\t\t<div class=\"swiper-slide\" role=\"group\" aria-roledescription=\"slide\" aria-label=\"1 sur 15\"><figure class=\"swiper-slide-inner\"><img decoding=\"async\" class=\"swiper-slide-image\" src=\"https:\/\/circular-iq.com\/wp-content\/uploads\/2024\/06\/1_Microsoft.webp\" alt=\"1_Microsoft\" \/><\/figure><\/div><div class=\"swiper-slide\" role=\"group\" aria-roledescription=\"slide\" aria-label=\"2 sur 15\"><figure class=\"swiper-slide-inner\"><img decoding=\"async\" class=\"swiper-slide-image\" src=\"https:\/\/circular-iq.com\/wp-content\/uploads\/2024\/06\/2_Action.webp\" alt=\"2_Action\" \/><\/figure><\/div><div class=\"swiper-slide\" role=\"group\" aria-roledescription=\"slide\" aria-label=\"3 sur 15\"><figure class=\"swiper-slide-inner\"><img decoding=\"async\" class=\"swiper-slide-image\" src=\"https:\/\/circular-iq.com\/wp-content\/uploads\/2024\/07\/Sony.png\" alt=\"Sony\" \/><\/figure><\/div><div class=\"swiper-slide\" role=\"group\" aria-roledescription=\"slide\" aria-label=\"4 sur 15\"><figure class=\"swiper-slide-inner\"><img decoding=\"async\" class=\"swiper-slide-image\" src=\"https:\/\/circular-iq.com\/wp-content\/uploads\/2024\/06\/4_DB.webp\" alt=\"4_DB\" \/><\/figure><\/div><div class=\"swiper-slide\" role=\"group\" aria-roledescription=\"slide\" aria-label=\"5 sur 15\"><figure class=\"swiper-slide-inner\"><img decoding=\"async\" class=\"swiper-slide-image\" src=\"https:\/\/circular-iq.com\/wp-content\/uploads\/2024\/06\/9_NS.webp\" alt=\"9_NS\" \/><\/figure><\/div><div class=\"swiper-slide\" role=\"group\" aria-roledescription=\"slide\" aria-label=\"6 sur 15\"><figure class=\"swiper-slide-inner\"><img decoding=\"async\" class=\"swiper-slide-image\" src=\"https:\/\/circular-iq.com\/wp-content\/uploads\/2024\/06\/Aptar.webp\" alt=\"Aptar\" \/><\/figure><\/div><div class=\"swiper-slide\" role=\"group\" aria-roledescription=\"slide\" aria-label=\"7 sur 15\"><figure class=\"swiper-slide-inner\"><img decoding=\"async\" class=\"swiper-slide-image\" src=\"https:\/\/circular-iq.com\/wp-content\/uploads\/2024\/07\/BritishTelecom.png\" alt=\"BritishTelecom\" \/><\/figure><\/div><div class=\"swiper-slide\" role=\"group\" aria-roledescription=\"slide\" aria-label=\"8 sur 15\"><figure class=\"swiper-slide-inner\"><img decoding=\"async\" class=\"swiper-slide-image\" src=\"https:\/\/circular-iq.com\/wp-content\/uploads\/2024\/06\/BP.webp\" alt=\"BP\" \/><\/figure><\/div><div class=\"swiper-slide\" role=\"group\" aria-roledescription=\"slide\" aria-label=\"9 sur 15\"><figure class=\"swiper-slide-inner\"><img decoding=\"async\" class=\"swiper-slide-image\" src=\"https:\/\/circular-iq.com\/wp-content\/uploads\/2024\/06\/Capgemini.webp\" alt=\"Capgemini\" \/><\/figure><\/div><div class=\"swiper-slide\" role=\"group\" aria-roledescription=\"slide\" aria-label=\"10 sur 15\"><figure class=\"swiper-slide-inner\"><img decoding=\"async\" class=\"swiper-slide-image\" src=\"https:\/\/circular-iq.com\/wp-content\/uploads\/2024\/07\/Avient.png\" alt=\"Avient\" \/><\/figure><\/div><div class=\"swiper-slide\" role=\"group\" aria-roledescription=\"slide\" aria-label=\"11 sur 15\"><figure class=\"swiper-slide-inner\"><img decoding=\"async\" class=\"swiper-slide-image\" src=\"https:\/\/circular-iq.com\/wp-content\/uploads\/2024\/07\/Brisa.png\" alt=\"Brisa\" \/><\/figure><\/div><div class=\"swiper-slide\" role=\"group\" aria-roledescription=\"slide\" aria-label=\"12 sur 15\"><figure class=\"swiper-slide-inner\"><img decoding=\"async\" class=\"swiper-slide-image\" src=\"https:\/\/circular-iq.com\/wp-content\/uploads\/2024\/06\/Deloitte.webp\" alt=\"Deloitte\" \/><\/figure><\/div><div class=\"swiper-slide\" role=\"group\" aria-roledescription=\"slide\" aria-label=\"13 sur 15\"><figure class=\"swiper-slide-inner\"><img decoding=\"async\" class=\"swiper-slide-image\" src=\"https:\/\/circular-iq.com\/wp-content\/uploads\/2024\/06\/KPMG.webp\" alt=\"KPMG\" \/><\/figure><\/div><div class=\"swiper-slide\" role=\"group\" aria-roledescription=\"slide\" aria-label=\"14 sur 15\"><figure class=\"swiper-slide-inner\"><img decoding=\"async\" class=\"swiper-slide-image\" src=\"https:\/\/circular-iq.com\/wp-content\/uploads\/2024\/06\/Merk.webp\" alt=\"Merk\" \/><\/figure><\/div><div class=\"swiper-slide\" role=\"group\" aria-roledescription=\"slide\" aria-label=\"15 sur 15\"><figure class=\"swiper-slide-inner\"><img decoding=\"async\" class=\"swiper-slide-image\" src=\"https:\/\/circular-iq.com\/wp-content\/uploads\/2024\/06\/SBB.webp\" alt=\"SBB\" \/><\/figure><\/div>\t\t\t<\/div>\n\t\t\t\t\t\t\t\n\t\t\t\t\t\t\t\t\t<div class=\"swiper-pagination\"><\/div>\n\t\t\t\t\t\t\t\t\t<\/div>\n\t\t\t\t\t\t<\/div>\n\t\t\t\t<\/div>\n\t\t\t\t\t<\/div>\n\t\t\t\t<\/div>\n\t\t<div class=\"elementor-element elementor-element-3ed7575 e-flex e-con-boxed e-con e-parent\" data-id=\"3ed7575\" data-element_type=\"container\" data-e-type=\"container\">\n\t\t\t\t\t<div class=\"e-con-inner\">\n\t\t<div class=\"elementor-element elementor-element-d9443bd e-con-full e-flex e-con e-child\" data-id=\"d9443bd\" data-element_type=\"container\" data-e-type=\"container\" data-settings=\"{&quot;background_background&quot;:&quot;classic&quot;}\">\n\t\t\t\t<div class=\"elementor-element elementor-element-9e37144 elementor-widget__width-inherit elementor-widget-mobile__width-inherit mas-addons-sticky-no elementor-widget elementor-widget-heading\" data-id=\"9e37144\" data-element_type=\"widget\" data-e-type=\"widget\" data-settings=\"{&quot;mas_addons_sticky&quot;:&quot;no&quot;}\" data-widget_type=\"heading.default\">\n\t\t\t\t<div class=\"elementor-widget-container\">\n\t\t\t\t\t<h3 class=\"elementor-heading-title elementor-size-default\">Transparence<\/h3>\t\t\t\t<\/div>\n\t\t\t\t<\/div>\n\t\t\t\t<div class=\"elementor-element elementor-element-d9dfbe0 elementor-widget__width-initial mas-addons-sticky-no elementor-widget elementor-widget-text-editor\" data-id=\"d9dfbe0\" data-element_type=\"widget\" data-e-type=\"widget\" data-settings=\"{&quot;mas_addons_sticky&quot;:&quot;no&quot;}\" data-widget_type=\"text-editor.default\">\n\t\t\t\t<div class=\"elementor-widget-container\">\n\t\t\t\t\t\t\t\t\t<p>La transparence favorise la confiance et la clart\u00e9 sur la mani\u00e8re dont nous travaillons les uns avec les autres et dont nous g\u00e9rons les attentes. Un flux de travail transparent permet de mieux comprendre le r\u00f4le de chacun et les domaines dans lesquels nous pouvons apporter notre soutien pour atteindre les objectifs de l&#8217;entreprise et les objectifs collectifs. Attendez de chaque membre de l&#8217;\u00e9quipe qu&#8217;il partage les mises \u00e0 jour de ses flux de travail et de ses objectifs et qu&#8217;il signale lorsqu&#8217;il a besoin d&#8217;aide ou lorsqu&#8217;un d\u00e9lai ne sera pas respect\u00e9.  <\/p>\n\t\t\t\t\t\t\t\t<\/div>\n\t\t\t\t<\/div>\n\t\t\t\t<\/div>\n\t\t<div class=\"elementor-element elementor-element-e37f1a0 e-con-full e-flex e-con e-child\" data-id=\"e37f1a0\" data-element_type=\"container\" data-e-type=\"container\" data-settings=\"{&quot;background_background&quot;:&quot;classic&quot;}\">\n\t\t\t\t<div class=\"elementor-element elementor-element-8686dd9 elementor-widget__width-inherit elementor-widget-mobile__width-inherit mas-addons-sticky-no elementor-widget elementor-widget-heading\" data-id=\"8686dd9\" data-element_type=\"widget\" data-e-type=\"widget\" data-settings=\"{&quot;mas_addons_sticky&quot;:&quot;no&quot;}\" data-widget_type=\"heading.default\">\n\t\t\t\t<div class=\"elementor-widget-container\">\n\t\t\t\t\t<h3 class=\"elementor-heading-title elementor-size-default\">Empathie<\/h3>\t\t\t\t<\/div>\n\t\t\t\t<\/div>\n\t\t\t\t<div class=\"elementor-element elementor-element-56c85f3 elementor-widget__width-initial mas-addons-sticky-no elementor-widget elementor-widget-text-editor\" data-id=\"56c85f3\" data-element_type=\"widget\" data-e-type=\"widget\" data-settings=\"{&quot;mas_addons_sticky&quot;:&quot;no&quot;}\" data-widget_type=\"text-editor.default\">\n\t\t\t\t<div class=\"elementor-widget-container\">\n\t\t\t\t\t\t\t\t\t<p>L&#8217;empathie est essentielle pour se comprendre et se mettre \u00e0 la place de nos clients et de nos co\u00e9quipiers. L&#8217;empathie signifie que nous nous \u00e9coutons les uns les autres et que nous \u00e9coutons les besoins de nos clients et que nous y r\u00e9pondons en cons\u00e9quence. Elle favorise la collaboration et l&#8217;engagement au sein de l&#8217;\u00e9quipe lorsque nous savons que nous serons entendus et soutenus. Dans notre secteur, l&#8217;empathie va au-del\u00e0 du travail d&#8217;\u00e9quipe interne, elle s&#8217;\u00e9tend \u00e0 la mani\u00e8re dont nous pouvons contribuer \u00e0 un changement qui aura un impact sur la vie de beaucoup d&#8217;autres personnes.   <\/p>\n\t\t\t\t\t\t\t\t<\/div>\n\t\t\t\t<\/div>\n\t\t\t\t<\/div>\n\t\t<div class=\"elementor-element elementor-element-6c67123 e-con-full e-flex e-con e-child\" data-id=\"6c67123\" data-element_type=\"container\" data-e-type=\"container\" data-settings=\"{&quot;background_background&quot;:&quot;classic&quot;}\">\n\t\t\t\t<div class=\"elementor-element elementor-element-757cba2 elementor-widget__width-inherit elementor-widget-mobile__width-inherit mas-addons-sticky-no elementor-widget elementor-widget-heading\" data-id=\"757cba2\" data-element_type=\"widget\" data-e-type=\"widget\" data-settings=\"{&quot;mas_addons_sticky&quot;:&quot;no&quot;}\" data-widget_type=\"heading.default\">\n\t\t\t\t<div class=\"elementor-widget-container\">\n\t\t\t\t\t<h3 class=\"elementor-heading-title elementor-size-default\">Collaboration<\/h3>\t\t\t\t<\/div>\n\t\t\t\t<\/div>\n\t\t\t\t<div class=\"elementor-element elementor-element-f14471d elementor-widget__width-initial mas-addons-sticky-no elementor-widget elementor-widget-text-editor\" data-id=\"f14471d\" data-element_type=\"widget\" data-e-type=\"widget\" data-settings=\"{&quot;mas_addons_sticky&quot;:&quot;no&quot;}\" data-widget_type=\"text-editor.default\">\n\t\t\t\t<div class=\"elementor-widget-container\">\n\t\t\t\t\t\t\t\t\t<p>En tant qu&#8217;\u00e9quipe r\u00e9partie sur plusieurs fuseaux horaires et zones g\u00e9ographiques, il est essentiel de faire preuve d&#8217;un esprit de collaboration. La collaboration favorise la transparence et la compr\u00e9hension de la part des membres de l&#8217;\u00e9quipe. Attendez-vous \u00e0 de bonnes intentions, au respect et \u00e0 l&#8217;inclusion dans tous les domaines de notre activit\u00e9, y compris dans notre travail avec nos clients. Travailler ensemble fait de l&#8217;\u00e9conomie circulaire un d\u00e9fi plus facile \u00e0 relever et rend le travail d&#8217;\u00e9quipe encore plus inspirant.   <\/p>\n\t\t\t\t\t\t\t\t<\/div>\n\t\t\t\t<\/div>\n\t\t\t\t<\/div>\n\t\t<div class=\"elementor-element elementor-element-c06cf86 e-con-full e-flex e-con e-child\" data-id=\"c06cf86\" data-element_type=\"container\" data-e-type=\"container\" data-settings=\"{&quot;background_background&quot;:&quot;classic&quot;}\">\n\t\t\t\t<div class=\"elementor-element elementor-element-f622666 elementor-widget__width-inherit elementor-widget-mobile__width-inherit mas-addons-sticky-no elementor-widget elementor-widget-heading\" data-id=\"f622666\" data-element_type=\"widget\" data-e-type=\"widget\" data-settings=\"{&quot;mas_addons_sticky&quot;:&quot;no&quot;}\" data-widget_type=\"heading.default\">\n\t\t\t\t<div class=\"elementor-widget-container\">\n\t\t\t\t\t<h3 class=\"elementor-heading-title elementor-size-default\">Confiance<\/h3>\t\t\t\t<\/div>\n\t\t\t\t<\/div>\n\t\t\t\t<div class=\"elementor-element elementor-element-d34383c elementor-widget__width-initial mas-addons-sticky-no elementor-widget elementor-widget-text-editor\" data-id=\"d34383c\" data-element_type=\"widget\" data-e-type=\"widget\" data-settings=\"{&quot;mas_addons_sticky&quot;:&quot;no&quot;}\" data-widget_type=\"text-editor.default\">\n\t\t\t\t<div class=\"elementor-widget-container\">\n\t\t\t\t\t\t\t\t\t<p>La confiance est la croyance que nous avons et entretenons les uns envers les autres, qui nous rend fiables et confiants dans notre capacit\u00e9 \u00e0 travailler ensemble. Elle nous permet de mieux collaborer et donne de la souplesse \u00e0 nos flux de travail. La confiance nous permet de toujours nous entraider et favorise l&#8217;appropriation pour atteindre nos objectifs et r\u00e9pondre aux besoins de l&#8217;entreprise. Au fur et \u00e0 mesure que la confiance s&#8217;installe, nous pouvons partager une bonne communication, en signalant lorsque quelque chose ne se passera pas comme pr\u00e9vu, par exemple une \u00e9ch\u00e9ance.   <\/p>\n\t\t\t\t\t\t\t\t<\/div>\n\t\t\t\t<\/div>\n\t\t\t\t<\/div>\n\t\t\t\t\t<\/div>\n\t\t\t\t<\/div>\n\t\t<div class=\"elementor-element elementor-element-83261e4 e-flex e-con-boxed e-con e-parent\" data-id=\"83261e4\" data-element_type=\"container\" data-e-type=\"container\" data-settings=\"{&quot;background_background&quot;:&quot;classic&quot;}\">\n\t\t\t\t\t<div class=\"e-con-inner\">\n\t\t\t\t<div class=\"elementor-element elementor-element-50c4b80 elementor-widget-mobile__width-inherit mas-addons-sticky-no elementor-widget elementor-widget-heading\" data-id=\"50c4b80\" data-element_type=\"widget\" data-e-type=\"widget\" data-settings=\"{&quot;mas_addons_sticky&quot;:&quot;no&quot;}\" data-widget_type=\"heading.default\">\n\t\t\t\t<div class=\"elementor-widget-container\">\n\t\t\t\t\t<h3 class=\"elementor-heading-title elementor-size-default\">Nous sommes une <span style=\"background-color: #7FCCC1;padding: 5px;border-radius: 10px;color:#EFEAE3\">\u00e9quipe internationale<\/span><\/h3>\t\t\t\t<\/div>\n\t\t\t\t<\/div>\n\t\t\t\t<div class=\"elementor-element elementor-element-2724eca elementor-widget__width-initial mas-addons-sticky-no elementor-widget elementor-widget-text-editor\" data-id=\"2724eca\" data-element_type=\"widget\" data-e-type=\"widget\" data-settings=\"{&quot;mas_addons_sticky&quot;:&quot;no&quot;}\" data-widget_type=\"text-editor.default\">\n\t\t\t\t<div class=\"elementor-widget-container\">\n\t\t\t\t\t\t\t\t\t<p>Notre \u00e9quipe parle plusieurs langues et s&#8217;\u00e9panouit dans la transparence et la collaboration. Nous proposons des postes \u00e0 distance afin de r\u00e9pondre aux besoins des membres de notre \u00e9quipe et de leur laisser de la place (sans jeu de mots !) pour la flexibilit\u00e9 et la croissance. <\/p>\n\t\t\t\t\t\t\t\t<\/div>\n\t\t\t\t<\/div>\n\t\t\t\t\t<\/div>\n\t\t\t\t<\/div>\n\t\t\t\t<\/div>\n\t\t","protected":false},"excerpt":{"rendered":"<p>Circular IQ Carri\u00e8res Nous aidons les entreprises du monde entier \u00e0 s&#8217;orienter vers l&#8217;\u00e9conomie circulaire et \u00e0 atteindre des objectifs audacieux en mati\u00e8re de d\u00e9veloppement durable. Rejoignez-nous et devenez un h\u00e9ros de la circularit\u00e9 ! A propos de nous Nous sommes une startup n\u00e9erlandaise avec une \u00e9quipe internationale et hybride\/\u00e0 distance de h\u00e9ros de la [&hellip;]<\/p>\n","protected":false},"author":7,"featured_media":0,"parent":0,"menu_order":0,"comment_status":"closed","ping_status":"closed","template":"elementor_header_footer","meta":{"inline_featured_image":false,"two_page_speed":[],"footnotes":""},"class_list":["post-10029","page","type-page","status-publish","hentry"],"acf":[],"_links":{"self":[{"href":"https:\/\/circular-iq.com\/fr\/wp-json\/wp\/v2\/pages\/10029","targetHints":{"allow":["GET"]}}],"collection":[{"href":"https:\/\/circular-iq.com\/fr\/wp-json\/wp\/v2\/pages"}],"about":[{"href":"https:\/\/circular-iq.com\/fr\/wp-json\/wp\/v2\/types\/page"}],"author":[{"embeddable":true,"href":"https:\/\/circular-iq.com\/fr\/wp-json\/wp\/v2\/users\/7"}],"replies":[{"embeddable":true,"href":"https:\/\/circular-iq.com\/fr\/wp-json\/wp\/v2\/comments?post=10029"}],"version-history":[{"count":0,"href":"https:\/\/circular-iq.com\/fr\/wp-json\/wp\/v2\/pages\/10029\/revisions"}],"wp:attachment":[{"href":"https:\/\/circular-iq.com\/fr\/wp-json\/wp\/v2\/media?parent=10029"}],"curies":[{"name":"wp","href":"https:\/\/api.w.org\/{rel}","templated":true}]}}