{"id":11228,"date":"2024-09-30T01:27:26","date_gmt":"2024-09-30T01:27:26","guid":{"rendered":"https:\/\/circular-iq.com\/clause-de-non-responsabilite\/"},"modified":"2024-11-17T02:02:44","modified_gmt":"2024-11-17T02:02:44","slug":"clause-de-non-responsabilite","status":"publish","type":"page","link":"https:\/\/circular-iq.com\/fr\/clause-de-non-responsabilite\/","title":{"rendered":"Clause de non-responsabilit\u00e9"},"content":{"rendered":"\t\t<div data-elementor-type=\"wp-page\" data-elementor-id=\"11228\" class=\"elementor elementor-11228 elementor-8878\" data-elementor-post-type=\"page\">\n\t\t\t\t<div class=\"elementor-element elementor-element-24f208d3 e-flex e-con-boxed e-con e-parent\" data-id=\"24f208d3\" data-element_type=\"container\" data-e-type=\"container\" data-settings=\"{&quot;background_background&quot;:&quot;classic&quot;}\">\n\t\t\t\t\t<div class=\"e-con-inner\">\n\t\t\t\t<div class=\"elementor-element elementor-element-25b0f45f mas-addons-sticky-no elementor-widget elementor-widget-heading\" data-id=\"25b0f45f\" data-element_type=\"widget\" data-e-type=\"widget\" data-settings=\"{&quot;mas_addons_sticky&quot;:&quot;no&quot;}\" data-widget_type=\"heading.default\">\n\t\t\t\t<div class=\"elementor-widget-container\">\n\t\t\t\t\t<h1 class=\"elementor-heading-title elementor-size-default\">Clause de non-responsabilit\u00e9<\/h1>\t\t\t\t<\/div>\n\t\t\t\t<\/div>\n\t\t\t\t\t<\/div>\n\t\t\t\t<\/div>\n\t\t<div class=\"elementor-element elementor-element-2dbde015 e-flex e-con-boxed e-con e-parent\" data-id=\"2dbde015\" data-element_type=\"container\" data-e-type=\"container\">\n\t\t\t\t\t<div class=\"e-con-inner\">\n\t\t\t\t<div class=\"elementor-element elementor-element-66bbd931 mas-addons-sticky-no elementor-widget elementor-widget-heading\" data-id=\"66bbd931\" data-element_type=\"widget\" data-e-type=\"widget\" data-settings=\"{&quot;mas_addons_sticky&quot;:&quot;no&quot;}\" data-widget_type=\"heading.default\">\n\t\t\t\t<div class=\"elementor-widget-container\">\n\t\t\t\t\t<span class=\"elementor-heading-title elementor-size-default\">Si vous souhaitez obtenir de plus amples informations ou si vous avez des questions concernant la clause de non-responsabilit\u00e9 de notre site, n'h\u00e9sitez pas \u00e0 nous contacter :<\/span>\t\t\t\t<\/div>\n\t\t\t\t<\/div>\n\t\t\t\t<div class=\"elementor-element elementor-element-24bd5850 mas-addons-sticky-no elementor-widget elementor-widget-text-editor\" data-id=\"24bd5850\" data-element_type=\"widget\" data-e-type=\"widget\" data-settings=\"{&quot;mas_addons_sticky&quot;:&quot;no&quot;}\" data-widget_type=\"text-editor.default\">\n\t\t\t\t<div class=\"elementor-widget-container\">\n\t\t\t\t\t\t\t\t\t<p>N&#8217;h\u00e9sitez pas \u00e0 nous contacter par courrier \u00e9lectronique \u00e0 l&#8217;adresse <a href=\"mailto:in**@*********iq.com\" data-original-string=\"ztS2a\/XJYAx\/yZ24uVSJ2g==3f8r\/NRzclWUIxHqei\/648RIIywqrhxc06nTIxk6UtZblM=\" title=\"This contact has been encoded by Anti-Spam by CleanTalk. Click to decode. To finish the decoding make sure that JavaScript is enabled in your browser.\">suivante : <span \n                data-original-string='G7LxBd3gPwFIuevMRV8ang==3f8q3727\/OlEiXzJi53z\/A6A2Yq9OkXi6EaLhqNbnVijCI='\n                class='apbct-email-encoder'\n                title='This contact has been encoded by Anti-Spam by CleanTalk. Click to decode. To finish the decoding make sure that JavaScript is enabled in your browser.'>in<span class=\"apbct-blur\">**<\/span>@<span class=\"apbct-blur\">*********<\/span>iq.com<\/span><\/a><\/p>\n\t\t\t\t\t\t\t\t<\/div>\n\t\t\t\t<\/div>\n\t\t\t\t<div class=\"elementor-element elementor-element-5c0cb35d mas-addons-sticky-no elementor-widget elementor-widget-heading\" data-id=\"5c0cb35d\" data-element_type=\"widget\" data-e-type=\"widget\" data-settings=\"{&quot;mas_addons_sticky&quot;:&quot;no&quot;}\" data-widget_type=\"heading.default\">\n\t\t\t\t<div class=\"elementor-widget-container\">\n\t\t\t\t\t<h3 class=\"elementor-heading-title elementor-size-default\">Clause de non-responsabilit\u00e9 pour le site web de Circular IQ<\/h3>\t\t\t\t<\/div>\n\t\t\t\t<\/div>\n\t\t\t\t<div class=\"elementor-element elementor-element-4c06c461 mas-addons-sticky-no elementor-widget elementor-widget-text-editor\" data-id=\"4c06c461\" data-element_type=\"widget\" data-e-type=\"widget\" data-settings=\"{&quot;mas_addons_sticky&quot;:&quot;no&quot;}\" data-widget_type=\"text-editor.default\">\n\t\t\t\t<div class=\"elementor-widget-container\">\n\t\t\t\t\t\t\t\t\t<p>Toutes les informations figurant sur ce site web <a href=\"https:\/\/circular-iq.com\/fr\/\">&#8211;<\/a> https:\/\/circular-iq.com\/ &#8211; sont publi\u00e9es en toute bonne foi et \u00e0 titre d&#8217;information g\u00e9n\u00e9rale uniquement. Le site Circular IQ ne donne aucune garantie quant \u00e0 l&#8217;exhaustivit\u00e9, la fiabilit\u00e9 et l&#8217;exactitude de ces informations. Toute action entreprise sur la base des informations trouv\u00e9es sur ce site web (site web Circular IQ) est strictement \u00e0 vos risques et p\u00e9rils. Le site web Circular IQ ne sera pas responsable des pertes et\/ou dommages li\u00e9s \u00e0 l&#8217;utilisation de notre site web. Notre avis de non-responsabilit\u00e9 a \u00e9t\u00e9 g\u00e9n\u00e9r\u00e9 \u00e0 l&#8217;aide du <a href=\"https:\/\/disclaimergenerator.net\/\" target=\"_blank\" rel=\"noopener\">g\u00e9n\u00e9rateur d&#8217;avis de non-responsabilit\u00e9<\/a> et du <a style=\"font-size: var( --e-global-typography-3a65872-font-size ); font-weight: var( --e-global-typography-3a65872-font-weight ); letter-spacing: var( --e-global-typography-3a65872-letter-spacing ); word-spacing: var( --e-global-typography-3a65872-word-spacing ); text-align: var(--text-align); background-color: #ffffff;\" href=\"https:\/\/disclaimer-template.com\/\" target=\"_blank\" rel=\"noopener\">mod\u00e8le d&#8217;avis de non-responsabilit\u00e9.<\/a>    <\/p>\n<p>\u00c0 partir de notre site web, vous pouvez visiter d&#8217;autres sites web en suivant les liens hypertextes vers ces sites externes. Bien que nous nous efforcions de ne fournir que des liens de qualit\u00e9 vers des sites utiles et \u00e9thiques, nous n&#8217;avons aucun contr\u00f4le sur le contenu et la nature de ces sites. Ces liens vers d&#8217;autres sites web n&#8217;impliquent pas une recommandation de l&#8217;ensemble du contenu de ces sites. Les propri\u00e9taires et le contenu des sites peuvent changer sans pr\u00e9avis et cela peut se produire avant que nous ayons la possibilit\u00e9 de supprimer un lien qui aurait pu devenir &#8220;mauvais&#8221;.   <\/p>\n<p>Sachez \u00e9galement que lorsque vous quittez notre site web, d&#8217;autres sites peuvent avoir des politiques de confidentialit\u00e9 et des conditions diff\u00e9rentes qui \u00e9chappent \u00e0 notre contr\u00f4le. Veillez \u00e0 v\u00e9rifier les politiques de confidentialit\u00e9 de ces sites ainsi que leurs &#8220;<b>conditions de service<\/b>&#8221; avant de vous engager dans une activit\u00e9 commerciale ou de t\u00e9l\u00e9charger des informations. <\/p>\n\t\t\t\t\t\t\t\t<\/div>\n\t\t\t\t<\/div>\n\t\t\t\t<div class=\"elementor-element elementor-element-7d9597e3 mas-addons-sticky-no elementor-widget elementor-widget-heading\" data-id=\"7d9597e3\" data-element_type=\"widget\" data-e-type=\"widget\" data-settings=\"{&quot;mas_addons_sticky&quot;:&quot;no&quot;}\" data-widget_type=\"heading.default\">\n\t\t\t\t<div class=\"elementor-widget-container\">\n\t\t\t\t\t<h3 class=\"elementor-heading-title elementor-size-default\">Consentement<\/h3>\t\t\t\t<\/div>\n\t\t\t\t<\/div>\n\t\t\t\t<div class=\"elementor-element elementor-element-1f77bfdf mas-addons-sticky-no elementor-widget elementor-widget-text-editor\" data-id=\"1f77bfdf\" data-element_type=\"widget\" data-e-type=\"widget\" data-settings=\"{&quot;mas_addons_sticky&quot;:&quot;no&quot;}\" data-widget_type=\"text-editor.default\">\n\t\t\t\t<div class=\"elementor-widget-container\">\n\t\t\t\t\t\t\t\t\t<p>En utilisant notre site web, vous consentez par la pr\u00e9sente \u00e0 notre clause de non-responsabilit\u00e9 et en acceptez les termes.<\/p>\n\t\t\t\t\t\t\t\t<\/div>\n\t\t\t\t<\/div>\n\t\t\t\t<div class=\"elementor-element elementor-element-105a9bf9 mas-addons-sticky-no elementor-widget elementor-widget-heading\" data-id=\"105a9bf9\" data-element_type=\"widget\" data-e-type=\"widget\" data-settings=\"{&quot;mas_addons_sticky&quot;:&quot;no&quot;}\" data-widget_type=\"heading.default\">\n\t\t\t\t<div class=\"elementor-widget-container\">\n\t\t\t\t\t<h3 class=\"elementor-heading-title elementor-size-default\">Mise \u00e0 jour<\/h3>\t\t\t\t<\/div>\n\t\t\t\t<\/div>\n\t\t\t\t<div class=\"elementor-element elementor-element-25b31c18 mas-addons-sticky-no elementor-widget elementor-widget-text-editor\" data-id=\"25b31c18\" data-element_type=\"widget\" data-e-type=\"widget\" data-settings=\"{&quot;mas_addons_sticky&quot;:&quot;no&quot;}\" data-widget_type=\"text-editor.default\">\n\t\t\t\t<div class=\"elementor-widget-container\">\n\t\t\t\t\t\t\t\t\t<p>Si nous mettons \u00e0 jour, modifions ou apportons des changements \u00e0 ce document, ces changements seront affich\u00e9s de mani\u00e8re visible ici.<\/p>\n\t\t\t\t\t\t\t\t<\/div>\n\t\t\t\t<\/div>\n\t\t\t\t\t<\/div>\n\t\t\t\t<\/div>\n\t\t\t\t<\/div>\n\t\t","protected":false},"excerpt":{"rendered":"<p>Clause de non-responsabilit\u00e9 Si vous souhaitez obtenir de plus amples informations ou si vous avez des questions concernant la clause de non-responsabilit\u00e9 de notre site, n&#8217;h\u00e9sitez pas \u00e0 nous contacter : N&#8217;h\u00e9sitez pas \u00e0 nous contacter par courrier \u00e9lectronique \u00e0 l&#8217;adresse suivante : in**@*********iq.com Clause de non-responsabilit\u00e9 pour le site web de Circular IQ Toutes [&hellip;]<\/p>\n","protected":false},"author":7,"featured_media":0,"parent":0,"menu_order":0,"comment_status":"closed","ping_status":"closed","template":"elementor_header_footer","meta":{"inline_featured_image":false,"two_page_speed":[],"footnotes":""},"class_list":["post-11228","page","type-page","status-publish","hentry"],"acf":[],"_links":{"self":[{"href":"https:\/\/circular-iq.com\/fr\/wp-json\/wp\/v2\/pages\/11228","targetHints":{"allow":["GET"]}}],"collection":[{"href":"https:\/\/circular-iq.com\/fr\/wp-json\/wp\/v2\/pages"}],"about":[{"href":"https:\/\/circular-iq.com\/fr\/wp-json\/wp\/v2\/types\/page"}],"author":[{"embeddable":true,"href":"https:\/\/circular-iq.com\/fr\/wp-json\/wp\/v2\/users\/7"}],"replies":[{"embeddable":true,"href":"https:\/\/circular-iq.com\/fr\/wp-json\/wp\/v2\/comments?post=11228"}],"version-history":[{"count":0,"href":"https:\/\/circular-iq.com\/fr\/wp-json\/wp\/v2\/pages\/11228\/revisions"}],"wp:attachment":[{"href":"https:\/\/circular-iq.com\/fr\/wp-json\/wp\/v2\/media?parent=11228"}],"curies":[{"name":"wp","href":"https:\/\/api.w.org\/{rel}","templated":true}]}}