{"id":12217,"date":"2024-09-30T01:11:57","date_gmt":"2024-09-30T01:11:57","guid":{"rendered":"https:\/\/circular-iq.com\/declaration-de-confidentialite\/"},"modified":"2024-11-17T02:05:01","modified_gmt":"2024-11-17T02:05:01","slug":"declaration-de-confidentialite","status":"publish","type":"page","link":"https:\/\/circular-iq.com\/fr\/declaration-de-confidentialite\/","title":{"rendered":"D\u00e9claration de confidentialit\u00e9"},"content":{"rendered":"\t\t<div data-elementor-type=\"wp-page\" data-elementor-id=\"12217\" class=\"elementor elementor-12217 elementor-8862\" data-elementor-post-type=\"page\">\n\t\t\t\t<div class=\"elementor-element elementor-element-1c82a53 e-flex e-con-boxed e-con e-parent\" data-id=\"1c82a53\" data-element_type=\"container\" data-e-type=\"container\" data-settings=\"{&quot;background_background&quot;:&quot;classic&quot;}\">\n\t\t\t\t\t<div class=\"e-con-inner\">\n\t\t\t\t<div class=\"elementor-element elementor-element-13f462f mas-addons-sticky-no elementor-widget elementor-widget-heading\" data-id=\"13f462f\" data-element_type=\"widget\" data-e-type=\"widget\" data-settings=\"{&quot;mas_addons_sticky&quot;:&quot;no&quot;}\" data-widget_type=\"heading.default\">\n\t\t\t\t<div class=\"elementor-widget-container\">\n\t\t\t\t\t<h1 class=\"elementor-heading-title elementor-size-default\">D\u00e9claration de confidentialit\u00e9<\/h1>\t\t\t\t<\/div>\n\t\t\t\t<\/div>\n\t\t\t\t<div class=\"elementor-element elementor-element-28b1f45 mas-addons-sticky-no elementor-widget elementor-widget-heading\" data-id=\"28b1f45\" data-element_type=\"widget\" data-e-type=\"widget\" data-settings=\"{&quot;mas_addons_sticky&quot;:&quot;no&quot;}\" data-widget_type=\"heading.default\">\n\t\t\t\t<div class=\"elementor-widget-container\">\n\t\t\t\t\t<span class=\"elementor-heading-title elementor-size-default\">Nous attachons une grande importance \u00e0 la protection de votre vie priv\u00e9e.<\/span>\t\t\t\t<\/div>\n\t\t\t\t<\/div>\n\t\t\t\t\t<\/div>\n\t\t\t\t<\/div>\n\t\t<div class=\"elementor-element elementor-element-e786e1c e-flex e-con-boxed e-con e-parent\" data-id=\"e786e1c\" data-element_type=\"container\" data-e-type=\"container\">\n\t\t\t\t\t<div class=\"e-con-inner\">\n\t\t\t\t<div class=\"elementor-element elementor-element-3697590 mas-addons-sticky-no elementor-widget elementor-widget-heading\" data-id=\"3697590\" data-element_type=\"widget\" data-e-type=\"widget\" data-settings=\"{&quot;mas_addons_sticky&quot;:&quot;no&quot;}\" data-widget_type=\"heading.default\">\n\t\t\t\t<div class=\"elementor-widget-container\">\n\t\t\t\t\t<span class=\"elementor-heading-title elementor-size-default\">Circular IQ est situ\u00e9 \u00e0 :<\/span>\t\t\t\t<\/div>\n\t\t\t\t<\/div>\n\t\t\t\t<div class=\"elementor-element elementor-element-c5f9e92 mas-addons-sticky-no elementor-widget elementor-widget-text-editor\" data-id=\"c5f9e92\" data-element_type=\"widget\" data-e-type=\"widget\" data-settings=\"{&quot;mas_addons_sticky&quot;:&quot;no&quot;}\" data-widget_type=\"text-editor.default\">\n\t\t\t\t<div class=\"elementor-widget-container\">\n\t\t\t\t\t\t\t\t\t<p>Circular IQ B.V.<br \/>Mauritskade 64<br \/>1092 AD, Amsterdam,<br \/>Pays-Bas<\/p>\n\t\t\t\t\t\t\t\t<\/div>\n\t\t\t\t<\/div>\n\t\t\t\t<div class=\"elementor-element elementor-element-0b3892a mas-addons-sticky-no elementor-widget elementor-widget-text-editor\" data-id=\"0b3892a\" data-element_type=\"widget\" data-e-type=\"widget\" data-settings=\"{&quot;mas_addons_sticky&quot;:&quot;no&quot;}\" data-widget_type=\"text-editor.default\">\n\t\t\t\t<div class=\"elementor-widget-container\">\n\t\t\t\t\t\t\t\t\t<p>Circular IQ a pour politique de respecter votre vie priv\u00e9e en ce qui concerne les informations que nous pourrions recueillir dans le cadre de l&#8217;exploitation de notre site web. La pr\u00e9sente politique de confidentialit\u00e9 s&#8217;applique \u00e0 <a href=\"https:\/\/circular-iq.com\/fr\/\">https:\/\/circular-iq.com\/<\/a> (ci-apr\u00e8s &#8220;<b>nous<\/b>&#8220;, &#8220;<b>notre<\/b>&#8221; ou &#8220;nos&#8221;).<a href=\"https:\/\/circular-iq.com\/fr\/\" target=\"_blank\"><b>https:\/\/circular-iq.com<\/b><\/a>&#8220;). Nous respectons votre vie priv\u00e9e et nous nous engageons \u00e0 prot\u00e9ger les informations personnellement identifiables que vous pouvez nous fournir par l&#8217;interm\u00e9diaire du site web. Nous avons adopt\u00e9 la pr\u00e9sente politique de protection de la vie priv\u00e9e (&#8220;<b>politique de protection de la vie priv\u00e9e<\/b>&#8220;) pour expliquer quelles informations peuvent \u00eatre collect\u00e9es sur notre site web, comment nous utilisons ces informations et dans quelles circonstances nous pouvons les divulguer \u00e0 des tiers. La pr\u00e9sente politique de confidentialit\u00e9 ne s&#8217;applique qu&#8217;aux informations que nous recueillons par l&#8217;interm\u00e9diaire du site web et ne s&#8217;applique pas \u00e0 la collecte d&#8217;informations provenant d&#8217;autres sources.    <\/p>\n<p>La pr\u00e9sente politique de protection de la vie priv\u00e9e, ainsi que les conditions g\u00e9n\u00e9rales publi\u00e9es sur notre site web, \u00e9noncent les r\u00e8gles et politiques g\u00e9n\u00e9rales r\u00e9gissant votre utilisation de notre site web. En fonction de vos activit\u00e9s lors de votre visite sur notre site web, il peut vous \u00eatre demand\u00e9 d&#8217;accepter des conditions suppl\u00e9mentaires. <\/p>\t\t\t\t\t\t\t\t<\/div>\n\t\t\t\t<\/div>\n\t\t\t\t<div class=\"elementor-element elementor-element-af39c8d mas-addons-sticky-no elementor-widget elementor-widget-heading\" data-id=\"af39c8d\" data-element_type=\"widget\" data-e-type=\"widget\" data-settings=\"{&quot;mas_addons_sticky&quot;:&quot;no&quot;}\" data-widget_type=\"heading.default\">\n\t\t\t\t<div class=\"elementor-widget-container\">\n\t\t\t\t\t<h3 class=\"elementor-heading-title elementor-size-default\">Visiteurs du site web<\/h3>\t\t\t\t<\/div>\n\t\t\t\t<\/div>\n\t\t\t\t<div class=\"elementor-element elementor-element-d374fb5 mas-addons-sticky-no elementor-widget elementor-widget-text-editor\" data-id=\"d374fb5\" data-element_type=\"widget\" data-e-type=\"widget\" data-settings=\"{&quot;mas_addons_sticky&quot;:&quot;no&quot;}\" data-widget_type=\"text-editor.default\">\n\t\t\t\t<div class=\"elementor-widget-container\">\n\t\t\t\t\t\t\t\t\t<p>Comme la plupart des op\u00e9rateurs de sites web, Circular IQ recueille des informations d&#8217;identification non personnelles du type de celles que les navigateurs et serveurs web mettent g\u00e9n\u00e9ralement \u00e0 disposition, telles que le type de navigateur, la pr\u00e9f\u00e9rence linguistique, le site de r\u00e9f\u00e9rence, ainsi que la date et l&#8217;heure de chaque demande du visiteur. L&#8217;objectif de Circular IQ en collectant des informations d&#8217;identification non personnelles est de mieux comprendre comment les visiteurs de Circular IQ utilisent son site web. De temps \u00e0 autre, Circular IQ peut publier des informations non personnelles dans l&#8217;ensemble, par exemple en publiant un rapport sur les tendances d&#8217;utilisation de son site web.  <\/p>\n<p>Circular IQ recueille \u00e9galement des informations potentiellement nominatives telles que le protocole Internet (IP) pour les utilisateurs connect\u00e9s et pour les utilisateurs qui laissent des commentaires sur les articles du blog <a href=\"https:\/\/circular-iq.com\/fr\/\" target=\"_blank\" rel=\"noopener\">https:\/\/circular-iq.com\/<\/a>. Circular IQ ne divulgue les adresses IP des utilisateurs connect\u00e9s et des commentateurs que dans les m\u00eames circonstances que celles dans lesquelles elle utilise et divulgue les informations d&#8217;identification personnelle d\u00e9crites ci-dessous. <\/p>\n\t\t\t\t\t\t\t\t<\/div>\n\t\t\t\t<\/div>\n\t\t\t\t<div class=\"elementor-element elementor-element-194a8ee mas-addons-sticky-no elementor-widget elementor-widget-heading\" data-id=\"194a8ee\" data-element_type=\"widget\" data-e-type=\"widget\" data-settings=\"{&quot;mas_addons_sticky&quot;:&quot;no&quot;}\" data-widget_type=\"heading.default\">\n\t\t\t\t<div class=\"elementor-widget-container\">\n\t\t\t\t\t<h3 class=\"elementor-heading-title elementor-size-default\">Collecte d'informations d'identification personnelle<\/h3>\t\t\t\t<\/div>\n\t\t\t\t<\/div>\n\t\t\t\t<div class=\"elementor-element elementor-element-2aaa63d mas-addons-sticky-no elementor-widget elementor-widget-text-editor\" data-id=\"2aaa63d\" data-element_type=\"widget\" data-e-type=\"widget\" data-settings=\"{&quot;mas_addons_sticky&quot;:&quot;no&quot;}\" data-widget_type=\"text-editor.default\">\n\t\t\t\t<div class=\"elementor-widget-container\">\n\t\t\t\t\t\t\t\t\t<p>Certains visiteurs des sites web de Circular IQ choisissent d&#8217;interagir avec Circular IQ d&#8217;une mani\u00e8re qui exige que Circular IQ recueille des informations d&#8217;identification personnelle. La quantit\u00e9 et le type d&#8217;informations que Circular IQ recueille d\u00e9pendent de la nature de l&#8217;interaction. Par exemple, nous demandons aux visiteurs qui s&#8217;inscrivent \u00e0 un bulletin d&#8217;information sur <a href=\"https:\/\/circular-iq.com\/fr\/\" target=\"_blank\" rel=\"noopener\">https:\/\/circular-iq.com<\/a> de fournir un nom et une adresse \u00e9lectronique.  <\/p>\n\t\t\t\t\t\t\t\t<\/div>\n\t\t\t\t<\/div>\n\t\t\t\t<div class=\"elementor-element elementor-element-bfd02fc mas-addons-sticky-no elementor-widget elementor-widget-heading\" data-id=\"bfd02fc\" data-element_type=\"widget\" data-e-type=\"widget\" data-settings=\"{&quot;mas_addons_sticky&quot;:&quot;no&quot;}\" data-widget_type=\"heading.default\">\n\t\t\t\t<div class=\"elementor-widget-container\">\n\t\t\t\t\t<h3 class=\"elementor-heading-title elementor-size-default\">S\u00e9curit\u00e9<\/h3>\t\t\t\t<\/div>\n\t\t\t\t<\/div>\n\t\t\t\t<div class=\"elementor-element elementor-element-8fc29ce mas-addons-sticky-no elementor-widget elementor-widget-text-editor\" data-id=\"8fc29ce\" data-element_type=\"widget\" data-e-type=\"widget\" data-settings=\"{&quot;mas_addons_sticky&quot;:&quot;no&quot;}\" data-widget_type=\"text-editor.default\">\n\t\t\t\t<div class=\"elementor-widget-container\">\n\t\t\t\t\t\t\t\t\t<p>La s\u00e9curit\u00e9 de vos informations personnelles est importante pour nous, mais n&#8217;oubliez pas qu&#8217;aucune m\u00e9thode de transmission sur Internet ou de stockage \u00e9lectronique n&#8217;est s\u00fbre \u00e0 100 %. Bien que nous nous efforcions d&#8217;utiliser des moyens commercialement acceptables pour prot\u00e9ger vos informations personnelles, nous ne pouvons pas garantir leur s\u00e9curit\u00e9 absolue. <\/p>\n\t\t\t\t\t\t\t\t<\/div>\n\t\t\t\t<\/div>\n\t\t\t\t<div class=\"elementor-element elementor-element-5189534 mas-addons-sticky-no elementor-widget elementor-widget-heading\" data-id=\"5189534\" data-element_type=\"widget\" data-e-type=\"widget\" data-settings=\"{&quot;mas_addons_sticky&quot;:&quot;no&quot;}\" data-widget_type=\"heading.default\">\n\t\t\t\t<div class=\"elementor-widget-container\">\n\t\t\t\t\t<h3 class=\"elementor-heading-title elementor-size-default\">Liens vers des sites externes<\/h3>\t\t\t\t<\/div>\n\t\t\t\t<\/div>\n\t\t\t\t<div class=\"elementor-element elementor-element-d243404 mas-addons-sticky-no elementor-widget elementor-widget-text-editor\" data-id=\"d243404\" data-element_type=\"widget\" data-e-type=\"widget\" data-settings=\"{&quot;mas_addons_sticky&quot;:&quot;no&quot;}\" data-widget_type=\"text-editor.default\">\n\t\t\t\t<div class=\"elementor-widget-container\">\n\t\t\t\t\t\t\t\t\t<p>Notre service peut contenir des liens vers des sites externes qui ne sont pas exploit\u00e9s par nous. Si vous cliquez sur le lien d&#8217;un tiers, vous serez dirig\u00e9 vers le site de ce tiers. Nous vous conseillons vivement de consulter la politique de confidentialit\u00e9 et les conditions g\u00e9n\u00e9rales de chaque site que vous visitez.  <\/p>\n<p>Nous n&#8217;avons aucun contr\u00f4le sur le contenu, les politiques de confidentialit\u00e9 ou les pratiques des sites, produits ou services de tiers, et nous n&#8217;assumons aucune responsabilit\u00e9 \u00e0 cet \u00e9gard.<\/p>\n\t\t\t\t\t\t\t\t<\/div>\n\t\t\t\t<\/div>\n\t\t\t\t<div class=\"elementor-element elementor-element-7fe5f18 mas-addons-sticky-no elementor-widget elementor-widget-heading\" data-id=\"7fe5f18\" data-element_type=\"widget\" data-e-type=\"widget\" data-settings=\"{&quot;mas_addons_sticky&quot;:&quot;no&quot;}\" data-widget_type=\"heading.default\">\n\t\t\t\t<div class=\"elementor-widget-container\">\n\t\t\t\t\t<h3 class=\"elementor-heading-title elementor-size-default\">Statistiques agr\u00e9g\u00e9es<\/h3>\t\t\t\t<\/div>\n\t\t\t\t<\/div>\n\t\t\t\t<div class=\"elementor-element elementor-element-f865e3f mas-addons-sticky-no elementor-widget elementor-widget-text-editor\" data-id=\"f865e3f\" data-element_type=\"widget\" data-e-type=\"widget\" data-settings=\"{&quot;mas_addons_sticky&quot;:&quot;no&quot;}\" data-widget_type=\"text-editor.default\">\n\t\t\t\t<div class=\"elementor-widget-container\">\n\t\t\t\t\t\t\t\t\t<p>Circular IQ peut recueillir des statistiques sur le comportement des visiteurs de son site web. Circular IQ peut afficher ces informations publiquement ou les fournir \u00e0 d&#8217;autres. Toutefois, Circular IQ ne divulgue pas vos informations d&#8217;identification personnelle.  <\/p>\n\t\t\t\t\t\t\t\t<\/div>\n\t\t\t\t<\/div>\n\t\t\t\t<div class=\"elementor-element elementor-element-01d127f mas-addons-sticky-no elementor-widget elementor-widget-heading\" data-id=\"01d127f\" data-element_type=\"widget\" data-e-type=\"widget\" data-settings=\"{&quot;mas_addons_sticky&quot;:&quot;no&quot;}\" data-widget_type=\"heading.default\">\n\t\t\t\t<div class=\"elementor-widget-container\">\n\t\t\t\t\t<h3 class=\"elementor-heading-title elementor-size-default\">Cookies<\/h3>\t\t\t\t<\/div>\n\t\t\t\t<\/div>\n\t\t\t\t<div class=\"elementor-element elementor-element-dcae305 mas-addons-sticky-no elementor-widget elementor-widget-text-editor\" data-id=\"dcae305\" data-element_type=\"widget\" data-e-type=\"widget\" data-settings=\"{&quot;mas_addons_sticky&quot;:&quot;no&quot;}\" data-widget_type=\"text-editor.default\">\n\t\t\t\t<div class=\"elementor-widget-container\">\n\t\t\t\t\t\t\t\t\t<p>Afin d&#8217;enrichir et de perfectionner votre exp\u00e9rience en ligne, Circular IQ utilise des &#8220;<b>cookies<\/b>&#8220;, des technologies similaires et des services fournis par d&#8217;autres pour afficher un contenu personnalis\u00e9, une publicit\u00e9 appropri\u00e9e et enregistrer vos pr\u00e9f\u00e9rences sur votre ordinateur.<\/p>\n<p>Un cookie est une cha\u00eene d&#8217;informations qu&#8217;un site web stocke sur l&#8217;ordinateur d&#8217;un visiteur et que le navigateur du visiteur fournit au site web \u00e0 chaque fois que le visiteur revient. Circular IQ utilise des cookies pour aider Circular IQ \u00e0 identifier et \u00e0 suivre les visiteurs, leur utilisation de <a href=\"https:\/\/circular-iq.com\/fr\/\" target=\"_blank\" rel=\"noopener\">https:\/\/circular-iq.com et<\/a> leurs pr\u00e9f\u00e9rences d&#8217;acc\u00e8s au site web. Les visiteurs de Circular IQ qui ne souhaitent pas que des cookies soient plac\u00e9s sur leur ordinateur doivent configurer leur navigateur de mani\u00e8re \u00e0 refuser les cookies avant d&#8217;utiliser les sites web de Circular IQ, avec l&#8217;inconv\u00e9nient que certaines fonctionnalit\u00e9s des sites web de Circular IQ peuvent ne pas fonctionner correctement sans l&#8217;aide de cookies.  <\/p>\n<p>En continuant \u00e0 naviguer sur notre site web sans modifier vos param\u00e8tres en mati\u00e8re de cookies, vous reconnaissez et acceptez par la pr\u00e9sente l&#8217;utilisation de cookies par Circular IQ.<\/p>\n\t\t\t\t\t\t\t\t<\/div>\n\t\t\t\t<\/div>\n\t\t\t\t<div class=\"elementor-element elementor-element-af40253 mas-addons-sticky-no elementor-widget elementor-widget-heading\" data-id=\"af40253\" data-element_type=\"widget\" data-e-type=\"widget\" data-settings=\"{&quot;mas_addons_sticky&quot;:&quot;no&quot;}\" data-widget_type=\"heading.default\">\n\t\t\t\t<div class=\"elementor-widget-container\">\n\t\t\t\t\t<h3 class=\"elementor-heading-title elementor-size-default\">Modifications de la politique de confidentialit\u00e9<\/h3>\t\t\t\t<\/div>\n\t\t\t\t<\/div>\n\t\t\t\t<div class=\"elementor-element elementor-element-321f576 mas-addons-sticky-no elementor-widget elementor-widget-text-editor\" data-id=\"321f576\" data-element_type=\"widget\" data-e-type=\"widget\" data-settings=\"{&quot;mas_addons_sticky&quot;:&quot;no&quot;}\" data-widget_type=\"text-editor.default\">\n\t\t\t\t<div class=\"elementor-widget-container\">\n\t\t\t\t\t\t\t\t\t<p>Bien que la plupart des changements soient probablement mineurs, Circular IQ peut modifier sa politique de confidentialit\u00e9 de temps \u00e0 autre et \u00e0 sa seule discr\u00e9tion. Circular IQ encourage les visiteurs \u00e0 consulter fr\u00e9quemment cette page pour prendre connaissance des modifications apport\u00e9es \u00e0 sa politique de confidentialit\u00e9. En continuant \u00e0 utiliser ce site apr\u00e8s toute modification de la politique de confidentialit\u00e9, vous acceptez cette modification.  <\/p>\n\t\t\t\t\t\t\t\t<\/div>\n\t\t\t\t<\/div>\n\t\t\t\t<div class=\"elementor-element elementor-element-fe993fe mas-addons-sticky-no elementor-widget elementor-widget-heading\" data-id=\"fe993fe\" data-element_type=\"widget\" data-e-type=\"widget\" data-settings=\"{&quot;mas_addons_sticky&quot;:&quot;no&quot;}\" data-widget_type=\"heading.default\">\n\t\t\t\t<div class=\"elementor-widget-container\">\n\t\t\t\t\t<h3 class=\"elementor-heading-title elementor-size-default\">Informations sur le contact<\/h3>\t\t\t\t<\/div>\n\t\t\t\t<\/div>\n\t\t\t\t<div class=\"elementor-element elementor-element-a68e390 mas-addons-sticky-no elementor-widget elementor-widget-text-editor\" data-id=\"a68e390\" data-element_type=\"widget\" data-e-type=\"widget\" data-settings=\"{&quot;mas_addons_sticky&quot;:&quot;no&quot;}\" data-widget_type=\"text-editor.default\">\n\t\t\t\t<div class=\"elementor-widget-container\">\n\t\t\t\t\t\t\t\t\t<p>Si vous avez des questions concernant cette politique de confidentialit\u00e9, veuillez nous contacter par <a href=\"mailto:in**@*********iq.com\" data-original-string=\"P+Pq\/9hNXOGhaysJ8K5gaQ==3f8eGAePE9IJ3LEOHz7d9xaYjy6t7PUH8bh7x1jkOi5Q70=\" title=\"This contact has been encoded by Anti-Spam by CleanTalk. Click to decode. To finish the decoding make sure that JavaScript is enabled in your browser.\" target=\"_blank\" rel=\"noopener\">courrier \u00e9lectronique<\/a> ou par <a href=\"http:\/\/tel:0031202101247\" target=\"_blank\" rel=\"noopener\">t\u00e9l\u00e9phone<\/a><\/p>\n\t\t\t\t\t\t\t\t<\/div>\n\t\t\t\t<\/div>\n\t\t\t\t\t<\/div>\n\t\t\t\t<\/div>\n\t\t\t\t<\/div>\n\t\t","protected":false},"excerpt":{"rendered":"<p>D\u00e9claration de confidentialit\u00e9 Nous attachons une grande importance \u00e0 la protection de votre vie priv\u00e9e. Circular IQ est situ\u00e9 \u00e0 : Circular IQ B.V.Mauritskade 641092 AD, Amsterdam,Pays-Bas Circular IQ a pour politique de respecter votre vie priv\u00e9e en ce qui concerne les informations que nous pourrions recueillir dans le cadre de l&#8217;exploitation de notre site [&hellip;]<\/p>\n","protected":false},"author":7,"featured_media":0,"parent":0,"menu_order":0,"comment_status":"closed","ping_status":"closed","template":"elementor_header_footer","meta":{"inline_featured_image":false,"two_page_speed":[],"footnotes":""},"class_list":["post-12217","page","type-page","status-publish","hentry"],"acf":[],"_links":{"self":[{"href":"https:\/\/circular-iq.com\/fr\/wp-json\/wp\/v2\/pages\/12217","targetHints":{"allow":["GET"]}}],"collection":[{"href":"https:\/\/circular-iq.com\/fr\/wp-json\/wp\/v2\/pages"}],"about":[{"href":"https:\/\/circular-iq.com\/fr\/wp-json\/wp\/v2\/types\/page"}],"author":[{"embeddable":true,"href":"https:\/\/circular-iq.com\/fr\/wp-json\/wp\/v2\/users\/7"}],"replies":[{"embeddable":true,"href":"https:\/\/circular-iq.com\/fr\/wp-json\/wp\/v2\/comments?post=12217"}],"version-history":[{"count":0,"href":"https:\/\/circular-iq.com\/fr\/wp-json\/wp\/v2\/pages\/12217\/revisions"}],"wp:attachment":[{"href":"https:\/\/circular-iq.com\/fr\/wp-json\/wp\/v2\/media?parent=12217"}],"curies":[{"name":"wp","href":"https:\/\/api.w.org\/{rel}","templated":true}]}}