{"id":10016,"date":"2024-10-15T22:02:13","date_gmt":"2024-10-15T22:02:13","guid":{"rendered":"https:\/\/circular-iq.com\/carriera\/"},"modified":"2024-11-17T01:57:45","modified_gmt":"2024-11-17T01:57:45","slug":"carriera","status":"publish","type":"page","link":"https:\/\/circular-iq.com\/it\/carriera\/","title":{"rendered":"Carriera"},"content":{"rendered":"\t\t<div data-elementor-type=\"wp-page\" data-elementor-id=\"10016\" class=\"elementor elementor-10016 elementor-9023\" data-elementor-post-type=\"page\">\n\t\t\t\t<div class=\"elementor-element elementor-element-ab2b5c1 e-flex e-con-boxed e-con e-parent\" data-id=\"ab2b5c1\" data-element_type=\"container\" data-e-type=\"container\" data-settings=\"{&quot;background_background&quot;:&quot;classic&quot;}\">\n\t\t\t\t\t<div class=\"e-con-inner\">\n\t\t\t\t<div class=\"elementor-element elementor-element-0d449a2 mas-addons-sticky-no elementor-widget elementor-widget-heading\" data-id=\"0d449a2\" data-element_type=\"widget\" data-e-type=\"widget\" data-settings=\"{&quot;mas_addons_sticky&quot;:&quot;no&quot;}\" data-widget_type=\"heading.default\">\n\t\t\t\t<div class=\"elementor-widget-container\">\n\t\t\t\t\t<h1 class=\"elementor-heading-title elementor-size-default\">Carriere Circular IQ<\/h1>\t\t\t\t<\/div>\n\t\t\t\t<\/div>\n\t\t\t\t<div class=\"elementor-element elementor-element-f9a71cb elementor-widget__width-initial mas-addons-sticky-no elementor-widget elementor-widget-heading\" data-id=\"f9a71cb\" data-element_type=\"widget\" data-e-type=\"widget\" data-settings=\"{&quot;mas_addons_sticky&quot;:&quot;no&quot;}\" data-widget_type=\"heading.default\">\n\t\t\t\t<div class=\"elementor-widget-container\">\n\t\t\t\t\t<span class=\"elementor-heading-title elementor-size-default\">Sosteniamo le aziende di tutto il mondo nel passaggio all'economia circolare e nel raggiungimento di audaci obiettivi di sostenibilit\u00e0.\nSi unisca a noi e diventi un eroe della circolarit\u00e0!<\/span>\t\t\t\t<\/div>\n\t\t\t\t<\/div>\n\t\t\t\t\t<\/div>\n\t\t\t\t<\/div>\n\t\t<div class=\"elementor-element elementor-element-4a70a8d e-flex e-con-boxed e-con e-parent\" data-id=\"4a70a8d\" data-element_type=\"container\" data-e-type=\"container\">\n\t\t\t\t\t<div class=\"e-con-inner\">\n\t\t<div class=\"elementor-element elementor-element-82656a2 e-con-full elementor-hidden-mobile e-flex e-con e-child\" data-id=\"82656a2\" data-element_type=\"container\" data-e-type=\"container\">\n\t\t\t\t<div class=\"elementor-element elementor-element-d9ca8c5 mas-addons-sticky-no elementor-widget elementor-widget-image\" data-id=\"d9ca8c5\" data-element_type=\"widget\" data-e-type=\"widget\" data-settings=\"{&quot;mas_addons_sticky&quot;:&quot;no&quot;}\" data-widget_type=\"image.default\">\n\t\t\t\t<div class=\"elementor-widget-container\">\n\t\t\t\t\t\t\t\t\t\t\t\t\t\t\t<img fetchpriority=\"high\" decoding=\"async\" width=\"561\" height=\"200\" src=\"https:\/\/circular-iq.com\/wp-content\/uploads\/2024\/06\/Logo@2x.png\" class=\"attachment-large size-large wp-image-7573\" alt=\"\" srcset=\"https:\/\/circular-iq.com\/wp-content\/uploads\/2024\/06\/Logo@2x.png 561w, https:\/\/circular-iq.com\/wp-content\/uploads\/2024\/06\/Logo@2x-300x107.png 300w\" sizes=\"(max-width: 561px) 100vw, 561px\" \/>\t\t\t\t\t\t\t\t\t\t\t\t\t\t\t<\/div>\n\t\t\t\t<\/div>\n\t\t\t\t<\/div>\n\t\t<div class=\"elementor-element elementor-element-128a53b e-con-full e-flex e-con e-child\" data-id=\"128a53b\" data-element_type=\"container\" data-e-type=\"container\">\n\t\t\t\t<div class=\"elementor-element elementor-element-e51ba97 mas-addons-sticky-no elementor-widget elementor-widget-heading\" data-id=\"e51ba97\" data-element_type=\"widget\" data-e-type=\"widget\" data-settings=\"{&quot;mas_addons_sticky&quot;:&quot;no&quot;}\" data-widget_type=\"heading.default\">\n\t\t\t\t<div class=\"elementor-widget-container\">\n\t\t\t\t\t<h2 class=\"elementor-heading-title elementor-size-default\">Chi siamo<\/h2>\t\t\t\t<\/div>\n\t\t\t\t<\/div>\n\t\t\t\t<div class=\"elementor-element elementor-element-99f2d43 mas-addons-sticky-no elementor-widget elementor-widget-text-editor\" data-id=\"99f2d43\" data-element_type=\"widget\" data-e-type=\"widget\" data-settings=\"{&quot;mas_addons_sticky&quot;:&quot;no&quot;}\" data-widget_type=\"text-editor.default\">\n\t\t\t\t<div class=\"elementor-widget-container\">\n\t\t\t\t\t\t\t\t\t<p>Siamo una startup olandese con un team internazionale e ibrido\/remoto di eroi della circolarit\u00e0, che crea strumenti digitali che aiutano le aziende di tutto il mondo a muoversi verso l&#8217;economia circolare. La nostra missione \u00e8 supportare le aziende a misurare, migliorare e rendicontare le loro performance circolari e a mantenere le loro promesse di sostenibilit\u00e0 con analisi basate sui dati. Le aiutiamo ad ancorare la circolarit\u00e0 nelle loro attivit\u00e0 e ad attivare la loro catena di approvvigionamento per aumentare il loro impatto positivo sul pianeta!  <\/p>\n\t\t\t\t\t\t\t\t<\/div>\n\t\t\t\t<\/div>\n\t\t\t\t<\/div>\n\t\t\t\t\t<\/div>\n\t\t\t\t<\/div>\n\t\t<div class=\"elementor-element elementor-element-26598ad e-flex e-con-boxed e-con e-parent\" data-id=\"26598ad\" data-element_type=\"container\" data-e-type=\"container\" data-settings=\"{&quot;background_background&quot;:&quot;classic&quot;}\">\n\t\t\t\t\t<div class=\"e-con-inner\">\n\t\t\t\t<div class=\"elementor-element elementor-element-a81e4c4 elementor-widget-mobile__width-inherit mas-addons-sticky-no elementor-widget elementor-widget-heading\" data-id=\"a81e4c4\" data-element_type=\"widget\" data-e-type=\"widget\" data-settings=\"{&quot;mas_addons_sticky&quot;:&quot;no&quot;}\" data-widget_type=\"heading.default\">\n\t\t\t\t<div class=\"elementor-widget-container\">\n\t\t\t\t\t<h2 class=\"elementor-heading-title elementor-size-default\">I nostri partner<\/h2>\t\t\t\t<\/div>\n\t\t\t\t<\/div>\n\t\t\t\t<div class=\"elementor-element elementor-element-125db1b elementor-widget__width-initial mas-addons-sticky-no elementor-widget elementor-widget-heading\" data-id=\"125db1b\" data-element_type=\"widget\" data-e-type=\"widget\" data-settings=\"{&quot;mas_addons_sticky&quot;:&quot;no&quot;}\" data-widget_type=\"heading.default\">\n\t\t\t\t<div class=\"elementor-widget-container\">\n\t\t\t\t\t<span class=\"elementor-heading-title elementor-size-default\">Crediamo che la collaborazione porti al cambiamento!<\/span>\t\t\t\t<\/div>\n\t\t\t\t<\/div>\n\t\t\t\t<div class=\"elementor-element elementor-element-a01576d elementor-widget__width-initial mas-addons-sticky-no elementor-widget elementor-widget-text-editor\" data-id=\"a01576d\" data-element_type=\"widget\" data-e-type=\"widget\" data-settings=\"{&quot;mas_addons_sticky&quot;:&quot;no&quot;}\" data-widget_type=\"text-editor.default\">\n\t\t\t\t<div class=\"elementor-widget-container\">\n\t\t\t\t\t\t\t\t\t<p>Ecco perch\u00e9 siamo orgogliosi di collaborare con i leader della circolarit\u00e0 che la pensano allo stesso modo, per accelerare la transizione verso un&#8217;economia circolare riparatrice.<\/p>\n\t\t\t\t\t\t\t\t<\/div>\n\t\t\t\t<\/div>\n\t\t\t\t<div class=\"elementor-element elementor-element-a5e5b8f elementor-widget-mobile__width-inherit elementor-pagination-position-outside mas-addons-sticky-no elementor-widget elementor-widget-image-carousel\" data-id=\"a5e5b8f\" data-element_type=\"widget\" data-e-type=\"widget\" data-settings=\"{&quot;slides_to_show&quot;:&quot;7&quot;,&quot;navigation&quot;:&quot;dots&quot;,&quot;autoplay_speed&quot;:3000,&quot;slides_to_show_mobile&quot;:&quot;3&quot;,&quot;image_spacing_custom_mobile&quot;:{&quot;unit&quot;:&quot;px&quot;,&quot;size&quot;:20,&quot;sizes&quot;:[]},&quot;autoplay&quot;:&quot;yes&quot;,&quot;pause_on_hover&quot;:&quot;yes&quot;,&quot;pause_on_interaction&quot;:&quot;yes&quot;,&quot;infinite&quot;:&quot;yes&quot;,&quot;speed&quot;:500,&quot;image_spacing_custom&quot;:{&quot;unit&quot;:&quot;px&quot;,&quot;size&quot;:20,&quot;sizes&quot;:[]},&quot;image_spacing_custom_tablet&quot;:{&quot;unit&quot;:&quot;px&quot;,&quot;size&quot;:&quot;&quot;,&quot;sizes&quot;:[]},&quot;mas_addons_sticky&quot;:&quot;no&quot;}\" data-widget_type=\"image-carousel.default\">\n\t\t\t\t<div class=\"elementor-widget-container\">\n\t\t\t\t\t\t\t<div class=\"elementor-image-carousel-wrapper swiper\" role=\"region\" aria-roledescription=\"carousel\" aria-label=\"Carosello d&#039;immagini\" dir=\"ltr\">\n\t\t\t<div class=\"elementor-image-carousel swiper-wrapper\" aria-live=\"off\">\n\t\t\t\t\t\t\t\t<div class=\"swiper-slide\" role=\"group\" aria-roledescription=\"slide\" aria-label=\"1 di 15\"><figure class=\"swiper-slide-inner\"><img decoding=\"async\" class=\"swiper-slide-image\" src=\"https:\/\/circular-iq.com\/wp-content\/uploads\/2024\/06\/1_Microsoft.webp\" alt=\"1_Microsoft\" \/><\/figure><\/div><div class=\"swiper-slide\" role=\"group\" aria-roledescription=\"slide\" aria-label=\"2 di 15\"><figure class=\"swiper-slide-inner\"><img decoding=\"async\" class=\"swiper-slide-image\" src=\"https:\/\/circular-iq.com\/wp-content\/uploads\/2024\/06\/2_Action.webp\" alt=\"2_Action\" \/><\/figure><\/div><div class=\"swiper-slide\" role=\"group\" aria-roledescription=\"slide\" aria-label=\"3 di 15\"><figure class=\"swiper-slide-inner\"><img decoding=\"async\" class=\"swiper-slide-image\" src=\"https:\/\/circular-iq.com\/wp-content\/uploads\/2024\/07\/Sony.png\" alt=\"Sony\" \/><\/figure><\/div><div class=\"swiper-slide\" role=\"group\" aria-roledescription=\"slide\" aria-label=\"4 di 15\"><figure class=\"swiper-slide-inner\"><img decoding=\"async\" class=\"swiper-slide-image\" src=\"https:\/\/circular-iq.com\/wp-content\/uploads\/2024\/06\/4_DB.webp\" alt=\"4_DB\" \/><\/figure><\/div><div class=\"swiper-slide\" role=\"group\" aria-roledescription=\"slide\" aria-label=\"5 di 15\"><figure class=\"swiper-slide-inner\"><img decoding=\"async\" class=\"swiper-slide-image\" src=\"https:\/\/circular-iq.com\/wp-content\/uploads\/2024\/06\/9_NS.webp\" alt=\"9_NS\" \/><\/figure><\/div><div class=\"swiper-slide\" role=\"group\" aria-roledescription=\"slide\" aria-label=\"6 di 15\"><figure class=\"swiper-slide-inner\"><img decoding=\"async\" class=\"swiper-slide-image\" src=\"https:\/\/circular-iq.com\/wp-content\/uploads\/2024\/06\/Aptar.webp\" alt=\"Aptar\" \/><\/figure><\/div><div class=\"swiper-slide\" role=\"group\" aria-roledescription=\"slide\" aria-label=\"7 di 15\"><figure class=\"swiper-slide-inner\"><img decoding=\"async\" class=\"swiper-slide-image\" src=\"https:\/\/circular-iq.com\/wp-content\/uploads\/2024\/07\/BritishTelecom.png\" alt=\"BritishTelecom\" \/><\/figure><\/div><div class=\"swiper-slide\" role=\"group\" aria-roledescription=\"slide\" aria-label=\"8 di 15\"><figure class=\"swiper-slide-inner\"><img decoding=\"async\" class=\"swiper-slide-image\" src=\"https:\/\/circular-iq.com\/wp-content\/uploads\/2024\/06\/BP.webp\" alt=\"BP\" \/><\/figure><\/div><div class=\"swiper-slide\" role=\"group\" aria-roledescription=\"slide\" aria-label=\"9 di 15\"><figure class=\"swiper-slide-inner\"><img decoding=\"async\" class=\"swiper-slide-image\" src=\"https:\/\/circular-iq.com\/wp-content\/uploads\/2024\/06\/Capgemini.webp\" alt=\"Capgemini\" \/><\/figure><\/div><div class=\"swiper-slide\" role=\"group\" aria-roledescription=\"slide\" aria-label=\"10 di 15\"><figure class=\"swiper-slide-inner\"><img decoding=\"async\" class=\"swiper-slide-image\" src=\"https:\/\/circular-iq.com\/wp-content\/uploads\/2024\/07\/Avient.png\" alt=\"Avient\" \/><\/figure><\/div><div class=\"swiper-slide\" role=\"group\" aria-roledescription=\"slide\" aria-label=\"11 di 15\"><figure class=\"swiper-slide-inner\"><img decoding=\"async\" class=\"swiper-slide-image\" src=\"https:\/\/circular-iq.com\/wp-content\/uploads\/2024\/07\/Brisa.png\" alt=\"Brisa\" \/><\/figure><\/div><div class=\"swiper-slide\" role=\"group\" aria-roledescription=\"slide\" aria-label=\"12 di 15\"><figure class=\"swiper-slide-inner\"><img decoding=\"async\" class=\"swiper-slide-image\" src=\"https:\/\/circular-iq.com\/wp-content\/uploads\/2024\/06\/Deloitte.webp\" alt=\"Deloitte\" \/><\/figure><\/div><div class=\"swiper-slide\" role=\"group\" aria-roledescription=\"slide\" aria-label=\"13 di 15\"><figure class=\"swiper-slide-inner\"><img decoding=\"async\" class=\"swiper-slide-image\" src=\"https:\/\/circular-iq.com\/wp-content\/uploads\/2024\/06\/KPMG.webp\" alt=\"KPMG\" \/><\/figure><\/div><div class=\"swiper-slide\" role=\"group\" aria-roledescription=\"slide\" aria-label=\"14 di 15\"><figure class=\"swiper-slide-inner\"><img decoding=\"async\" class=\"swiper-slide-image\" src=\"https:\/\/circular-iq.com\/wp-content\/uploads\/2024\/06\/Merk.webp\" alt=\"Merk\" \/><\/figure><\/div><div class=\"swiper-slide\" role=\"group\" aria-roledescription=\"slide\" aria-label=\"15 di 15\"><figure class=\"swiper-slide-inner\"><img decoding=\"async\" class=\"swiper-slide-image\" src=\"https:\/\/circular-iq.com\/wp-content\/uploads\/2024\/06\/SBB.webp\" alt=\"SBB\" \/><\/figure><\/div>\t\t\t<\/div>\n\t\t\t\t\t\t\t\n\t\t\t\t\t\t\t\t\t<div class=\"swiper-pagination\"><\/div>\n\t\t\t\t\t\t\t\t\t<\/div>\n\t\t\t\t\t\t<\/div>\n\t\t\t\t<\/div>\n\t\t\t\t\t<\/div>\n\t\t\t\t<\/div>\n\t\t<div class=\"elementor-element elementor-element-3ed7575 e-flex e-con-boxed e-con e-parent\" data-id=\"3ed7575\" data-element_type=\"container\" data-e-type=\"container\">\n\t\t\t\t\t<div class=\"e-con-inner\">\n\t\t<div class=\"elementor-element elementor-element-d9443bd e-con-full e-flex e-con e-child\" data-id=\"d9443bd\" data-element_type=\"container\" data-e-type=\"container\" data-settings=\"{&quot;background_background&quot;:&quot;classic&quot;}\">\n\t\t\t\t<div class=\"elementor-element elementor-element-9e37144 elementor-widget__width-inherit elementor-widget-mobile__width-inherit mas-addons-sticky-no elementor-widget elementor-widget-heading\" data-id=\"9e37144\" data-element_type=\"widget\" data-e-type=\"widget\" data-settings=\"{&quot;mas_addons_sticky&quot;:&quot;no&quot;}\" data-widget_type=\"heading.default\">\n\t\t\t\t<div class=\"elementor-widget-container\">\n\t\t\t\t\t<h3 class=\"elementor-heading-title elementor-size-default\">Trasparenza<\/h3>\t\t\t\t<\/div>\n\t\t\t\t<\/div>\n\t\t\t\t<div class=\"elementor-element elementor-element-d9dfbe0 elementor-widget__width-initial mas-addons-sticky-no elementor-widget elementor-widget-text-editor\" data-id=\"d9dfbe0\" data-element_type=\"widget\" data-e-type=\"widget\" data-settings=\"{&quot;mas_addons_sticky&quot;:&quot;no&quot;}\" data-widget_type=\"text-editor.default\">\n\t\t\t\t<div class=\"elementor-widget-container\">\n\t\t\t\t\t\t\t\t\t<p>La trasparenza alimenta la fiducia e la chiarezza sulle modalit\u00e0 di collaborazione e sulla gestione delle aspettative. Un flusso di lavoro trasparente consente una comprensione pi\u00f9 profonda dei ruoli reciproci e dei punti in cui possiamo offrire supporto per raggiungere gli obiettivi aziendali e collettivi. Si aspetti che tutti i membri del team condividano gli aggiornamenti sui propri flussi di lavoro e obiettivi e segnalino quando \u00e8 necessario un aiuto o quando una scadenza non sar\u00e0 rispettata.  <\/p>\n\t\t\t\t\t\t\t\t<\/div>\n\t\t\t\t<\/div>\n\t\t\t\t<\/div>\n\t\t<div class=\"elementor-element elementor-element-e37f1a0 e-con-full e-flex e-con e-child\" data-id=\"e37f1a0\" data-element_type=\"container\" data-e-type=\"container\" data-settings=\"{&quot;background_background&quot;:&quot;classic&quot;}\">\n\t\t\t\t<div class=\"elementor-element elementor-element-8686dd9 elementor-widget__width-inherit elementor-widget-mobile__width-inherit mas-addons-sticky-no elementor-widget elementor-widget-heading\" data-id=\"8686dd9\" data-element_type=\"widget\" data-e-type=\"widget\" data-settings=\"{&quot;mas_addons_sticky&quot;:&quot;no&quot;}\" data-widget_type=\"heading.default\">\n\t\t\t\t<div class=\"elementor-widget-container\">\n\t\t\t\t\t<h3 class=\"elementor-heading-title elementor-size-default\">L'empatia<\/h3>\t\t\t\t<\/div>\n\t\t\t\t<\/div>\n\t\t\t\t<div class=\"elementor-element elementor-element-56c85f3 elementor-widget__width-initial mas-addons-sticky-no elementor-widget elementor-widget-text-editor\" data-id=\"56c85f3\" data-element_type=\"widget\" data-e-type=\"widget\" data-settings=\"{&quot;mas_addons_sticky&quot;:&quot;no&quot;}\" data-widget_type=\"text-editor.default\">\n\t\t\t\t<div class=\"elementor-widget-container\">\n\t\t\t\t\t\t\t\t\t<p>L&#8217;empatia \u00e8 fondamentale per capirci e per metterci nei panni dei nostri clienti e compagni di squadra. L&#8217;empatia significa che ascoltiamo gli altri e le esigenze dei nostri clienti e rispondiamo di conseguenza. Favorisce la collaborazione e l&#8217;impegno all&#8217;interno del team quando sappiamo che saremo ascoltati e sostenuti. Nel nostro settore, l&#8217;empatia va oltre il lavoro interno del team, ma si estende a come possiamo contribuire a guidare il cambiamento che avr\u00e0 un impatto sulla vita di molte altre persone.   <\/p>\n\t\t\t\t\t\t\t\t<\/div>\n\t\t\t\t<\/div>\n\t\t\t\t<\/div>\n\t\t<div class=\"elementor-element elementor-element-6c67123 e-con-full e-flex e-con e-child\" data-id=\"6c67123\" data-element_type=\"container\" data-e-type=\"container\" data-settings=\"{&quot;background_background&quot;:&quot;classic&quot;}\">\n\t\t\t\t<div class=\"elementor-element elementor-element-757cba2 elementor-widget__width-inherit elementor-widget-mobile__width-inherit mas-addons-sticky-no elementor-widget elementor-widget-heading\" data-id=\"757cba2\" data-element_type=\"widget\" data-e-type=\"widget\" data-settings=\"{&quot;mas_addons_sticky&quot;:&quot;no&quot;}\" data-widget_type=\"heading.default\">\n\t\t\t\t<div class=\"elementor-widget-container\">\n\t\t\t\t\t<h3 class=\"elementor-heading-title elementor-size-default\">Collaborazione<\/h3>\t\t\t\t<\/div>\n\t\t\t\t<\/div>\n\t\t\t\t<div class=\"elementor-element elementor-element-f14471d elementor-widget__width-initial mas-addons-sticky-no elementor-widget elementor-widget-text-editor\" data-id=\"f14471d\" data-element_type=\"widget\" data-e-type=\"widget\" data-settings=\"{&quot;mas_addons_sticky&quot;:&quot;no&quot;}\" data-widget_type=\"text-editor.default\">\n\t\t\t\t<div class=\"elementor-widget-container\">\n\t\t\t\t\t\t\t\t\t<p>In un team distribuito su pi\u00f9 fusi orari e geografie, mostrare spirito collaborativo \u00e8 fondamentale. La collaborazione alimenta la trasparenza e la comprensione dei compagni di squadra. Ci aspettiamo buone intenzioni, rispetto e inclusione in tutte le aree della nostra attivit\u00e0, compreso il lavoro con i nostri clienti. Lavorare insieme rende l&#8217;economia circolare una sfida pi\u00f9 facile da affrontare e rende il lavoro di squadra sempre pi\u00f9 stimolante.   <\/p>\n\t\t\t\t\t\t\t\t<\/div>\n\t\t\t\t<\/div>\n\t\t\t\t<\/div>\n\t\t<div class=\"elementor-element elementor-element-c06cf86 e-con-full e-flex e-con e-child\" data-id=\"c06cf86\" data-element_type=\"container\" data-e-type=\"container\" data-settings=\"{&quot;background_background&quot;:&quot;classic&quot;}\">\n\t\t\t\t<div class=\"elementor-element elementor-element-f622666 elementor-widget__width-inherit elementor-widget-mobile__width-inherit mas-addons-sticky-no elementor-widget elementor-widget-heading\" data-id=\"f622666\" data-element_type=\"widget\" data-e-type=\"widget\" data-settings=\"{&quot;mas_addons_sticky&quot;:&quot;no&quot;}\" data-widget_type=\"heading.default\">\n\t\t\t\t<div class=\"elementor-widget-container\">\n\t\t\t\t\t<h3 class=\"elementor-heading-title elementor-size-default\">Fiducia<\/h3>\t\t\t\t<\/div>\n\t\t\t\t<\/div>\n\t\t\t\t<div class=\"elementor-element elementor-element-d34383c elementor-widget__width-initial mas-addons-sticky-no elementor-widget elementor-widget-text-editor\" data-id=\"d34383c\" data-element_type=\"widget\" data-e-type=\"widget\" data-settings=\"{&quot;mas_addons_sticky&quot;:&quot;no&quot;}\" data-widget_type=\"text-editor.default\">\n\t\t\t\t<div class=\"elementor-widget-container\">\n\t\t\t\t\t\t\t\t\t<p>La fiducia \u00e8 la convinzione che abbiamo e nutriamo l&#8217;uno verso l&#8217;altro, che ci rende affidabili e sicuri di poter lavorare insieme. Permette di collaborare meglio e d\u00e0 spazio alla flessibilit\u00e0 dei nostri flussi di lavoro. La fiducia ci permette di aiutarci sempre a vicenda e alimenta la responsabilit\u00e0 di raggiungere i nostri obiettivi e di sostenere le esigenze aziendali. Quando si costruisce la fiducia, possiamo condividere una buona comunicazione, segnalando quando qualcosa non si realizza come previsto, come ad esempio una scadenza.   <\/p>\n\t\t\t\t\t\t\t\t<\/div>\n\t\t\t\t<\/div>\n\t\t\t\t<\/div>\n\t\t\t\t\t<\/div>\n\t\t\t\t<\/div>\n\t\t<div class=\"elementor-element elementor-element-83261e4 e-flex e-con-boxed e-con e-parent\" data-id=\"83261e4\" data-element_type=\"container\" data-e-type=\"container\" data-settings=\"{&quot;background_background&quot;:&quot;classic&quot;}\">\n\t\t\t\t\t<div class=\"e-con-inner\">\n\t\t\t\t<div class=\"elementor-element elementor-element-50c4b80 elementor-widget-mobile__width-inherit mas-addons-sticky-no elementor-widget elementor-widget-heading\" data-id=\"50c4b80\" data-element_type=\"widget\" data-e-type=\"widget\" data-settings=\"{&quot;mas_addons_sticky&quot;:&quot;no&quot;}\" data-widget_type=\"heading.default\">\n\t\t\t\t<div class=\"elementor-widget-container\">\n\t\t\t\t\t<h3 class=\"elementor-heading-title elementor-size-default\">Siamo un <span style=\"background-color: #7FCCC1;padding: 5px;border-radius: 10px;color:#EFEAE3\">team internazionale<\/span><\/h3>\t\t\t\t<\/div>\n\t\t\t\t<\/div>\n\t\t\t\t<div class=\"elementor-element elementor-element-2724eca elementor-widget__width-initial mas-addons-sticky-no elementor-widget elementor-widget-text-editor\" data-id=\"2724eca\" data-element_type=\"widget\" data-e-type=\"widget\" data-settings=\"{&quot;mas_addons_sticky&quot;:&quot;no&quot;}\" data-widget_type=\"text-editor.default\">\n\t\t\t\t<div class=\"elementor-widget-container\">\n\t\t\t\t\t\t\t\t\t<p>Il nostro team parla molte lingue e prospera grazie alla trasparenza e alla collaborazione. Offriamo posizioni a distanza per soddisfare i nostri membri del team e consentire loro di avere spazio (non \u00e8 un gioco di parole!) per la flessibilit\u00e0 e la crescita. <\/p>\n\t\t\t\t\t\t\t\t<\/div>\n\t\t\t\t<\/div>\n\t\t\t\t\t<\/div>\n\t\t\t\t<\/div>\n\t\t\t\t<\/div>\n\t\t","protected":false},"excerpt":{"rendered":"<p>Carriere Circular IQ Sosteniamo le aziende di tutto il mondo nel passaggio all&#8217;economia circolare e nel raggiungimento di audaci obiettivi di sostenibilit\u00e0. Si unisca a noi e diventi un eroe della circolarit\u00e0! Chi siamo Siamo una startup olandese con un team internazionale e ibrido\/remoto di eroi della circolarit\u00e0, che crea strumenti digitali che aiutano le [&hellip;]<\/p>\n","protected":false},"author":7,"featured_media":0,"parent":0,"menu_order":0,"comment_status":"closed","ping_status":"closed","template":"elementor_header_footer","meta":{"inline_featured_image":false,"two_page_speed":[],"footnotes":""},"class_list":["post-10016","page","type-page","status-publish","hentry"],"acf":[],"_links":{"self":[{"href":"https:\/\/circular-iq.com\/it\/wp-json\/wp\/v2\/pages\/10016","targetHints":{"allow":["GET"]}}],"collection":[{"href":"https:\/\/circular-iq.com\/it\/wp-json\/wp\/v2\/pages"}],"about":[{"href":"https:\/\/circular-iq.com\/it\/wp-json\/wp\/v2\/types\/page"}],"author":[{"embeddable":true,"href":"https:\/\/circular-iq.com\/it\/wp-json\/wp\/v2\/users\/7"}],"replies":[{"embeddable":true,"href":"https:\/\/circular-iq.com\/it\/wp-json\/wp\/v2\/comments?post=10016"}],"version-history":[{"count":0,"href":"https:\/\/circular-iq.com\/it\/wp-json\/wp\/v2\/pages\/10016\/revisions"}],"wp:attachment":[{"href":"https:\/\/circular-iq.com\/it\/wp-json\/wp\/v2\/media?parent=10016"}],"curies":[{"name":"wp","href":"https:\/\/api.w.org\/{rel}","templated":true}]}}