{"id":10007,"date":"2024-10-15T22:02:13","date_gmt":"2024-10-15T22:02:13","guid":{"rendered":"https:\/\/circular-iq.com\/karriar\/"},"modified":"2024-11-17T01:57:40","modified_gmt":"2024-11-17T01:57:40","slug":"karriar","status":"publish","type":"page","link":"https:\/\/circular-iq.com\/sv\/karriar\/","title":{"rendered":"Karri\u00e4r"},"content":{"rendered":"\t\t<div data-elementor-type=\"wp-page\" data-elementor-id=\"10007\" class=\"elementor elementor-10007 elementor-9023\" data-elementor-post-type=\"page\">\n\t\t\t\t<div class=\"elementor-element elementor-element-ab2b5c1 e-flex e-con-boxed e-con e-parent\" data-id=\"ab2b5c1\" data-element_type=\"container\" data-e-type=\"container\" data-settings=\"{&quot;background_background&quot;:&quot;classic&quot;}\">\n\t\t\t\t\t<div class=\"e-con-inner\">\n\t\t\t\t<div class=\"elementor-element elementor-element-0d449a2 mas-addons-sticky-no elementor-widget elementor-widget-heading\" data-id=\"0d449a2\" data-element_type=\"widget\" data-e-type=\"widget\" data-settings=\"{&quot;mas_addons_sticky&quot;:&quot;no&quot;}\" data-widget_type=\"heading.default\">\n\t\t\t\t<div class=\"elementor-widget-container\">\n\t\t\t\t\t<h1 class=\"elementor-heading-title elementor-size-default\">Cirkul\u00e4r IQ Karri\u00e4r<\/h1>\t\t\t\t<\/div>\n\t\t\t\t<\/div>\n\t\t\t\t<div class=\"elementor-element elementor-element-f9a71cb elementor-widget__width-initial mas-addons-sticky-no elementor-widget elementor-widget-heading\" data-id=\"f9a71cb\" data-element_type=\"widget\" data-e-type=\"widget\" data-settings=\"{&quot;mas_addons_sticky&quot;:&quot;no&quot;}\" data-widget_type=\"heading.default\">\n\t\t\t\t<div class=\"elementor-widget-container\">\n\t\t\t\t\t<span class=\"elementor-heading-title elementor-size-default\">Vi hj\u00e4lper f\u00f6retag \u00f6ver hela v\u00e4rlden att g\u00e5 mot den cirkul\u00e4ra ekonomin och uppn\u00e5 dj\u00e4rva h\u00e5llbarhetsm\u00e5l.\nG\u00e5 med oss och bli en cirkularitetshj\u00e4lte!<\/span>\t\t\t\t<\/div>\n\t\t\t\t<\/div>\n\t\t\t\t\t<\/div>\n\t\t\t\t<\/div>\n\t\t<div class=\"elementor-element elementor-element-4a70a8d e-flex e-con-boxed e-con e-parent\" data-id=\"4a70a8d\" data-element_type=\"container\" data-e-type=\"container\">\n\t\t\t\t\t<div class=\"e-con-inner\">\n\t\t<div class=\"elementor-element elementor-element-82656a2 e-con-full elementor-hidden-mobile e-flex e-con e-child\" data-id=\"82656a2\" data-element_type=\"container\" data-e-type=\"container\">\n\t\t\t\t<div class=\"elementor-element elementor-element-d9ca8c5 mas-addons-sticky-no elementor-widget elementor-widget-image\" data-id=\"d9ca8c5\" data-element_type=\"widget\" data-e-type=\"widget\" data-settings=\"{&quot;mas_addons_sticky&quot;:&quot;no&quot;}\" data-widget_type=\"image.default\">\n\t\t\t\t<div class=\"elementor-widget-container\">\n\t\t\t\t\t\t\t\t\t\t\t\t\t\t\t<img fetchpriority=\"high\" decoding=\"async\" width=\"561\" height=\"200\" src=\"https:\/\/circular-iq.com\/wp-content\/uploads\/2024\/06\/Logo@2x.png\" class=\"attachment-large size-large wp-image-7573\" alt=\"\" srcset=\"https:\/\/circular-iq.com\/wp-content\/uploads\/2024\/06\/Logo@2x.png 561w, https:\/\/circular-iq.com\/wp-content\/uploads\/2024\/06\/Logo@2x-300x107.png 300w\" sizes=\"(max-width: 561px) 100vw, 561px\" \/>\t\t\t\t\t\t\t\t\t\t\t\t\t\t\t<\/div>\n\t\t\t\t<\/div>\n\t\t\t\t<\/div>\n\t\t<div class=\"elementor-element elementor-element-128a53b e-con-full e-flex e-con e-child\" data-id=\"128a53b\" data-element_type=\"container\" data-e-type=\"container\">\n\t\t\t\t<div class=\"elementor-element elementor-element-e51ba97 mas-addons-sticky-no elementor-widget elementor-widget-heading\" data-id=\"e51ba97\" data-element_type=\"widget\" data-e-type=\"widget\" data-settings=\"{&quot;mas_addons_sticky&quot;:&quot;no&quot;}\" data-widget_type=\"heading.default\">\n\t\t\t\t<div class=\"elementor-widget-container\">\n\t\t\t\t\t<h2 class=\"elementor-heading-title elementor-size-default\">Om oss<\/h2>\t\t\t\t<\/div>\n\t\t\t\t<\/div>\n\t\t\t\t<div class=\"elementor-element elementor-element-99f2d43 mas-addons-sticky-no elementor-widget elementor-widget-text-editor\" data-id=\"99f2d43\" data-element_type=\"widget\" data-e-type=\"widget\" data-settings=\"{&quot;mas_addons_sticky&quot;:&quot;no&quot;}\" data-widget_type=\"text-editor.default\">\n\t\t\t\t<div class=\"elementor-widget-container\">\n\t\t\t\t\t\t\t\t\t<p>Vi \u00e4r en holl\u00e4ndsk startup med ett internationellt &amp; hybrid\/remote-team av cirkularitetshj\u00e4ltar som skapar digitala verktyg som hj\u00e4lper f\u00f6retag \u00f6ver hela v\u00e4rlden att g\u00e5 mot den cirkul\u00e4ra ekonomin. V\u00e5rt uppdrag \u00e4r att st\u00f6dja f\u00f6retag att m\u00e4ta, f\u00f6rb\u00e4ttra och rapportera om sin cirkul\u00e4ra prestanda och leverera p\u00e5 sina h\u00e5llbarhetsl\u00f6ften med datadrivna analyser. Vi hj\u00e4lper dem att f\u00f6rankra cirkularitet i sina verksamheter och aktivera sin leveranskedja f\u00f6r att \u00f6ka sin positiva inverkan p\u00e5 planeten!  <\/p>\n\t\t\t\t\t\t\t\t<\/div>\n\t\t\t\t<\/div>\n\t\t\t\t<\/div>\n\t\t\t\t\t<\/div>\n\t\t\t\t<\/div>\n\t\t<div class=\"elementor-element elementor-element-26598ad e-flex e-con-boxed e-con e-parent\" data-id=\"26598ad\" data-element_type=\"container\" data-e-type=\"container\" data-settings=\"{&quot;background_background&quot;:&quot;classic&quot;}\">\n\t\t\t\t\t<div class=\"e-con-inner\">\n\t\t\t\t<div class=\"elementor-element elementor-element-a81e4c4 elementor-widget-mobile__width-inherit mas-addons-sticky-no elementor-widget elementor-widget-heading\" data-id=\"a81e4c4\" data-element_type=\"widget\" data-e-type=\"widget\" data-settings=\"{&quot;mas_addons_sticky&quot;:&quot;no&quot;}\" data-widget_type=\"heading.default\">\n\t\t\t\t<div class=\"elementor-widget-container\">\n\t\t\t\t\t<h2 class=\"elementor-heading-title elementor-size-default\">V\u00e5ra partners<\/h2>\t\t\t\t<\/div>\n\t\t\t\t<\/div>\n\t\t\t\t<div class=\"elementor-element elementor-element-125db1b elementor-widget__width-initial mas-addons-sticky-no elementor-widget elementor-widget-heading\" data-id=\"125db1b\" data-element_type=\"widget\" data-e-type=\"widget\" data-settings=\"{&quot;mas_addons_sticky&quot;:&quot;no&quot;}\" data-widget_type=\"heading.default\">\n\t\t\t\t<div class=\"elementor-widget-container\">\n\t\t\t\t\t<span class=\"elementor-heading-title elementor-size-default\">Vi tror att samarbete driver f\u00f6r\u00e4ndring!<\/span>\t\t\t\t<\/div>\n\t\t\t\t<\/div>\n\t\t\t\t<div class=\"elementor-element elementor-element-a01576d elementor-widget__width-initial mas-addons-sticky-no elementor-widget elementor-widget-text-editor\" data-id=\"a01576d\" data-element_type=\"widget\" data-e-type=\"widget\" data-settings=\"{&quot;mas_addons_sticky&quot;:&quot;no&quot;}\" data-widget_type=\"text-editor.default\">\n\t\t\t\t<div class=\"elementor-widget-container\">\n\t\t\t\t\t\t\t\t\t<p>Det \u00e4r d\u00e4rf\u00f6r vi \u00e4r stolta \u00f6ver att samarbeta med likasinnade cirkularitetsfrontrunners f\u00f6r att p\u00e5skynda \u00f6verg\u00e5ngen till en \u00e5terst\u00e4llande cirkul\u00e4r ekonomi<\/p>\n\t\t\t\t\t\t\t\t<\/div>\n\t\t\t\t<\/div>\n\t\t\t\t<div class=\"elementor-element elementor-element-a5e5b8f elementor-widget-mobile__width-inherit elementor-pagination-position-outside mas-addons-sticky-no elementor-widget elementor-widget-image-carousel\" data-id=\"a5e5b8f\" data-element_type=\"widget\" data-e-type=\"widget\" data-settings=\"{&quot;slides_to_show&quot;:&quot;7&quot;,&quot;navigation&quot;:&quot;dots&quot;,&quot;autoplay_speed&quot;:3000,&quot;slides_to_show_mobile&quot;:&quot;3&quot;,&quot;image_spacing_custom_mobile&quot;:{&quot;unit&quot;:&quot;px&quot;,&quot;size&quot;:20,&quot;sizes&quot;:[]},&quot;autoplay&quot;:&quot;yes&quot;,&quot;pause_on_hover&quot;:&quot;yes&quot;,&quot;pause_on_interaction&quot;:&quot;yes&quot;,&quot;infinite&quot;:&quot;yes&quot;,&quot;speed&quot;:500,&quot;image_spacing_custom&quot;:{&quot;unit&quot;:&quot;px&quot;,&quot;size&quot;:20,&quot;sizes&quot;:[]},&quot;image_spacing_custom_tablet&quot;:{&quot;unit&quot;:&quot;px&quot;,&quot;size&quot;:&quot;&quot;,&quot;sizes&quot;:[]},&quot;mas_addons_sticky&quot;:&quot;no&quot;}\" data-widget_type=\"image-carousel.default\">\n\t\t\t\t<div class=\"elementor-widget-container\">\n\t\t\t\t\t\t\t<div class=\"elementor-image-carousel-wrapper swiper\" role=\"region\" aria-roledescription=\"carousel\" aria-label=\"Bildkarusell\" dir=\"ltr\">\n\t\t\t<div class=\"elementor-image-carousel swiper-wrapper\" aria-live=\"off\">\n\t\t\t\t\t\t\t\t<div class=\"swiper-slide\" role=\"group\" aria-roledescription=\"slide\" aria-label=\"1 av 15\"><figure class=\"swiper-slide-inner\"><img decoding=\"async\" class=\"swiper-slide-image\" src=\"https:\/\/circular-iq.com\/wp-content\/uploads\/2024\/06\/1_Microsoft.webp\" alt=\"1_Microsoft\" \/><\/figure><\/div><div class=\"swiper-slide\" role=\"group\" aria-roledescription=\"slide\" aria-label=\"2 av 15\"><figure class=\"swiper-slide-inner\"><img decoding=\"async\" class=\"swiper-slide-image\" src=\"https:\/\/circular-iq.com\/wp-content\/uploads\/2024\/06\/2_Action.webp\" alt=\"2_Action\" \/><\/figure><\/div><div class=\"swiper-slide\" role=\"group\" aria-roledescription=\"slide\" aria-label=\"3 av 15\"><figure class=\"swiper-slide-inner\"><img decoding=\"async\" class=\"swiper-slide-image\" src=\"https:\/\/circular-iq.com\/wp-content\/uploads\/2024\/07\/Sony.png\" alt=\"Sony\" \/><\/figure><\/div><div class=\"swiper-slide\" role=\"group\" aria-roledescription=\"slide\" aria-label=\"4 av 15\"><figure class=\"swiper-slide-inner\"><img decoding=\"async\" class=\"swiper-slide-image\" src=\"https:\/\/circular-iq.com\/wp-content\/uploads\/2024\/06\/4_DB.webp\" alt=\"4_DB\" \/><\/figure><\/div><div class=\"swiper-slide\" role=\"group\" aria-roledescription=\"slide\" aria-label=\"5 av 15\"><figure class=\"swiper-slide-inner\"><img decoding=\"async\" class=\"swiper-slide-image\" src=\"https:\/\/circular-iq.com\/wp-content\/uploads\/2024\/06\/9_NS.webp\" alt=\"9_NS\" \/><\/figure><\/div><div class=\"swiper-slide\" role=\"group\" aria-roledescription=\"slide\" aria-label=\"6 av 15\"><figure class=\"swiper-slide-inner\"><img decoding=\"async\" class=\"swiper-slide-image\" src=\"https:\/\/circular-iq.com\/wp-content\/uploads\/2024\/06\/Aptar.webp\" alt=\"Aptar\" \/><\/figure><\/div><div class=\"swiper-slide\" role=\"group\" aria-roledescription=\"slide\" aria-label=\"7 av 15\"><figure class=\"swiper-slide-inner\"><img decoding=\"async\" class=\"swiper-slide-image\" src=\"https:\/\/circular-iq.com\/wp-content\/uploads\/2024\/07\/BritishTelecom.png\" alt=\"BritishTelecom\" \/><\/figure><\/div><div class=\"swiper-slide\" role=\"group\" aria-roledescription=\"slide\" aria-label=\"8 av 15\"><figure class=\"swiper-slide-inner\"><img decoding=\"async\" class=\"swiper-slide-image\" src=\"https:\/\/circular-iq.com\/wp-content\/uploads\/2024\/06\/BP.webp\" alt=\"BP\" \/><\/figure><\/div><div class=\"swiper-slide\" role=\"group\" aria-roledescription=\"slide\" aria-label=\"9 av 15\"><figure class=\"swiper-slide-inner\"><img decoding=\"async\" class=\"swiper-slide-image\" src=\"https:\/\/circular-iq.com\/wp-content\/uploads\/2024\/06\/Capgemini.webp\" alt=\"Capgemini\" \/><\/figure><\/div><div class=\"swiper-slide\" role=\"group\" aria-roledescription=\"slide\" aria-label=\"10 av 15\"><figure class=\"swiper-slide-inner\"><img decoding=\"async\" class=\"swiper-slide-image\" src=\"https:\/\/circular-iq.com\/wp-content\/uploads\/2024\/07\/Avient.png\" alt=\"Avient\" \/><\/figure><\/div><div class=\"swiper-slide\" role=\"group\" aria-roledescription=\"slide\" aria-label=\"11 av 15\"><figure class=\"swiper-slide-inner\"><img decoding=\"async\" class=\"swiper-slide-image\" src=\"https:\/\/circular-iq.com\/wp-content\/uploads\/2024\/07\/Brisa.png\" alt=\"Brisa\" \/><\/figure><\/div><div class=\"swiper-slide\" role=\"group\" aria-roledescription=\"slide\" aria-label=\"12 av 15\"><figure class=\"swiper-slide-inner\"><img decoding=\"async\" class=\"swiper-slide-image\" src=\"https:\/\/circular-iq.com\/wp-content\/uploads\/2024\/06\/Deloitte.webp\" alt=\"Deloitte\" \/><\/figure><\/div><div class=\"swiper-slide\" role=\"group\" aria-roledescription=\"slide\" aria-label=\"13 av 15\"><figure class=\"swiper-slide-inner\"><img decoding=\"async\" class=\"swiper-slide-image\" src=\"https:\/\/circular-iq.com\/wp-content\/uploads\/2024\/06\/KPMG.webp\" alt=\"KPMG\" \/><\/figure><\/div><div class=\"swiper-slide\" role=\"group\" aria-roledescription=\"slide\" aria-label=\"14 av 15\"><figure class=\"swiper-slide-inner\"><img decoding=\"async\" class=\"swiper-slide-image\" src=\"https:\/\/circular-iq.com\/wp-content\/uploads\/2024\/06\/Merk.webp\" alt=\"Merk\" \/><\/figure><\/div><div class=\"swiper-slide\" role=\"group\" aria-roledescription=\"slide\" aria-label=\"15 av 15\"><figure class=\"swiper-slide-inner\"><img decoding=\"async\" class=\"swiper-slide-image\" src=\"https:\/\/circular-iq.com\/wp-content\/uploads\/2024\/06\/SBB.webp\" alt=\"SBB\" \/><\/figure><\/div>\t\t\t<\/div>\n\t\t\t\t\t\t\t\n\t\t\t\t\t\t\t\t\t<div class=\"swiper-pagination\"><\/div>\n\t\t\t\t\t\t\t\t\t<\/div>\n\t\t\t\t\t\t<\/div>\n\t\t\t\t<\/div>\n\t\t\t\t\t<\/div>\n\t\t\t\t<\/div>\n\t\t<div class=\"elementor-element elementor-element-3ed7575 e-flex e-con-boxed e-con e-parent\" data-id=\"3ed7575\" data-element_type=\"container\" data-e-type=\"container\">\n\t\t\t\t\t<div class=\"e-con-inner\">\n\t\t<div class=\"elementor-element elementor-element-d9443bd e-con-full e-flex e-con e-child\" data-id=\"d9443bd\" data-element_type=\"container\" data-e-type=\"container\" data-settings=\"{&quot;background_background&quot;:&quot;classic&quot;}\">\n\t\t\t\t<div class=\"elementor-element elementor-element-9e37144 elementor-widget__width-inherit elementor-widget-mobile__width-inherit mas-addons-sticky-no elementor-widget elementor-widget-heading\" data-id=\"9e37144\" data-element_type=\"widget\" data-e-type=\"widget\" data-settings=\"{&quot;mas_addons_sticky&quot;:&quot;no&quot;}\" data-widget_type=\"heading.default\">\n\t\t\t\t<div class=\"elementor-widget-container\">\n\t\t\t\t\t<h3 class=\"elementor-heading-title elementor-size-default\">\u00d6ppenhet<\/h3>\t\t\t\t<\/div>\n\t\t\t\t<\/div>\n\t\t\t\t<div class=\"elementor-element elementor-element-d9dfbe0 elementor-widget__width-initial mas-addons-sticky-no elementor-widget elementor-widget-text-editor\" data-id=\"d9dfbe0\" data-element_type=\"widget\" data-e-type=\"widget\" data-settings=\"{&quot;mas_addons_sticky&quot;:&quot;no&quot;}\" data-widget_type=\"text-editor.default\">\n\t\t\t\t<div class=\"elementor-widget-container\">\n\t\t\t\t\t\t\t\t\t<p>\u00d6ppenhet skapar f\u00f6rtroende och klarhet i hur vi arbetar med varandra och hur vi hanterar f\u00f6rv\u00e4ntningar. Ett transparent arbetsfl\u00f6de m\u00f6jligg\u00f6r en djupare f\u00f6rst\u00e5else f\u00f6r varandras roller och var vi kan erbjuda st\u00f6d f\u00f6r att uppn\u00e5 aff\u00e4rsm\u00e5l och kollektiva m\u00e5l. F\u00f6rv\u00e4nta dig att alla i teamet delar med sig av uppdateringar om sina arbetsfl\u00f6den och m\u00e5l och flaggar n\u00e4r hj\u00e4lp beh\u00f6vs eller n\u00e4r en deadline inte kommer att kunna h\u00e5llas.  <\/p>\n\t\t\t\t\t\t\t\t<\/div>\n\t\t\t\t<\/div>\n\t\t\t\t<\/div>\n\t\t<div class=\"elementor-element elementor-element-e37f1a0 e-con-full e-flex e-con e-child\" data-id=\"e37f1a0\" data-element_type=\"container\" data-e-type=\"container\" data-settings=\"{&quot;background_background&quot;:&quot;classic&quot;}\">\n\t\t\t\t<div class=\"elementor-element elementor-element-8686dd9 elementor-widget__width-inherit elementor-widget-mobile__width-inherit mas-addons-sticky-no elementor-widget elementor-widget-heading\" data-id=\"8686dd9\" data-element_type=\"widget\" data-e-type=\"widget\" data-settings=\"{&quot;mas_addons_sticky&quot;:&quot;no&quot;}\" data-widget_type=\"heading.default\">\n\t\t\t\t<div class=\"elementor-widget-container\">\n\t\t\t\t\t<h3 class=\"elementor-heading-title elementor-size-default\">Empati<\/h3>\t\t\t\t<\/div>\n\t\t\t\t<\/div>\n\t\t\t\t<div class=\"elementor-element elementor-element-56c85f3 elementor-widget__width-initial mas-addons-sticky-no elementor-widget elementor-widget-text-editor\" data-id=\"56c85f3\" data-element_type=\"widget\" data-e-type=\"widget\" data-settings=\"{&quot;mas_addons_sticky&quot;:&quot;no&quot;}\" data-widget_type=\"text-editor.default\">\n\t\t\t\t<div class=\"elementor-widget-container\">\n\t\t\t\t\t\t\t\t\t<p>Empati \u00e4r nyckeln till att f\u00f6rst\u00e5 varandra och att s\u00e4tta sig in i v\u00e5ra kunders och teamkollegors situation. Empati inneb\u00e4r att vi lyssnar p\u00e5 varandra och p\u00e5 v\u00e5ra kunders behov och reagerar d\u00e4refter. Det fr\u00e4mjar samarbete och engagemang inom teamet n\u00e4r vi vet att vi blir lyssnade p\u00e5 och f\u00e5r st\u00f6d. I v\u00e5r sektor str\u00e4cker sig empatin bortom det interna teamarbetet och handlar om hur vi kan bidra till att driva f\u00f6r\u00e4ndringar som p\u00e5verkar m\u00e5nga andras liv.   <\/p>\n\t\t\t\t\t\t\t\t<\/div>\n\t\t\t\t<\/div>\n\t\t\t\t<\/div>\n\t\t<div class=\"elementor-element elementor-element-6c67123 e-con-full e-flex e-con e-child\" data-id=\"6c67123\" data-element_type=\"container\" data-e-type=\"container\" data-settings=\"{&quot;background_background&quot;:&quot;classic&quot;}\">\n\t\t\t\t<div class=\"elementor-element elementor-element-757cba2 elementor-widget__width-inherit elementor-widget-mobile__width-inherit mas-addons-sticky-no elementor-widget elementor-widget-heading\" data-id=\"757cba2\" data-element_type=\"widget\" data-e-type=\"widget\" data-settings=\"{&quot;mas_addons_sticky&quot;:&quot;no&quot;}\" data-widget_type=\"heading.default\">\n\t\t\t\t<div class=\"elementor-widget-container\">\n\t\t\t\t\t<h3 class=\"elementor-heading-title elementor-size-default\">Samarbete<\/h3>\t\t\t\t<\/div>\n\t\t\t\t<\/div>\n\t\t\t\t<div class=\"elementor-element elementor-element-f14471d elementor-widget__width-initial mas-addons-sticky-no elementor-widget elementor-widget-text-editor\" data-id=\"f14471d\" data-element_type=\"widget\" data-e-type=\"widget\" data-settings=\"{&quot;mas_addons_sticky&quot;:&quot;no&quot;}\" data-widget_type=\"text-editor.default\">\n\t\t\t\t<div class=\"elementor-widget-container\">\n\t\t\t\t\t\t\t\t\t<p>I ett team som \u00e4r utspritt \u00f6ver olika tidszoner och geografiska omr\u00e5den \u00e4r det viktigt att visa samarbetsanda. Samarbete fr\u00e4mjar transparens och f\u00f6rst\u00e5else fr\u00e5n teammedlemmarnas sida. F\u00f6rv\u00e4nta dig goda avsikter, respekt och inkludering i alla delar av v\u00e5r verksamhet, inklusive i v\u00e5rt arbete med v\u00e5ra kunder. Att arbeta tillsammans g\u00f6r den cirkul\u00e4ra ekonomin till en utmaning som \u00e4r l\u00e4ttare att ta sig an och g\u00f6r teamarbetet \u00e4nnu mer inspirerande.   <\/p>\n\t\t\t\t\t\t\t\t<\/div>\n\t\t\t\t<\/div>\n\t\t\t\t<\/div>\n\t\t<div class=\"elementor-element elementor-element-c06cf86 e-con-full e-flex e-con e-child\" data-id=\"c06cf86\" data-element_type=\"container\" data-e-type=\"container\" data-settings=\"{&quot;background_background&quot;:&quot;classic&quot;}\">\n\t\t\t\t<div class=\"elementor-element elementor-element-f622666 elementor-widget__width-inherit elementor-widget-mobile__width-inherit mas-addons-sticky-no elementor-widget elementor-widget-heading\" data-id=\"f622666\" data-element_type=\"widget\" data-e-type=\"widget\" data-settings=\"{&quot;mas_addons_sticky&quot;:&quot;no&quot;}\" data-widget_type=\"heading.default\">\n\t\t\t\t<div class=\"elementor-widget-container\">\n\t\t\t\t\t<h3 class=\"elementor-heading-title elementor-size-default\">F\u00f6rtroende<\/h3>\t\t\t\t<\/div>\n\t\t\t\t<\/div>\n\t\t\t\t<div class=\"elementor-element elementor-element-d34383c elementor-widget__width-initial mas-addons-sticky-no elementor-widget elementor-widget-text-editor\" data-id=\"d34383c\" data-element_type=\"widget\" data-e-type=\"widget\" data-settings=\"{&quot;mas_addons_sticky&quot;:&quot;no&quot;}\" data-widget_type=\"text-editor.default\">\n\t\t\t\t<div class=\"elementor-widget-container\">\n\t\t\t\t\t\t\t\t\t<p>F\u00f6rtroende \u00e4r den tro vi har p\u00e5 varandra och som g\u00f6r oss p\u00e5litliga och \u00f6vertygade om att vi kan arbeta tillsammans. Det g\u00f6r det m\u00f6jligt att samarbeta b\u00e4ttre och ger utrymme f\u00f6r flexibilitet i v\u00e5ra arbetsfl\u00f6den. F\u00f6rtroende g\u00f6r att vi alltid kan hj\u00e4lpa varandra och fr\u00e4mjar \u00e4garskap f\u00f6r att leverera p\u00e5 v\u00e5ra m\u00e5l och st\u00f6dja aff\u00e4rsbehov. N\u00e4r vi bygger f\u00f6rtroende kan vi dela med oss av god kommunikation och flagga f\u00f6r n\u00e4r n\u00e5got inte blir som f\u00f6rv\u00e4ntat, till exempel en deadline.   <\/p>\n\t\t\t\t\t\t\t\t<\/div>\n\t\t\t\t<\/div>\n\t\t\t\t<\/div>\n\t\t\t\t\t<\/div>\n\t\t\t\t<\/div>\n\t\t<div class=\"elementor-element elementor-element-83261e4 e-flex e-con-boxed e-con e-parent\" data-id=\"83261e4\" data-element_type=\"container\" data-e-type=\"container\" data-settings=\"{&quot;background_background&quot;:&quot;classic&quot;}\">\n\t\t\t\t\t<div class=\"e-con-inner\">\n\t\t\t\t<div class=\"elementor-element elementor-element-50c4b80 elementor-widget-mobile__width-inherit mas-addons-sticky-no elementor-widget elementor-widget-heading\" data-id=\"50c4b80\" data-element_type=\"widget\" data-e-type=\"widget\" data-settings=\"{&quot;mas_addons_sticky&quot;:&quot;no&quot;}\" data-widget_type=\"heading.default\">\n\t\t\t\t<div class=\"elementor-widget-container\">\n\t\t\t\t\t<h3 class=\"elementor-heading-title elementor-size-default\">Vi \u00e4r ett <span style=\"background-color: #7FCCC1;padding: 5px;border-radius: 10px;color:#EFEAE3\">internationellt team<\/span><\/h3>\t\t\t\t<\/div>\n\t\t\t\t<\/div>\n\t\t\t\t<div class=\"elementor-element elementor-element-2724eca elementor-widget__width-initial mas-addons-sticky-no elementor-widget elementor-widget-text-editor\" data-id=\"2724eca\" data-element_type=\"widget\" data-e-type=\"widget\" data-settings=\"{&quot;mas_addons_sticky&quot;:&quot;no&quot;}\" data-widget_type=\"text-editor.default\">\n\t\t\t\t<div class=\"elementor-widget-container\">\n\t\t\t\t\t\t\t\t\t<p>V\u00e5rt team talar m\u00e5nga spr\u00e5k och trivs med \u00f6ppenhet och samarbete. Vi erbjuder distansjobb f\u00f6r att tillgodose v\u00e5ra teammedlemmars behov och ge dem utrymme (utan ordvits!) f\u00f6r flexibilitet och tillv\u00e4xt. <\/p>\n\t\t\t\t\t\t\t\t<\/div>\n\t\t\t\t<\/div>\n\t\t\t\t\t<\/div>\n\t\t\t\t<\/div>\n\t\t\t\t<\/div>\n\t\t","protected":false},"excerpt":{"rendered":"<p>Cirkul\u00e4r IQ Karri\u00e4r Vi hj\u00e4lper f\u00f6retag \u00f6ver hela v\u00e4rlden att g\u00e5 mot den cirkul\u00e4ra ekonomin och uppn\u00e5 dj\u00e4rva h\u00e5llbarhetsm\u00e5l. G\u00e5 med oss och bli en cirkularitetshj\u00e4lte! Om oss Vi \u00e4r en holl\u00e4ndsk startup med ett internationellt &amp; hybrid\/remote-team av cirkularitetshj\u00e4ltar som skapar digitala verktyg som hj\u00e4lper f\u00f6retag \u00f6ver hela v\u00e4rlden att g\u00e5 mot den cirkul\u00e4ra [&hellip;]<\/p>\n","protected":false},"author":7,"featured_media":0,"parent":0,"menu_order":0,"comment_status":"closed","ping_status":"closed","template":"elementor_header_footer","meta":{"inline_featured_image":false,"two_page_speed":[],"footnotes":""},"class_list":["post-10007","page","type-page","status-publish","hentry"],"acf":[],"_links":{"self":[{"href":"https:\/\/circular-iq.com\/sv\/wp-json\/wp\/v2\/pages\/10007","targetHints":{"allow":["GET"]}}],"collection":[{"href":"https:\/\/circular-iq.com\/sv\/wp-json\/wp\/v2\/pages"}],"about":[{"href":"https:\/\/circular-iq.com\/sv\/wp-json\/wp\/v2\/types\/page"}],"author":[{"embeddable":true,"href":"https:\/\/circular-iq.com\/sv\/wp-json\/wp\/v2\/users\/7"}],"replies":[{"embeddable":true,"href":"https:\/\/circular-iq.com\/sv\/wp-json\/wp\/v2\/comments?post=10007"}],"version-history":[{"count":0,"href":"https:\/\/circular-iq.com\/sv\/wp-json\/wp\/v2\/pages\/10007\/revisions"}],"wp:attachment":[{"href":"https:\/\/circular-iq.com\/sv\/wp-json\/wp\/v2\/media?parent=10007"}],"curies":[{"name":"wp","href":"https:\/\/api.w.org\/{rel}","templated":true}]}}