{"id":10512,"date":"2024-11-12T18:40:25","date_gmt":"2024-11-12T18:40:25","guid":{"rendered":"https:\/\/circular-iq.com\/disney\/"},"modified":"2024-11-17T02:00:19","modified_gmt":"2024-11-17T02:00:19","slug":"disney","status":"publish","type":"page","link":"https:\/\/circular-iq.com\/sv\/disney\/","title":{"rendered":"Disney"},"content":{"rendered":"\t\t<div data-elementor-type=\"wp-page\" data-elementor-id=\"10512\" class=\"elementor elementor-10512 elementor-9362\" data-elementor-post-type=\"page\">\n\t\t\t\t<div class=\"elementor-element elementor-element-fb29d21 e-flex e-con-boxed e-con e-parent\" data-id=\"fb29d21\" data-element_type=\"container\" data-e-type=\"container\" data-settings=\"{&quot;background_background&quot;:&quot;classic&quot;}\">\n\t\t\t\t\t<div class=\"e-con-inner\">\n\t\t\t\t<div class=\"elementor-element elementor-element-5ac0431 mas-addons-sticky-no elementor-widget elementor-widget-html\" data-id=\"5ac0431\" data-element_type=\"widget\" data-e-type=\"widget\" data-settings=\"{&quot;mas_addons_sticky&quot;:&quot;no&quot;}\" data-widget_type=\"html.default\">\n\t\t\t\t<div class=\"elementor-widget-container\">\n\t\t\t\t\t<div style=\"position: relative; padding-bottom: 53.125%; height: 0;\"><iframe src=\"https:\/\/www.loom.com\/embed\/9559593f092240d0aeab4a1c35f04bd4?sid=4a6aaf36-396d-433f-9241-f12389d2e253\" frameborder=\"0\" webkitallowfullscreen=\"\" mozallowfullscreen=\"\" allowfullscreen=\"\" style=\"position: absolute; top: 0; left: 0; width: 100%; height: 100%;\"><\/iframe><\/div>\t\t\t\t<\/div>\n\t\t\t\t<\/div>\n\t\t\t\t\t<\/div>\n\t\t\t\t<\/div>\n\t\t<div class=\"elementor-element elementor-element-0ac5e85 e-flex e-con-boxed e-con e-parent\" data-id=\"0ac5e85\" data-element_type=\"container\" data-e-type=\"container\">\n\t\t\t\t\t<div class=\"e-con-inner\">\n\t\t<div class=\"elementor-element elementor-element-eaf1063 e-con-full e-flex e-con e-child\" data-id=\"eaf1063\" data-element_type=\"container\" data-e-type=\"container\">\n\t\t<div class=\"elementor-element elementor-element-5580cbc e-grid e-con-full e-con e-child\" data-id=\"5580cbc\" data-element_type=\"container\" data-e-type=\"container\" data-settings=\"{&quot;background_background&quot;:&quot;classic&quot;}\">\n\t\t<div class=\"elementor-element elementor-element-f163853 e-grid e-con-full e-con e-child\" data-id=\"f163853\" data-element_type=\"container\" data-e-type=\"container\">\n\t\t\t\t<div class=\"elementor-element elementor-element-984c84d mas-addons-sticky-no elementor-widget elementor-widget-text-editor\" data-id=\"984c84d\" data-element_type=\"widget\" data-e-type=\"widget\" data-settings=\"{&quot;mas_addons_sticky&quot;:&quot;no&quot;}\" data-widget_type=\"text-editor.default\">\n\t\t\t\t<div class=\"elementor-widget-container\">\n\t\t\t\t\t\t\t\t\t<h2 style=\"color: white;\">Vi \u00e4r h\u00e4r f\u00f6r att hj\u00e4lpa dig<\/h2>\n\t\t\t\t\t\t\t\t<\/div>\n\t\t\t\t<\/div>\n\t\t\t\t<div class=\"elementor-element elementor-element-831e443 elementor-widget__width-inherit l mas-addons-sticky-no elementor-widget elementor-widget-heading\" data-id=\"831e443\" data-element_type=\"widget\" data-e-type=\"widget\" data-settings=\"{&quot;mas_addons_sticky&quot;:&quot;no&quot;}\" data-widget_type=\"heading.default\">\n\t\t\t\t<div class=\"elementor-widget-container\">\n\t\t\t\t\t<h6 class=\"elementor-heading-title elementor-size-default\">V\u00e5rt team best\u00e5r av erfarna och kunniga personer som arbetar inom omr\u00e5det cirkul\u00e4r ekonomi<br><br><br><br><\/h6>\t\t\t\t<\/div>\n\t\t\t\t<\/div>\n\t\t\t\t<\/div>\n\t\t\t\t<\/div>\n\t\t\t\t<\/div>\n\t\t<div class=\"elementor-element elementor-element-6f9fcf1 e-con-full e-flex e-con e-child\" data-id=\"6f9fcf1\" data-element_type=\"container\" data-e-type=\"container\">\n\t\t<div class=\"elementor-element elementor-element-7ef4cd6 e-grid e-con-full e-con e-child\" data-id=\"7ef4cd6\" data-element_type=\"container\" data-e-type=\"container\">\n\t\t\t\t<div class=\"elementor-element elementor-element-96d657d mas-addons-sticky-no elementor-widget elementor-widget-image\" data-id=\"96d657d\" data-element_type=\"widget\" data-e-type=\"widget\" data-settings=\"{&quot;mas_addons_sticky&quot;:&quot;no&quot;}\" data-widget_type=\"image.default\">\n\t\t\t\t<div class=\"elementor-widget-container\">\n\t\t\t\t\t\t\t\t\t\t\t\t\t\t\t<img fetchpriority=\"high\" decoding=\"async\" width=\"300\" height=\"298\" src=\"https:\/\/circular-iq.com\/wp-content\/uploads\/2024\/07\/roy2-300x298.png\" class=\"attachment-medium size-medium wp-image-12179\" alt=\"\" srcset=\"https:\/\/circular-iq.com\/wp-content\/uploads\/2024\/07\/roy2-300x298.png 300w, https:\/\/circular-iq.com\/wp-content\/uploads\/2024\/07\/roy2-150x150.png 150w, https:\/\/circular-iq.com\/wp-content\/uploads\/2024\/07\/roy2.png 600w\" sizes=\"(max-width: 300px) 100vw, 300px\" \/>\t\t\t\t\t\t\t\t\t\t\t\t\t\t\t<\/div>\n\t\t\t\t<\/div>\n\t\t\t\t<div class=\"elementor-element elementor-element-a6d5404 mas-addons-sticky-no elementor-widget elementor-widget-mas-creative-button\" data-id=\"a6d5404\" data-element_type=\"widget\" data-e-type=\"widget\" data-settings=\"{&quot;mas_addons_sticky&quot;:&quot;no&quot;}\" data-widget_type=\"mas-creative-button.default\">\n\t\t\t\t<div class=\"elementor-widget-container\">\n\t\t\t\t\t\t\t<div data-magnetic=\"no\" class=\"mas-creative-btn-wrap\">\r\n\t\t\t<a class=\"mas-creative-btn mas-stl--estilo mas-eft--dissolve\" href=\"https:\/\/roy.circular-iq.com\/\" target=\"_blank\" rel=\"nofollow\">Schedule a meeting with Roy<\/a>\r\n\t\t<\/div>\t\t\t\t<\/div>\n\t\t\t\t<\/div>\n\t\t\t\t<\/div>\n\t\t\t\t<\/div>\n\t\t\t\t\t<\/div>\n\t\t\t\t<\/div>\n\t\t\t\t<\/div>\n\t\t","protected":false},"excerpt":{"rendered":"<p>Vi \u00e4r h\u00e4r f\u00f6r att hj\u00e4lpa dig V\u00e5rt team best\u00e5r av erfarna och kunniga personer som arbetar inom omr\u00e5det cirkul\u00e4r ekonomi Schedule a meeting with Roy<\/p>\n","protected":false},"author":4,"featured_media":0,"parent":0,"menu_order":0,"comment_status":"closed","ping_status":"closed","template":"elementor_header_footer","meta":{"inline_featured_image":false,"two_page_speed":[],"footnotes":""},"class_list":["post-10512","page","type-page","status-publish","hentry"],"acf":[],"_links":{"self":[{"href":"https:\/\/circular-iq.com\/sv\/wp-json\/wp\/v2\/pages\/10512","targetHints":{"allow":["GET"]}}],"collection":[{"href":"https:\/\/circular-iq.com\/sv\/wp-json\/wp\/v2\/pages"}],"about":[{"href":"https:\/\/circular-iq.com\/sv\/wp-json\/wp\/v2\/types\/page"}],"author":[{"embeddable":true,"href":"https:\/\/circular-iq.com\/sv\/wp-json\/wp\/v2\/users\/4"}],"replies":[{"embeddable":true,"href":"https:\/\/circular-iq.com\/sv\/wp-json\/wp\/v2\/comments?post=10512"}],"version-history":[{"count":0,"href":"https:\/\/circular-iq.com\/sv\/wp-json\/wp\/v2\/pages\/10512\/revisions"}],"wp:attachment":[{"href":"https:\/\/circular-iq.com\/sv\/wp-json\/wp\/v2\/media?parent=10512"}],"curies":[{"name":"wp","href":"https:\/\/api.w.org\/{rel}","templated":true}]}}