{"id":11195,"date":"2024-09-30T01:11:57","date_gmt":"2024-09-30T01:11:57","guid":{"rendered":"https:\/\/circular-iq.com\/integritetspolicy\/"},"modified":"2024-11-17T02:02:35","modified_gmt":"2024-11-17T02:02:35","slug":"integritetspolicy","status":"publish","type":"page","link":"https:\/\/circular-iq.com\/sv\/integritetspolicy\/","title":{"rendered":"Integritetspolicy"},"content":{"rendered":"\t\t<div data-elementor-type=\"wp-page\" data-elementor-id=\"11195\" class=\"elementor elementor-11195 elementor-8862\" data-elementor-post-type=\"page\">\n\t\t\t\t<div class=\"elementor-element elementor-element-1c82a53 e-flex e-con-boxed e-con e-parent\" data-id=\"1c82a53\" data-element_type=\"container\" data-e-type=\"container\" data-settings=\"{&quot;background_background&quot;:&quot;classic&quot;}\">\n\t\t\t\t\t<div class=\"e-con-inner\">\n\t\t\t\t<div class=\"elementor-element elementor-element-13f462f mas-addons-sticky-no elementor-widget elementor-widget-heading\" data-id=\"13f462f\" data-element_type=\"widget\" data-e-type=\"widget\" data-settings=\"{&quot;mas_addons_sticky&quot;:&quot;no&quot;}\" data-widget_type=\"heading.default\">\n\t\t\t\t<div class=\"elementor-widget-container\">\n\t\t\t\t\t<h1 class=\"elementor-heading-title elementor-size-default\">Integritetspolicy<\/h1>\t\t\t\t<\/div>\n\t\t\t\t<\/div>\n\t\t\t\t<div class=\"elementor-element elementor-element-28b1f45 mas-addons-sticky-no elementor-widget elementor-widget-heading\" data-id=\"28b1f45\" data-element_type=\"widget\" data-e-type=\"widget\" data-settings=\"{&quot;mas_addons_sticky&quot;:&quot;no&quot;}\" data-widget_type=\"heading.default\">\n\t\t\t\t<div class=\"elementor-widget-container\">\n\t\t\t\t\t<span class=\"elementor-heading-title elementor-size-default\">Din integritet \u00e4r mycket viktig f\u00f6r oss.<\/span>\t\t\t\t<\/div>\n\t\t\t\t<\/div>\n\t\t\t\t\t<\/div>\n\t\t\t\t<\/div>\n\t\t<div class=\"elementor-element elementor-element-e786e1c e-flex e-con-boxed e-con e-parent\" data-id=\"e786e1c\" data-element_type=\"container\" data-e-type=\"container\">\n\t\t\t\t\t<div class=\"e-con-inner\">\n\t\t\t\t<div class=\"elementor-element elementor-element-3697590 mas-addons-sticky-no elementor-widget elementor-widget-heading\" data-id=\"3697590\" data-element_type=\"widget\" data-e-type=\"widget\" data-settings=\"{&quot;mas_addons_sticky&quot;:&quot;no&quot;}\" data-widget_type=\"heading.default\">\n\t\t\t\t<div class=\"elementor-widget-container\">\n\t\t\t\t\t<span class=\"elementor-heading-title elementor-size-default\">Circular IQ \u00e4r bel\u00e4get p\u00e5:<\/span>\t\t\t\t<\/div>\n\t\t\t\t<\/div>\n\t\t\t\t<div class=\"elementor-element elementor-element-c5f9e92 mas-addons-sticky-no elementor-widget elementor-widget-text-editor\" data-id=\"c5f9e92\" data-element_type=\"widget\" data-e-type=\"widget\" data-settings=\"{&quot;mas_addons_sticky&quot;:&quot;no&quot;}\" data-widget_type=\"text-editor.default\">\n\t\t\t\t<div class=\"elementor-widget-container\">\n\t\t\t\t\t\t\t\t\t<p>Circular IQ B.V.<br \/>Mauritskade 64<br \/>1092 AD, Amsterdam,<br \/>Nederl\u00e4nderna<\/p>\n\t\t\t\t\t\t\t\t<\/div>\n\t\t\t\t<\/div>\n\t\t\t\t<div class=\"elementor-element elementor-element-0b3892a mas-addons-sticky-no elementor-widget elementor-widget-text-editor\" data-id=\"0b3892a\" data-element_type=\"widget\" data-e-type=\"widget\" data-settings=\"{&quot;mas_addons_sticky&quot;:&quot;no&quot;}\" data-widget_type=\"text-editor.default\">\n\t\t\t\t<div class=\"elementor-widget-container\">\n\t\t\t\t\t\t\t\t\t<p>Det \u00e4r Circular IQ:s policy att respektera din integritet avseende all information som vi kan samla in n\u00e4r vi driver v\u00e5r webbplats. Denna integritetspolicy g\u00e4ller f\u00f6r <a href=\"https:\/\/circular-iq.com\/sv\/\">https:\/\/circular-iq.com\/<\/a> (h\u00e4danefter &#8220;<b>oss<\/b>&#8220;, &#8220;<b>vi<\/b>&#8221; eller &#8220;<a href=\"https:\/\/circular-iq.com\/sv\/\" target=\"_blank\"><b>https:\/\/circular-iq.com<\/b><\/a>&#8220;). Vi respekterar din integritet och \u00e4r fast beslutna att skydda personligt identifierbar information som du kan ge oss via webbplatsen. Vi har antagit denna sekretesspolicy (&#8220;<b>Sekretesspolicy<\/b>&#8220;) f\u00f6r att f\u00f6rklara vilken information som kan samlas in p\u00e5 v\u00e5r webbplats, hur vi anv\u00e4nder denna information och under vilka omst\u00e4ndigheter vi kan avsl\u00f6ja informationen till tredje part. Denna integritetspolicy g\u00e4ller endast f\u00f6r information som vi samlar in via webbplatsen och g\u00e4ller inte f\u00f6r v\u00e5r insamling av information fr\u00e5n andra k\u00e4llor.    <\/p>\n<p>Denna integritetspolicy, tillsammans med de villkor som publiceras p\u00e5 v\u00e5r webbplats, anger de allm\u00e4nna regler och policyer som styr din anv\u00e4ndning av v\u00e5r webbplats. Beroende p\u00e5 vad du g\u00f6r n\u00e4r du bes\u00f6ker v\u00e5r webbplats kan du beh\u00f6va samtycka till ytterligare villkor. <\/p>\t\t\t\t\t\t\t\t<\/div>\n\t\t\t\t<\/div>\n\t\t\t\t<div class=\"elementor-element elementor-element-af39c8d mas-addons-sticky-no elementor-widget elementor-widget-heading\" data-id=\"af39c8d\" data-element_type=\"widget\" data-e-type=\"widget\" data-settings=\"{&quot;mas_addons_sticky&quot;:&quot;no&quot;}\" data-widget_type=\"heading.default\">\n\t\t\t\t<div class=\"elementor-widget-container\">\n\t\t\t\t\t<h3 class=\"elementor-heading-title elementor-size-default\">Bes\u00f6kare p\u00e5 webbplatsen<\/h3>\t\t\t\t<\/div>\n\t\t\t\t<\/div>\n\t\t\t\t<div class=\"elementor-element elementor-element-d374fb5 mas-addons-sticky-no elementor-widget elementor-widget-text-editor\" data-id=\"d374fb5\" data-element_type=\"widget\" data-e-type=\"widget\" data-settings=\"{&quot;mas_addons_sticky&quot;:&quot;no&quot;}\" data-widget_type=\"text-editor.default\">\n\t\t\t\t<div class=\"elementor-widget-container\">\n\t\t\t\t\t\t\t\t\t<p>Som de flesta webbplatsoperat\u00f6rer samlar Circular IQ in icke-personligt identifierande information av den typ som webbl\u00e4sare och servrar vanligtvis g\u00f6r tillg\u00e4ngliga, till exempel webbl\u00e4sartyp, spr\u00e5kpreferens, referenswebbplats och datum och tid f\u00f6r varje bes\u00f6kares beg\u00e4ran. Circular IQ:s syfte med att samla in icke-personligt identifierande information \u00e4r att b\u00e4ttre f\u00f6rst\u00e5 hur Circular IQ:s bes\u00f6kare anv\u00e4nder sin webbplats. Fr\u00e5n tid till annan kan Circular IQ sl\u00e4ppa icke-personligt identifierande information i aggregatet, t.ex. genom att publicera en rapport om trender i anv\u00e4ndningen av sin webbplats.  <\/p>\n<p>Circular IQ samlar ocks\u00e5 in potentiellt personligt identifierande information som Internet Protocol (IP)-adresser f\u00f6r inloggade anv\u00e4ndare och f\u00f6r anv\u00e4ndare som l\u00e4mnar kommentarer p\u00e5 <a href=\"https:\/\/circular-iq.com\/sv\/\" target=\"_blank\" rel=\"noopener\">https:\/\/circular-iq.com\/<\/a> blogginl\u00e4gg. Circular IQ avsl\u00f6jar endast inloggade anv\u00e4ndares och kommentatorers IP-adresser under samma omst\u00e4ndigheter som den anv\u00e4nder och avsl\u00f6jar personligt identifierande information enligt beskrivningen nedan. <\/p>\n\t\t\t\t\t\t\t\t<\/div>\n\t\t\t\t<\/div>\n\t\t\t\t<div class=\"elementor-element elementor-element-194a8ee mas-addons-sticky-no elementor-widget elementor-widget-heading\" data-id=\"194a8ee\" data-element_type=\"widget\" data-e-type=\"widget\" data-settings=\"{&quot;mas_addons_sticky&quot;:&quot;no&quot;}\" data-widget_type=\"heading.default\">\n\t\t\t\t<div class=\"elementor-widget-container\">\n\t\t\t\t\t<h3 class=\"elementor-heading-title elementor-size-default\">Insamling av personidentifierande information<\/h3>\t\t\t\t<\/div>\n\t\t\t\t<\/div>\n\t\t\t\t<div class=\"elementor-element elementor-element-2aaa63d mas-addons-sticky-no elementor-widget elementor-widget-text-editor\" data-id=\"2aaa63d\" data-element_type=\"widget\" data-e-type=\"widget\" data-settings=\"{&quot;mas_addons_sticky&quot;:&quot;no&quot;}\" data-widget_type=\"text-editor.default\">\n\t\t\t\t<div class=\"elementor-widget-container\">\n\t\t\t\t\t\t\t\t\t<p>Vissa bes\u00f6kare p\u00e5 Circular IQ:s webbplatser v\u00e4ljer att interagera med Circular IQ p\u00e5 ett s\u00e4tt som kr\u00e4ver att Circular IQ samlar in personligt identifierande information. M\u00e4ngden och typen av information som Circular IQ samlar in beror p\u00e5 interaktionens natur. Till exempel ber vi bes\u00f6kare som registrerar sig f\u00f6r ett nyhetsbrev p\u00e5 <a href=\"https:\/\/circular-iq.com\/sv\/\" target=\"_blank\" rel=\"noopener\">https:\/\/circular-iq.com<\/a> att ange ett namn och en e-postadress.  <\/p>\n\t\t\t\t\t\t\t\t<\/div>\n\t\t\t\t<\/div>\n\t\t\t\t<div class=\"elementor-element elementor-element-bfd02fc mas-addons-sticky-no elementor-widget elementor-widget-heading\" data-id=\"bfd02fc\" data-element_type=\"widget\" data-e-type=\"widget\" data-settings=\"{&quot;mas_addons_sticky&quot;:&quot;no&quot;}\" data-widget_type=\"heading.default\">\n\t\t\t\t<div class=\"elementor-widget-container\">\n\t\t\t\t\t<h3 class=\"elementor-heading-title elementor-size-default\">S\u00e4kerhet<\/h3>\t\t\t\t<\/div>\n\t\t\t\t<\/div>\n\t\t\t\t<div class=\"elementor-element elementor-element-8fc29ce mas-addons-sticky-no elementor-widget elementor-widget-text-editor\" data-id=\"8fc29ce\" data-element_type=\"widget\" data-e-type=\"widget\" data-settings=\"{&quot;mas_addons_sticky&quot;:&quot;no&quot;}\" data-widget_type=\"text-editor.default\">\n\t\t\t\t<div class=\"elementor-widget-container\">\n\t\t\t\t\t\t\t\t\t<p>S\u00e4kerheten f\u00f6r dina personuppgifter \u00e4r viktig f\u00f6r oss, men kom ih\u00e5g att ingen metod f\u00f6r \u00f6verf\u00f6ring via Internet eller metod f\u00f6r elektronisk lagring \u00e4r 100% s\u00e4ker. Vi str\u00e4var efter att anv\u00e4nda kommersiellt godtagbara metoder f\u00f6r att skydda dina personuppgifter, men vi kan inte garantera att de \u00e4r helt s\u00e4kra. <\/p>\n\t\t\t\t\t\t\t\t<\/div>\n\t\t\t\t<\/div>\n\t\t\t\t<div class=\"elementor-element elementor-element-5189534 mas-addons-sticky-no elementor-widget elementor-widget-heading\" data-id=\"5189534\" data-element_type=\"widget\" data-e-type=\"widget\" data-settings=\"{&quot;mas_addons_sticky&quot;:&quot;no&quot;}\" data-widget_type=\"heading.default\">\n\t\t\t\t<div class=\"elementor-widget-container\">\n\t\t\t\t\t<h3 class=\"elementor-heading-title elementor-size-default\">L\u00e4nkar till externa webbplatser<\/h3>\t\t\t\t<\/div>\n\t\t\t\t<\/div>\n\t\t\t\t<div class=\"elementor-element elementor-element-d243404 mas-addons-sticky-no elementor-widget elementor-widget-text-editor\" data-id=\"d243404\" data-element_type=\"widget\" data-e-type=\"widget\" data-settings=\"{&quot;mas_addons_sticky&quot;:&quot;no&quot;}\" data-widget_type=\"text-editor.default\">\n\t\t\t\t<div class=\"elementor-widget-container\">\n\t\t\t\t\t\t\t\t\t<p>V\u00e5r tj\u00e4nst kan inneh\u00e5lla l\u00e4nkar till externa webbplatser som inte drivs av oss. Om du klickar p\u00e5 en l\u00e4nk till en tredje part kommer du att skickas till den tredje partens webbplats. Vi rekommenderar starkt att du granskar sekretesspolicyn och villkoren f\u00f6r varje webbplats du bes\u00f6ker.  <\/p>\n<p>Vi har ingen kontroll \u00f6ver och tar inget ansvar f\u00f6r inneh\u00e5ll, integritetspolicyer eller praxis p\u00e5 tredje parts webbplatser, produkter eller tj\u00e4nster.<\/p>\n\t\t\t\t\t\t\t\t<\/div>\n\t\t\t\t<\/div>\n\t\t\t\t<div class=\"elementor-element elementor-element-7fe5f18 mas-addons-sticky-no elementor-widget elementor-widget-heading\" data-id=\"7fe5f18\" data-element_type=\"widget\" data-e-type=\"widget\" data-settings=\"{&quot;mas_addons_sticky&quot;:&quot;no&quot;}\" data-widget_type=\"heading.default\">\n\t\t\t\t<div class=\"elementor-widget-container\">\n\t\t\t\t\t<h3 class=\"elementor-heading-title elementor-size-default\">Aggregerad statistik<\/h3>\t\t\t\t<\/div>\n\t\t\t\t<\/div>\n\t\t\t\t<div class=\"elementor-element elementor-element-f865e3f mas-addons-sticky-no elementor-widget elementor-widget-text-editor\" data-id=\"f865e3f\" data-element_type=\"widget\" data-e-type=\"widget\" data-settings=\"{&quot;mas_addons_sticky&quot;:&quot;no&quot;}\" data-widget_type=\"text-editor.default\">\n\t\t\t\t<div class=\"elementor-widget-container\">\n\t\t\t\t\t\t\t\t\t<p>Circular IQ kan samla in statistik om beteendet hos bes\u00f6kare p\u00e5 sin webbplats. Circular IQ kan visa denna information offentligt eller tillhandah\u00e5lla den till andra. Circular IQ avsl\u00f6jar dock inte din personligt identifierande information.  <\/p>\n\t\t\t\t\t\t\t\t<\/div>\n\t\t\t\t<\/div>\n\t\t\t\t<div class=\"elementor-element elementor-element-01d127f mas-addons-sticky-no elementor-widget elementor-widget-heading\" data-id=\"01d127f\" data-element_type=\"widget\" data-e-type=\"widget\" data-settings=\"{&quot;mas_addons_sticky&quot;:&quot;no&quot;}\" data-widget_type=\"heading.default\">\n\t\t\t\t<div class=\"elementor-widget-container\">\n\t\t\t\t\t<h3 class=\"elementor-heading-title elementor-size-default\">Kakor<\/h3>\t\t\t\t<\/div>\n\t\t\t\t<\/div>\n\t\t\t\t<div class=\"elementor-element elementor-element-dcae305 mas-addons-sticky-no elementor-widget elementor-widget-text-editor\" data-id=\"dcae305\" data-element_type=\"widget\" data-e-type=\"widget\" data-settings=\"{&quot;mas_addons_sticky&quot;:&quot;no&quot;}\" data-widget_type=\"text-editor.default\">\n\t\t\t\t<div class=\"elementor-widget-container\">\n\t\t\t\t\t\t\t\t\t<p>F\u00f6r att berika och f\u00f6rb\u00e4ttra din onlineupplevelse anv\u00e4nder Circular IQ &#8220;<b>cookies<\/b>&#8220;, liknande teknik och tj\u00e4nster som tillhandah\u00e5lls av andra f\u00f6r att visa personligt inneh\u00e5ll, l\u00e4mplig annonsering och lagra dina preferenser p\u00e5 din dator.<\/p>\n<p>En cookie \u00e4r en str\u00e4ng med information som en webbplats lagrar p\u00e5 en bes\u00f6kares dator och som bes\u00f6karens webbl\u00e4sare tillhandah\u00e5ller webbplatsen varje g\u00e5ng bes\u00f6karen \u00e5terv\u00e4nder. Circular IQ anv\u00e4nder cookies f\u00f6r att hj\u00e4lpa Circular IQ att identifiera och sp\u00e5ra bes\u00f6kare, deras anv\u00e4ndning av <a href=\"https:\/\/circular-iq.com\/sv\/\" target=\"_blank\" rel=\"noopener\">https:\/\/circular-iq.com<\/a> och deras preferenser f\u00f6r \u00e5tkomst till webbplatsen. Circular IQ-bes\u00f6kare som inte vill ha cookies placerade p\u00e5 sina datorer b\u00f6r st\u00e4lla in sina webbl\u00e4sare s\u00e5 att de nekar cookies innan de anv\u00e4nder Circular IQ:s webbplatser, med nackdelen att vissa funktioner p\u00e5 Circular IQ:s webbplatser kanske inte fungerar korrekt utan hj\u00e4lp av cookies.  <\/p>\n<p>Genom att forts\u00e4tta navigera p\u00e5 v\u00e5r webbplats utan att \u00e4ndra dina cookie-inst\u00e4llningar bekr\u00e4ftar och godk\u00e4nner du Circular IQ:s anv\u00e4ndning av cookies.<\/p>\n\t\t\t\t\t\t\t\t<\/div>\n\t\t\t\t<\/div>\n\t\t\t\t<div class=\"elementor-element elementor-element-af40253 mas-addons-sticky-no elementor-widget elementor-widget-heading\" data-id=\"af40253\" data-element_type=\"widget\" data-e-type=\"widget\" data-settings=\"{&quot;mas_addons_sticky&quot;:&quot;no&quot;}\" data-widget_type=\"heading.default\">\n\t\t\t\t<div class=\"elementor-widget-container\">\n\t\t\t\t\t<h3 class=\"elementor-heading-title elementor-size-default\">\u00c4ndringar i integritetspolicyn<\/h3>\t\t\t\t<\/div>\n\t\t\t\t<\/div>\n\t\t\t\t<div class=\"elementor-element elementor-element-321f576 mas-addons-sticky-no elementor-widget elementor-widget-text-editor\" data-id=\"321f576\" data-element_type=\"widget\" data-e-type=\"widget\" data-settings=\"{&quot;mas_addons_sticky&quot;:&quot;no&quot;}\" data-widget_type=\"text-editor.default\">\n\t\t\t\t<div class=\"elementor-widget-container\">\n\t\t\t\t\t\t\t\t\t<p>\u00c4ven om de flesta f\u00f6r\u00e4ndringar sannolikt kommer att vara mindre, kan Circular IQ \u00e4ndra sin integritetspolicy fr\u00e5n tid till annan och efter Circular IQs eget gottfinnande. Circular IQ uppmuntrar bes\u00f6kare att ofta kontrollera denna sida f\u00f6r eventuella \u00e4ndringar i sin sekretesspolicy. Din fortsatta anv\u00e4ndning av denna webbplats efter n\u00e5gon \u00e4ndring i denna sekretesspolicy kommer att utg\u00f6ra ditt godk\u00e4nnande av s\u00e5dan \u00e4ndring.  <\/p>\n\t\t\t\t\t\t\t\t<\/div>\n\t\t\t\t<\/div>\n\t\t\t\t<div class=\"elementor-element elementor-element-fe993fe mas-addons-sticky-no elementor-widget elementor-widget-heading\" data-id=\"fe993fe\" data-element_type=\"widget\" data-e-type=\"widget\" data-settings=\"{&quot;mas_addons_sticky&quot;:&quot;no&quot;}\" data-widget_type=\"heading.default\">\n\t\t\t\t<div class=\"elementor-widget-container\">\n\t\t\t\t\t<h3 class=\"elementor-heading-title elementor-size-default\">Kontaktuppgifter<\/h3>\t\t\t\t<\/div>\n\t\t\t\t<\/div>\n\t\t\t\t<div class=\"elementor-element elementor-element-a68e390 mas-addons-sticky-no elementor-widget elementor-widget-text-editor\" data-id=\"a68e390\" data-element_type=\"widget\" data-e-type=\"widget\" data-settings=\"{&quot;mas_addons_sticky&quot;:&quot;no&quot;}\" data-widget_type=\"text-editor.default\">\n\t\t\t\t<div class=\"elementor-widget-container\">\n\t\t\t\t\t\t\t\t\t<p>Om du har n\u00e5gra fr\u00e5gor om denna integritetspolicy, v\u00e4nligen kontakta oss via <a href=\"mailto:in**@*********iq.com\" data-original-string=\"lfpHU4XGgDELxDt+xFezMQ==3f8bsdFmFengtu6o4uZYXJLDfexKorLnNw6fSeWNT9g5Vo=\" title=\"This contact has been encoded by Anti-Spam by CleanTalk. Click to decode. To finish the decoding make sure that JavaScript is enabled in your browser.\" target=\"_blank\" rel=\"noopener\">e-post<\/a> eller <a href=\"http:\/\/tel:0031202101247\" target=\"_blank\" rel=\"noopener\">telefon<\/a><\/p>\n\t\t\t\t\t\t\t\t<\/div>\n\t\t\t\t<\/div>\n\t\t\t\t\t<\/div>\n\t\t\t\t<\/div>\n\t\t\t\t<\/div>\n\t\t","protected":false},"excerpt":{"rendered":"<p>Integritetspolicy Din integritet \u00e4r mycket viktig f\u00f6r oss. Circular IQ \u00e4r bel\u00e4get p\u00e5: Circular IQ B.V.Mauritskade 641092 AD, Amsterdam,Nederl\u00e4nderna Det \u00e4r Circular IQ:s policy att respektera din integritet avseende all information som vi kan samla in n\u00e4r vi driver v\u00e5r webbplats. Denna integritetspolicy g\u00e4ller f\u00f6r https:\/\/circular-iq.com\/ (h\u00e4danefter &#8220;oss&#8220;, &#8220;vi&#8221; eller &#8220;https:\/\/circular-iq.com&#8220;). Vi respekterar din integritet [&hellip;]<\/p>\n","protected":false},"author":7,"featured_media":0,"parent":0,"menu_order":0,"comment_status":"closed","ping_status":"closed","template":"elementor_header_footer","meta":{"inline_featured_image":false,"two_page_speed":[],"footnotes":""},"class_list":["post-11195","page","type-page","status-publish","hentry"],"acf":[],"_links":{"self":[{"href":"https:\/\/circular-iq.com\/sv\/wp-json\/wp\/v2\/pages\/11195","targetHints":{"allow":["GET"]}}],"collection":[{"href":"https:\/\/circular-iq.com\/sv\/wp-json\/wp\/v2\/pages"}],"about":[{"href":"https:\/\/circular-iq.com\/sv\/wp-json\/wp\/v2\/types\/page"}],"author":[{"embeddable":true,"href":"https:\/\/circular-iq.com\/sv\/wp-json\/wp\/v2\/users\/7"}],"replies":[{"embeddable":true,"href":"https:\/\/circular-iq.com\/sv\/wp-json\/wp\/v2\/comments?post=11195"}],"version-history":[{"count":0,"href":"https:\/\/circular-iq.com\/sv\/wp-json\/wp\/v2\/pages\/11195\/revisions"}],"wp:attachment":[{"href":"https:\/\/circular-iq.com\/sv\/wp-json\/wp\/v2\/media?parent=11195"}],"curies":[{"name":"wp","href":"https:\/\/api.w.org\/{rel}","templated":true}]}}