{"id":12249,"date":"2024-10-02T10:43:23","date_gmt":"2024-10-02T10:43:23","guid":{"rendered":"https:\/\/circular-iq.com\/allmanna-villkor-och-bestammelser\/"},"modified":"2024-11-17T02:05:10","modified_gmt":"2024-11-17T02:05:10","slug":"allmanna-villkor-och-bestammelser","status":"publish","type":"page","link":"https:\/\/circular-iq.com\/sv\/allmanna-villkor-och-bestammelser\/","title":{"rendered":"Allm\u00e4nna villkor och best\u00e4mmelser"},"content":{"rendered":"\t\t<div data-elementor-type=\"wp-page\" data-elementor-id=\"12249\" class=\"elementor elementor-12249 elementor-8906\" data-elementor-post-type=\"page\">\n\t\t\t\t<div class=\"elementor-element elementor-element-24f208d3 e-flex e-con-boxed e-con e-parent\" data-id=\"24f208d3\" data-element_type=\"container\" data-e-type=\"container\" data-settings=\"{&quot;background_background&quot;:&quot;classic&quot;}\">\n\t\t\t\t\t<div class=\"e-con-inner\">\n\t\t\t\t<div class=\"elementor-element elementor-element-25b0f45f mas-addons-sticky-no elementor-widget elementor-widget-heading\" data-id=\"25b0f45f\" data-element_type=\"widget\" data-e-type=\"widget\" data-settings=\"{&quot;mas_addons_sticky&quot;:&quot;no&quot;}\" data-widget_type=\"heading.default\">\n\t\t\t\t<div class=\"elementor-widget-container\">\n\t\t\t\t\t<h1 class=\"elementor-heading-title elementor-size-default\">Allm\u00e4nna villkor och best\u00e4mmelser<\/h1>\t\t\t\t<\/div>\n\t\t\t\t<\/div>\n\t\t\t\t\t<\/div>\n\t\t\t\t<\/div>\n\t\t<div class=\"elementor-element elementor-element-2dbde015 e-flex e-con-boxed e-con e-parent\" data-id=\"2dbde015\" data-element_type=\"container\" data-e-type=\"container\">\n\t\t\t\t\t<div class=\"e-con-inner\">\n\t\t\t\t<div class=\"elementor-element elementor-element-25b31c18 mas-addons-sticky-no elementor-widget elementor-widget-text-editor\" data-id=\"25b31c18\" data-element_type=\"widget\" data-e-type=\"widget\" data-settings=\"{&quot;mas_addons_sticky&quot;:&quot;no&quot;}\" data-widget_type=\"text-editor.default\">\n\t\t\t\t<div class=\"elementor-widget-container\">\n\t\t\t\t\t\t\t\t\t<p>V\u00e4nligen <a href=\"https:\/\/circular-iq.com\/wp-content\/uploads\/2024\/10\/2021-11-16-Terms-of-Service-CIQ.pdf\" target=\"_blank\" rel=\"noopener noreferrer\">klicka h\u00e4r<\/a> f\u00f6r att l\u00e4sa v\u00e5ra allm\u00e4nna villkor (pdf nedladdning).<\/p>\n\t\t\t\t\t\t\t\t<\/div>\n\t\t\t\t<\/div>\n\t\t\t\t\t<\/div>\n\t\t\t\t<\/div>\n\t\t\t\t<\/div>\n\t\t","protected":false},"excerpt":{"rendered":"<p>Allm\u00e4nna villkor och best\u00e4mmelser V\u00e4nligen klicka h\u00e4r f\u00f6r att l\u00e4sa v\u00e5ra allm\u00e4nna villkor (pdf nedladdning).<\/p>\n","protected":false},"author":4,"featured_media":0,"parent":0,"menu_order":0,"comment_status":"closed","ping_status":"closed","template":"elementor_header_footer","meta":{"inline_featured_image":false,"two_page_speed":[],"footnotes":""},"class_list":["post-12249","page","type-page","status-publish","hentry"],"acf":[],"_links":{"self":[{"href":"https:\/\/circular-iq.com\/sv\/wp-json\/wp\/v2\/pages\/12249","targetHints":{"allow":["GET"]}}],"collection":[{"href":"https:\/\/circular-iq.com\/sv\/wp-json\/wp\/v2\/pages"}],"about":[{"href":"https:\/\/circular-iq.com\/sv\/wp-json\/wp\/v2\/types\/page"}],"author":[{"embeddable":true,"href":"https:\/\/circular-iq.com\/sv\/wp-json\/wp\/v2\/users\/4"}],"replies":[{"embeddable":true,"href":"https:\/\/circular-iq.com\/sv\/wp-json\/wp\/v2\/comments?post=12249"}],"version-history":[{"count":0,"href":"https:\/\/circular-iq.com\/sv\/wp-json\/wp\/v2\/pages\/12249\/revisions"}],"wp:attachment":[{"href":"https:\/\/circular-iq.com\/sv\/wp-json\/wp\/v2\/media?parent=12249"}],"curies":[{"name":"wp","href":"https:\/\/api.w.org\/{rel}","templated":true}]}}