{"id":12251,"date":"2024-09-30T01:27:26","date_gmt":"2024-09-30T01:27:26","guid":{"rendered":"https:\/\/circular-iq.com\/ansvarsfriskrivning\/"},"modified":"2024-11-17T02:05:09","modified_gmt":"2024-11-17T02:05:09","slug":"ansvarsfriskrivning","status":"publish","type":"page","link":"https:\/\/circular-iq.com\/sv\/ansvarsfriskrivning\/","title":{"rendered":"Ansvarsfriskrivning"},"content":{"rendered":"\t\t<div data-elementor-type=\"wp-page\" data-elementor-id=\"12251\" class=\"elementor elementor-12251 elementor-8878\" data-elementor-post-type=\"page\">\n\t\t\t\t<div class=\"elementor-element elementor-element-24f208d3 e-flex e-con-boxed e-con e-parent\" data-id=\"24f208d3\" data-element_type=\"container\" data-e-type=\"container\" data-settings=\"{&quot;background_background&quot;:&quot;classic&quot;}\">\n\t\t\t\t\t<div class=\"e-con-inner\">\n\t\t\t\t<div class=\"elementor-element elementor-element-25b0f45f mas-addons-sticky-no elementor-widget elementor-widget-heading\" data-id=\"25b0f45f\" data-element_type=\"widget\" data-e-type=\"widget\" data-settings=\"{&quot;mas_addons_sticky&quot;:&quot;no&quot;}\" data-widget_type=\"heading.default\">\n\t\t\t\t<div class=\"elementor-widget-container\">\n\t\t\t\t\t<h1 class=\"elementor-heading-title elementor-size-default\">Ansvarsfriskrivning<\/h1>\t\t\t\t<\/div>\n\t\t\t\t<\/div>\n\t\t\t\t\t<\/div>\n\t\t\t\t<\/div>\n\t\t<div class=\"elementor-element elementor-element-2dbde015 e-flex e-con-boxed e-con e-parent\" data-id=\"2dbde015\" data-element_type=\"container\" data-e-type=\"container\">\n\t\t\t\t\t<div class=\"e-con-inner\">\n\t\t\t\t<div class=\"elementor-element elementor-element-66bbd931 mas-addons-sticky-no elementor-widget elementor-widget-heading\" data-id=\"66bbd931\" data-element_type=\"widget\" data-e-type=\"widget\" data-settings=\"{&quot;mas_addons_sticky&quot;:&quot;no&quot;}\" data-widget_type=\"heading.default\">\n\t\t\t\t<div class=\"elementor-widget-container\">\n\t\t\t\t\t<span class=\"elementor-heading-title elementor-size-default\">Om du beh\u00f6ver mer information eller har n\u00e5gra fr\u00e5gor om v\u00e5r webbplats ansvarsfriskrivning:<\/span>\t\t\t\t<\/div>\n\t\t\t\t<\/div>\n\t\t\t\t<div class=\"elementor-element elementor-element-24bd5850 mas-addons-sticky-no elementor-widget elementor-widget-text-editor\" data-id=\"24bd5850\" data-element_type=\"widget\" data-e-type=\"widget\" data-settings=\"{&quot;mas_addons_sticky&quot;:&quot;no&quot;}\" data-widget_type=\"text-editor.default\">\n\t\t\t\t<div class=\"elementor-widget-container\">\n\t\t\t\t\t\t\t\t\t<p>Du \u00e4r v\u00e4lkommen att kontakta oss via e-post p\u00e5 <a href=\"mailto:in**@*********iq.com\" data-original-string=\"DzHOYNdl3l1nZBq0md5qvg==3f82hq5ogtf3y1NpI6zPO5V+jd31xoTBdnEv+qEtBDg0Ko=\" title=\"This contact has been encoded by Anti-Spam by CleanTalk. Click to decode. To finish the decoding make sure that JavaScript is enabled in your browser.\"><span \n                data-original-string='g3o7fmMJ0sQoRlbDMcZ54A==3f8hfjlqmMy4C\/AA3OVM+q8O97LCOcPlF0vKO4eqgaMOeY='\n                class='apbct-email-encoder'\n                title='This contact has been encoded by Anti-Spam by CleanTalk. Click to decode. To finish the decoding make sure that JavaScript is enabled in your browser.'>in<span class=\"apbct-blur\">**<\/span>@<span class=\"apbct-blur\">*********<\/span>iq.com<\/span><\/a><\/p>\n\t\t\t\t\t\t\t\t<\/div>\n\t\t\t\t<\/div>\n\t\t\t\t<div class=\"elementor-element elementor-element-5c0cb35d mas-addons-sticky-no elementor-widget elementor-widget-heading\" data-id=\"5c0cb35d\" data-element_type=\"widget\" data-e-type=\"widget\" data-settings=\"{&quot;mas_addons_sticky&quot;:&quot;no&quot;}\" data-widget_type=\"heading.default\">\n\t\t\t\t<div class=\"elementor-widget-container\">\n\t\t\t\t\t<h3 class=\"elementor-heading-title elementor-size-default\">Friskrivningsklausuler f\u00f6r Circular IQs webbplats<\/h3>\t\t\t\t<\/div>\n\t\t\t\t<\/div>\n\t\t\t\t<div class=\"elementor-element elementor-element-4c06c461 mas-addons-sticky-no elementor-widget elementor-widget-text-editor\" data-id=\"4c06c461\" data-element_type=\"widget\" data-e-type=\"widget\" data-settings=\"{&quot;mas_addons_sticky&quot;:&quot;no&quot;}\" data-widget_type=\"text-editor.default\">\n\t\t\t\t<div class=\"elementor-widget-container\">\n\t\t\t\t\t\t\t\t\t<p>All information p\u00e5 denna webbplats <a href=\"https:\/\/circular-iq.com\/sv\/\">&#8211;<\/a> https:\/\/circular-iq.com\/ &#8211; publiceras i god tro och endast f\u00f6r allm\u00e4nt informations\u00e4ndam\u00e5l. Circular IQ-webbplatsen ger inga garantier om fullst\u00e4ndigheten, tillf\u00f6rlitligheten och noggrannheten i denna information. Alla \u00e5tg\u00e4rder som du vidtar p\u00e5 grundval av den information du hittar p\u00e5 denna webbplats (Circular IQ-webbplatsen) sker strikt p\u00e5 egen risk. Circular IQs webbplats ansvarar inte f\u00f6r n\u00e5gra f\u00f6rluster och\/eller skador i samband med anv\u00e4ndningen av v\u00e5r webbplats. V\u00e5r ansvarsfriskrivning genererades med hj\u00e4lp av <a href=\"https:\/\/disclaimergenerator.net\/\" target=\"_blank\" rel=\"noopener\">Disclaimer Generator<\/a> och <a style=\"font-size: var( --e-global-typography-3a65872-font-size ); font-weight: var( --e-global-typography-3a65872-font-weight ); letter-spacing: var( --e-global-typography-3a65872-letter-spacing ); word-spacing: var( --e-global-typography-3a65872-word-spacing ); text-align: var(--text-align); background-color: #ffffff;\" href=\"https:\/\/disclaimer-template.com\/\" target=\"_blank\" rel=\"noopener\">Disclaimer Template.<\/a>    <\/p>\n<p>Fr\u00e5n v\u00e5r webbplats kan du bes\u00f6ka andra webbplatser genom att f\u00f6lja hyperl\u00e4nkar till s\u00e5dana externa webbplatser. \u00c4ven om vi str\u00e4var efter att endast tillhandah\u00e5lla kvalitetsl\u00e4nkar till anv\u00e4ndbara och etiska webbplatser, har vi ingen kontroll \u00f6ver inneh\u00e5llet och karakt\u00e4ren p\u00e5 dessa webbplatser. Dessa l\u00e4nkar till andra webbplatser inneb\u00e4r inte en rekommendation f\u00f6r allt inneh\u00e5ll som finns p\u00e5 dessa webbplatser. Webbplats\u00e4gare och inneh\u00e5ll kan \u00e4ndras utan f\u00f6reg\u00e5ende meddelande och kan intr\u00e4ffa innan vi har m\u00f6jlighet att ta bort en l\u00e4nk som kan ha blivit &#8220;d\u00e5lig&#8221;.   <\/p>\n<p>Var ocks\u00e5 medveten om att n\u00e4r du l\u00e4mnar v\u00e5r webbplats kan andra webbplatser ha andra sekretesspolicyer och villkor som ligger utanf\u00f6r v\u00e5r kontroll. Var noga med att kontrollera sekretesspolicyn f\u00f6r dessa webbplatser samt deras &#8220;<b>anv\u00e4ndarvillkor<\/b>&#8221; innan du deltar i n\u00e5gon verksamhet eller laddar upp n\u00e5gon information. <\/p>\n\t\t\t\t\t\t\t\t<\/div>\n\t\t\t\t<\/div>\n\t\t\t\t<div class=\"elementor-element elementor-element-7d9597e3 mas-addons-sticky-no elementor-widget elementor-widget-heading\" data-id=\"7d9597e3\" data-element_type=\"widget\" data-e-type=\"widget\" data-settings=\"{&quot;mas_addons_sticky&quot;:&quot;no&quot;}\" data-widget_type=\"heading.default\">\n\t\t\t\t<div class=\"elementor-widget-container\">\n\t\t\t\t\t<h3 class=\"elementor-heading-title elementor-size-default\">Samtycke<\/h3>\t\t\t\t<\/div>\n\t\t\t\t<\/div>\n\t\t\t\t<div class=\"elementor-element elementor-element-1f77bfdf mas-addons-sticky-no elementor-widget elementor-widget-text-editor\" data-id=\"1f77bfdf\" data-element_type=\"widget\" data-e-type=\"widget\" data-settings=\"{&quot;mas_addons_sticky&quot;:&quot;no&quot;}\" data-widget_type=\"text-editor.default\">\n\t\t\t\t<div class=\"elementor-widget-container\">\n\t\t\t\t\t\t\t\t\t<p>Genom att anv\u00e4nda v\u00e5r webbplats godk\u00e4nner du h\u00e4rmed v\u00e5r ansvarsfriskrivning och samtycker till dess villkor.<\/p>\n\t\t\t\t\t\t\t\t<\/div>\n\t\t\t\t<\/div>\n\t\t\t\t<div class=\"elementor-element elementor-element-105a9bf9 mas-addons-sticky-no elementor-widget elementor-widget-heading\" data-id=\"105a9bf9\" data-element_type=\"widget\" data-e-type=\"widget\" data-settings=\"{&quot;mas_addons_sticky&quot;:&quot;no&quot;}\" data-widget_type=\"heading.default\">\n\t\t\t\t<div class=\"elementor-widget-container\">\n\t\t\t\t\t<h3 class=\"elementor-heading-title elementor-size-default\">Uppdatering<\/h3>\t\t\t\t<\/div>\n\t\t\t\t<\/div>\n\t\t\t\t<div class=\"elementor-element elementor-element-25b31c18 mas-addons-sticky-no elementor-widget elementor-widget-text-editor\" data-id=\"25b31c18\" data-element_type=\"widget\" data-e-type=\"widget\" data-settings=\"{&quot;mas_addons_sticky&quot;:&quot;no&quot;}\" data-widget_type=\"text-editor.default\">\n\t\t\t\t<div class=\"elementor-widget-container\">\n\t\t\t\t\t\t\t\t\t<p>Om vi uppdaterar, kompletterar eller g\u00f6r \u00e4ndringar i detta dokument kommer dessa \u00e4ndringar att publiceras h\u00e4r p\u00e5 en framtr\u00e4dande plats.<\/p>\n\t\t\t\t\t\t\t\t<\/div>\n\t\t\t\t<\/div>\n\t\t\t\t\t<\/div>\n\t\t\t\t<\/div>\n\t\t\t\t<\/div>\n\t\t","protected":false},"excerpt":{"rendered":"<p>Ansvarsfriskrivning Om du beh\u00f6ver mer information eller har n\u00e5gra fr\u00e5gor om v\u00e5r webbplats ansvarsfriskrivning: Du \u00e4r v\u00e4lkommen att kontakta oss via e-post p\u00e5 in**@*********iq.com Friskrivningsklausuler f\u00f6r Circular IQs webbplats All information p\u00e5 denna webbplats &#8211; https:\/\/circular-iq.com\/ &#8211; publiceras i god tro och endast f\u00f6r allm\u00e4nt informations\u00e4ndam\u00e5l. Circular IQ-webbplatsen ger inga garantier om fullst\u00e4ndigheten, tillf\u00f6rlitligheten och [&hellip;]<\/p>\n","protected":false},"author":7,"featured_media":0,"parent":0,"menu_order":0,"comment_status":"closed","ping_status":"closed","template":"elementor_header_footer","meta":{"inline_featured_image":false,"two_page_speed":[],"footnotes":""},"class_list":["post-12251","page","type-page","status-publish","hentry"],"acf":[],"_links":{"self":[{"href":"https:\/\/circular-iq.com\/sv\/wp-json\/wp\/v2\/pages\/12251","targetHints":{"allow":["GET"]}}],"collection":[{"href":"https:\/\/circular-iq.com\/sv\/wp-json\/wp\/v2\/pages"}],"about":[{"href":"https:\/\/circular-iq.com\/sv\/wp-json\/wp\/v2\/types\/page"}],"author":[{"embeddable":true,"href":"https:\/\/circular-iq.com\/sv\/wp-json\/wp\/v2\/users\/7"}],"replies":[{"embeddable":true,"href":"https:\/\/circular-iq.com\/sv\/wp-json\/wp\/v2\/comments?post=12251"}],"version-history":[{"count":0,"href":"https:\/\/circular-iq.com\/sv\/wp-json\/wp\/v2\/pages\/12251\/revisions"}],"wp:attachment":[{"href":"https:\/\/circular-iq.com\/sv\/wp-json\/wp\/v2\/media?parent=12251"}],"curies":[{"name":"wp","href":"https:\/\/api.w.org\/{rel}","templated":true}]}}